{"id":49220,"date":"2024-02-27T20:07:48","date_gmt":"2024-02-27T12:07:48","guid":{"rendered":"https:\/\/gretasexylingerie.com\/?post_type=product&#038;p=49220"},"modified":"2024-02-29T13:46:42","modified_gmt":"2024-02-29T05:46:42","slug":"engros-inspireret-bondage-saet","status":"publish","type":"product","link":"https:\/\/gretasexylingerie.com\/da\/products\/wholesale-inspired-bondage-set\/","title":{"rendered":"Engros Fifty Shades of Grey Inspireret Bondage Set"},"content":{"rendered":"<p><strong>Fortryllende sommerfugltema<\/strong>: V\u00e5g dig ind i en verden af fantasi med et bondage-s\u00e6t, der fletter sk\u00f8nhed og tilbageholdenhed sammen. De metal-galvaniserede sommerfugle tilf\u00f8jer et strejf af finurlighed og elegance, der s\u00e6tter dette ind <strong>let bondage gear<\/strong> adskilt som et kunstv\u00e6rk lige s\u00e5 meget som en samling af begr\u00e6nsninger.<\/p>\n\n\n\n<p><strong>Levende kontrasterende farver<\/strong>: Den sl\u00e5ende kontrast af sort-r\u00f8de og bl\u00e5-r\u00f8de nuancer bringer et ekstra lag af visuel appel til s\u00e6ttet. Disse farver fremh\u00e6ver ikke kun \u00e6stetikken, men symboliserer ogs\u00e5 passionen og intensiteten af de oplevelser, den lover at l\u00e5se op.<\/p>\n\n\n\n<p><strong>Omfattende samling til udforskning<\/strong>: Designet til dem, der begiver sig ud p\u00e5 deres S&amp;M-rejse, dette <strong>s&amp;m starts\u00e6t<\/strong> inkluderer en l\u00e6derpagaj, bind for \u00f8jnene, snor, h\u00e5ndjern, ankelmanchetter, kraver, et krydssp\u00e6nde og en gag. Det er et udvalgt udvalg af v\u00e6sentlige ting, der tilbyder en sikker og stilfuld introduktion til dynamikken i powerplay.<\/p>\n\n\n\n<p><strong>Materialer af h\u00f8j kvalitet<\/strong>: Udformet med h\u00f8jkvalitets PU og robust hardware, hvert stykke i s\u00e6ttet er bygget til holdbarhed og komfort. Materialerne er valgt for at sikre en sikker pasform og for at modst\u00e5 belastningen ved passioneret brug, hvilket giver ro i sindet sammen med forn\u00f8jelse.<\/p>\n\n\n\n<p><strong>Tematisk sammenh\u00e6ng og alsidighed<\/strong>: Krydssommerfugltemaet l\u00f8ber gennem hvert stykke og skaber en sammenh\u00e6ngende og fordybende oplevelse. Dette s\u00e6t er alsidigt nok til at im\u00f8dekomme en r\u00e6kke pr\u00e6ferencer, fra dem, der s\u00f8ger forlokkelsen af let tr\u00e6ldom til entusiaster, der \u00f8nsker at tilf\u00f8je et tematisk element til deres spil.<\/p>\n\n\n\n<p><strong>Diskret opbevaring og pleje<\/strong>: S\u00e6ttets gennemt\u00e6nkte design str\u00e6kker sig til opbevaring, hvor hvert stykke nemt kan organiseres for diskretion. Det er et nik til vigtigheden af privatliv og pleje af din investering, hvilket sikrer, at s\u00e6ttet forbliver en v\u00e6rdsat del af din samling.<\/p>\n\n\n\n<p>Dyk ned i beg\u00e6rets dybder med vores bondages\u00e6t med sommerfugltema, inspireret af de ikoniske &quot;Fifty Shades of Grey&quot;. Det er en invitation til at udforske gr\u00e6nserne for forn\u00f8jelse og tilbageholdenhed, pakket ind i sk\u00f8nheden af en sommerfugls forvandling. Bestil nu, og fold din fantasis vinger ud!<\/p>","protected":false},"excerpt":{"rendered":"<p>Fordyb dig i vores delikate, men dristige verden <strong>halvtreds nuancer af gr\u00e5 bondage s\u00e6t<\/strong>, med et kors sommerfugltema prydet med metal galvaniserede sommerfugle. Dette omfattende s\u00e6t kombinerer h\u00f8jkvalitets PU-hardware i f\u00e6ngslende sort-r\u00f8de og bl\u00e5-r\u00f8de kontraster.<\/p>","protected":false},"featured_media":49214,"template":"","meta":[],"product_brand":[],"product_cat":[1059,1061],"product_tag":[],"class_list":{"0":"post-49220","1":"product","2":"type-product","3":"status-publish","4":"has-post-thumbnail","6":"product_cat-wholesale-bondage-equipment","7":"product_cat-wholesale-bondage-gear","8":"pa_color-black","9":"pa_color-red-women-sexy-lingerie","11":"first","12":"instock","13":"taxable","14":"shipping-taxable","15":"purchasable","16":"product-type-variable"},"tiered_pricing_type":"fixed","tiered_pricing_fixed_rules":[],"tiered_pricing_product_settings":{"layout":"table","base_unit_name":{"singular":null,"plural":null},"default_variation":null},"tiered_pricing_minimum_quantity":null,"tiered_pricing_roles_data":[],"tiered_pricing_percentage_rules":[],"tiered_pricing_maximum_quantity":null,"tiered_pricing_quantity_step":null,"_links":{"self":[{"href":"https:\/\/gretasexylingerie.com\/da\/wp-json\/wp\/v2\/product\/49220","targetHints":{"allow":["GET"]}}],"collection":[{"href":"https:\/\/gretasexylingerie.com\/da\/wp-json\/wp\/v2\/product"}],"about":[{"href":"https:\/\/gretasexylingerie.com\/da\/wp-json\/wp\/v2\/types\/product"}],"wp:featuredmedia":[{"embeddable":true,"href":"https:\/\/gretasexylingerie.com\/da\/wp-json\/wp\/v2\/media\/49214"}],"wp:attachment":[{"href":"https:\/\/gretasexylingerie.com\/da\/wp-json\/wp\/v2\/media?parent=49220"}],"wp:term":[{"taxonomy":"product_brand","embeddable":true,"href":"https:\/\/gretasexylingerie.com\/da\/wp-json\/wp\/v2\/product_brand?post=49220"},{"taxonomy":"product_cat","embeddable":true,"href":"https:\/\/gretasexylingerie.com\/da\/wp-json\/wp\/v2\/product_cat?post=49220"},{"taxonomy":"product_tag","embeddable":true,"href":"https:\/\/gretasexylingerie.com\/da\/wp-json\/wp\/v2\/product_tag?post=49220"}],"curies":[{"name":"wp","href":"https:\/\/api.w.org\/{rel}","templated":true}]}}