{"id":49205,"date":"2024-02-27T20:06:44","date_gmt":"2024-02-27T12:06:44","guid":{"rendered":"https:\/\/gretasexylingerie.com\/?post_type=product&#038;p=49205"},"modified":"2024-02-29T13:31:39","modified_gmt":"2024-02-29T05:31:39","slug":"engros-lilla-bondage-kit","status":"publish","type":"product","link":"https:\/\/gretasexylingerie.com\/da\/products\/wholesale-purple-bondage-kit\/","title":{"rendered":"Engros Purple Bondage Kit med l\u00e6derudstyr"},"content":{"rendered":"<p><strong>\u00c6stetik med flagermus-tema<\/strong>: Omfavn natten med et s\u00e6t, der er lige s\u00e5 mystisk, som det er lokkende. Det flagermus-tema-design tilf\u00f8jer et unikt twist til traditionel bondage og tilbyder en fantasifuld baggrund for udforskning og leg. Denne tematiske tilgang er perfekt til par, der \u00f8nsker at tilf\u00f8je et narrativt element til deres m\u00f8der.<\/p>\n\n\n\n<p><strong>Sl\u00e5ende farvekontraster<\/strong>: Med sit livlige sort-r\u00f8de og sort-lilla kontrasterende design skiller dette s\u00e6t sig ud, ikke kun i kvalitet, men ogs\u00e5 i stil. De dristige farver fremkalder en f\u00f8lelse af lidenskab og dybde, hvilket g\u00f8r hvert stykke ikke kun til et v\u00e6rkt\u00f8j til at binde, men ogs\u00e5 et udtryk for \u00f8nske.<\/p>\n\n\n\n<p><strong>Omfattende introduktionss\u00e6t<\/strong>: Ideel til begyndere, dette <strong>indledende bondage kit<\/strong> inkluderer et bind for \u00f8jnene, snor, h\u00e5ndjern, ankelmanchetter, kraver, et krydssp\u00e6nde og en gag. Det giver alt det n\u00f8dvendige for sikkert at udforske dynamikken i tilbageholdenhed og underkastelse, hvilket g\u00f8r den til et perfekt udgangspunkt for nysgerrige eventyrere.<\/p>\n\n\n\n<p><strong>PU og hardware af h\u00f8j kvalitet<\/strong>: Fremstillet af f\u00f8rsteklasses PU og robust hardware, hvert element i s\u00e6ttet er designet til holdbarhed og komfort. Materialerne er omhyggeligt udvalgt for at sikre en sikker, men komfortabel pasform, hvilket giver mulighed for forl\u00e6ngede spillesessioner uden at g\u00e5 p\u00e5 kompromis med sikkerhed eller sensation.<\/p>\n\n\n\n<p><strong>Alsidig brug<\/strong>: Uanset om du er tiltrukket af den psykologiske sp\u00e6nding ved sansedeprivation, den fysiske nydelse ved tilbageholdenhed eller den \u00e6stetiske tiltr\u00e6kning af et velkoordineret s\u00e6t, henvender dette s\u00e6t sig til en bred vifte af interesser og pr\u00e6ferencer. Det er en alsidig tilf\u00f8jelse til enhver <strong>l\u00e6der bondage udstyr<\/strong> samling, der giver mange muligheder for udforskning.<\/p>\n\n\n\n<p><strong>Diskret og praktisk opbevaring<\/strong>: S\u00e6ttets sammenh\u00e6ngende design er ikke kun visuelt tiltalende, men ogs\u00e5 praktisk, hvor hvert stykke nemt kan gemmes v\u00e6k for diskretion. Det er en tankev\u00e6kkende overvejelse for dem, der v\u00e6rds\u00e6tter privatlivets fred lige s\u00e5 meget som de g\u00f8r forn\u00f8jelse.<\/p>\n\n\n\n<p>Tr\u00e6d ind i en verden, hvor fantasi og virkelighed sl\u00f8res med vores lilla bondage kit. Dette s\u00e6t er mere end blot en introduktion til bondage; det er en invitation til at udforske dine \u00f8nsker i omgivelser, der er b\u00e5de sikre og visuelt betagende. Bestil nu og lad eventyret begynde med et strejf af elegance og mystik!<\/p>","protected":false},"excerpt":{"rendered":"<p>Oplev tiltr\u00e6kningen ved vores <strong>lilla bondage kit<\/strong>, et bindes\u00e6t med flagermus-tema, der kombinerer PU-hardware af h\u00f8j kvalitet med sl\u00e5ende sort-r\u00f8de og sort-lilla kontraster, designet til dem, der begiver sig ind i tr\u00e6ldomsverdenen.<\/p>","protected":false},"featured_media":49198,"template":"","meta":[],"product_brand":[],"product_cat":[1059,1061],"product_tag":[],"class_list":{"0":"post-49205","1":"product","2":"type-product","3":"status-publish","4":"has-post-thumbnail","6":"product_cat-wholesale-bondage-equipment","7":"product_cat-wholesale-bondage-gear","8":"pa_color-black","9":"pa_color-purple-women-sexy-lingerie","11":"first","12":"instock","13":"taxable","14":"shipping-taxable","15":"purchasable","16":"product-type-variable"},"tiered_pricing_type":"fixed","tiered_pricing_fixed_rules":[],"tiered_pricing_product_settings":{"layout":"table","base_unit_name":{"singular":null,"plural":null},"default_variation":null},"tiered_pricing_minimum_quantity":null,"tiered_pricing_roles_data":[],"tiered_pricing_percentage_rules":[],"tiered_pricing_maximum_quantity":null,"tiered_pricing_quantity_step":null,"_links":{"self":[{"href":"https:\/\/gretasexylingerie.com\/da\/wp-json\/wp\/v2\/product\/49205","targetHints":{"allow":["GET"]}}],"collection":[{"href":"https:\/\/gretasexylingerie.com\/da\/wp-json\/wp\/v2\/product"}],"about":[{"href":"https:\/\/gretasexylingerie.com\/da\/wp-json\/wp\/v2\/types\/product"}],"wp:featuredmedia":[{"embeddable":true,"href":"https:\/\/gretasexylingerie.com\/da\/wp-json\/wp\/v2\/media\/49198"}],"wp:attachment":[{"href":"https:\/\/gretasexylingerie.com\/da\/wp-json\/wp\/v2\/media?parent=49205"}],"wp:term":[{"taxonomy":"product_brand","embeddable":true,"href":"https:\/\/gretasexylingerie.com\/da\/wp-json\/wp\/v2\/product_brand?post=49205"},{"taxonomy":"product_cat","embeddable":true,"href":"https:\/\/gretasexylingerie.com\/da\/wp-json\/wp\/v2\/product_cat?post=49205"},{"taxonomy":"product_tag","embeddable":true,"href":"https:\/\/gretasexylingerie.com\/da\/wp-json\/wp\/v2\/product_tag?post=49205"}],"curies":[{"name":"wp","href":"https:\/\/api.w.org\/{rel}","templated":true}]}}