{"id":49194,"date":"2024-02-27T20:06:00","date_gmt":"2024-02-27T12:06:00","guid":{"rendered":"https:\/\/gretasexylingerie.com\/?post_type=product&#038;p=49194"},"modified":"2024-02-29T13:13:34","modified_gmt":"2024-02-29T05:13:34","slug":"engros-du-har-brug-for-laeder-bondage-kit","status":"publish","type":"product","link":"https:\/\/gretasexylingerie.com\/da\/products\/wholesale-you-need-leather-bondage-kit\/","title":{"rendered":"Engros Alt hvad du beh\u00f8ver Farverigt l\u00e6der Bondage Kit"},"content":{"rendered":"<p><strong>Diamantsl\u00f8jfe dekorationer<\/strong>: L\u00f8ft din bondage-oplevelse med dette s\u00e6ts unikke diamantsl\u00f8jfe-accenter, der tilf\u00f8jer et strejf af elegance og finurlighed til din <strong>bondage gear og tilbeh\u00f8r<\/strong>. Disse funklende detaljer inviterer til en legende og alligevel luksuri\u00f8s udforskning af \u00f8nsker.<\/p>\n\n\n\n<p><strong>Levende farvevalg<\/strong>: F\u00e5s i sl\u00e5ende sort, frodig gr\u00f8n og legende pink, og dette s\u00e6t henvender sig til personlig stil og pr\u00e6ferencer, hvilket g\u00f8r hver session ikke kun til en udforskning af fysiske gr\u00e6nser, men ogs\u00e5 til et udtryk for personligt udtryk.<\/p>\n\n\n\n<p><strong>Omfattende BDSM-samling<\/strong>: Med det v\u00e6sentlige som en l\u00e6derpagaj, bind for \u00f8jnene, snor, h\u00e5ndjern, ankelmanchetter, kraver, krydssp\u00e6nde og gag, er dette s\u00e6t et skattekammer for par, der begiver sig ind i BDSM&#039;s rige. Den er designet til at opfylde de forskellige behov hos b\u00e5de begyndere og erfarne entusiaster.<\/p>\n\n\n\n<p><strong>Premium PU og hardware<\/strong>: Fremstillet af h\u00f8jkvalitets PU-l\u00e6der suppleret med f\u00f8rsteklasses hardware, hvert stykke i dette s\u00e6t lover holdbarhed og komfort. Materialerne er n\u00f8je udvalgt for at sikre, at de modst\u00e5r intensiteten af dine m\u00f8der, samtidig med at de bevarer en luksuri\u00f8s f\u00f8lelse.<\/p>\n\n\n\n<p><strong>Dekorativ og funktionel<\/strong>: Ud over deres \u00e6stetiske appel tjener diamantsl\u00f8jferne som en dejlig kontrast til s\u00e6ttets iboende dominans, og tilbyder en visuel og taktil p\u00e5mindelse om balancen mellem kraft og legende i BDSM-dynamikken.<\/p>\n\n\n\n<p><strong>L\u00e5s op for uendelige muligheder<\/strong>: Det her <strong>alt hvad du beh\u00f8ver bondage kit<\/strong> er mere end blot en samling af genstande; det er en gateway til en verden af udforskning, forbindelse og sp\u00e6ndende oplevelser. Det inviterer par til at kommunikere, eksperimentere og vokse t\u00e6ttere gennem f\u00e6lles eventyr.<\/p>\n\n\n\n<p>Tr\u00e6d ind i en verden, hvor farver, luksus og beg\u00e6r fletter sig sammen med vores livlige l\u00e6derbindingss\u00e6t. Uanset om du \u00f8nsker at tilf\u00f8je et st\u00e6nk af farve til din samling eller begive dig ud p\u00e5 en ny udforskningsrejse, tilbyder dette s\u00e6t alt hvad du har brug for og mere. Bestil nu og l\u00e5s op for et spektrum af legende muligheder!<\/p>","protected":false},"excerpt":{"rendered":"<p>Introducer et spektrum af leg med vores <strong>alt hvad du beh\u00f8ver bondage kit<\/strong>, et pulserende l\u00e6ders\u00e6t prydet med diamantsl\u00f8jfer, der kombinerer luksus med sp\u00e6ndingen ved BDSM.<\/p>","protected":false},"featured_media":49190,"template":"","meta":[],"product_brand":[],"product_cat":[1059,1061],"product_tag":[],"class_list":{"0":"post-49194","1":"product","2":"type-product","3":"status-publish","4":"has-post-thumbnail","6":"product_cat-wholesale-bondage-equipment","7":"product_cat-wholesale-bondage-gear","8":"pa_color-black","9":"pa_color-green","10":"pa_color-pink-women-sexy-lingerie","12":"first","13":"instock","14":"taxable","15":"shipping-taxable","16":"purchasable","17":"product-type-variable"},"tiered_pricing_type":"fixed","tiered_pricing_fixed_rules":[],"tiered_pricing_product_settings":{"layout":"table","base_unit_name":{"singular":null,"plural":null},"default_variation":null},"tiered_pricing_minimum_quantity":null,"tiered_pricing_roles_data":[],"tiered_pricing_percentage_rules":[],"tiered_pricing_maximum_quantity":null,"tiered_pricing_quantity_step":null,"_links":{"self":[{"href":"https:\/\/gretasexylingerie.com\/da\/wp-json\/wp\/v2\/product\/49194","targetHints":{"allow":["GET"]}}],"collection":[{"href":"https:\/\/gretasexylingerie.com\/da\/wp-json\/wp\/v2\/product"}],"about":[{"href":"https:\/\/gretasexylingerie.com\/da\/wp-json\/wp\/v2\/types\/product"}],"wp:featuredmedia":[{"embeddable":true,"href":"https:\/\/gretasexylingerie.com\/da\/wp-json\/wp\/v2\/media\/49190"}],"wp:attachment":[{"href":"https:\/\/gretasexylingerie.com\/da\/wp-json\/wp\/v2\/media?parent=49194"}],"wp:term":[{"taxonomy":"product_brand","embeddable":true,"href":"https:\/\/gretasexylingerie.com\/da\/wp-json\/wp\/v2\/product_brand?post=49194"},{"taxonomy":"product_cat","embeddable":true,"href":"https:\/\/gretasexylingerie.com\/da\/wp-json\/wp\/v2\/product_cat?post=49194"},{"taxonomy":"product_tag","embeddable":true,"href":"https:\/\/gretasexylingerie.com\/da\/wp-json\/wp\/v2\/product_tag?post=49194"}],"curies":[{"name":"wp","href":"https:\/\/api.w.org\/{rel}","templated":true}]}}