{"id":49154,"date":"2024-02-27T20:03:04","date_gmt":"2024-02-27T12:03:04","guid":{"rendered":"https:\/\/gretasexylingerie.com\/?post_type=product&#038;p=49154"},"modified":"2024-02-29T12:22:35","modified_gmt":"2024-02-29T04:22:35","slug":"engros-laeder-lase-bondage-gear-med-rhinestones","status":"publish","type":"product","link":"https:\/\/gretasexylingerie.com\/da\/products\/wholesale-leather-locking-bondage-gear-with-rhinestones\/","title":{"rendered":"Engros L\u00e6der L\u00e5sning Bondage Gear med Rhinestones"},"content":{"rendered":"<p><strong>Elegante blonder og diamantaccenter<\/strong>: L\u00f8ft din udforskning med dette s\u00e6ts unikke blanding af elegance og sp\u00e6nding. Den delikate blonde prydet med glitrende diamanter tilf\u00f8jer et strejf af glamour til det traditionelle <strong>s&amp;m bondage gear<\/strong>, der inviterer til et sanseligt spil af lys og skygge, der pirrer sanserne.<\/p>\n\n\n\n<p><strong>Omfattende samling til par<\/strong>: Dette s\u00e6t indeholder alt det n\u00f8dvendige for et indtog i SM-flirtens og tr\u00e6ldoms riger. Med en l\u00e6derpagaj, bind for \u00f8jnene, tr\u00e6kreb, h\u00e5ndjern, benmanchetter og et krydssp\u00e6nde tilbyder den et komplet v\u00e6rkt\u00f8jss\u00e6t til eventyrlystne par, der s\u00f8ger at uddybe deres forbindelse.<\/p>\n\n\n\n<p><strong>PU og hardware af h\u00f8j kvalitet<\/strong>: Fremstillet af f\u00f8rsteklasses PU-l\u00e6der og hardware af h\u00f8j kvalitet, hvert stykke i dette s\u00e6t kombinerer holdbarhed med komfort. Materialerne er valgt ikke kun for deres \u00e6stetiske tiltr\u00e6kningskraft, men ogs\u00e5 for deres evne til at modst\u00e5 intensiteten af lidenskabelige m\u00f8der.<\/p>\n\n\n\n<p><strong>Alsidigt sort og hvidt design<\/strong>: F\u00e5s i b\u00e5de klassisk sort og uber\u00f8rt hvid, denne <strong>sexet slaves\u00e6t<\/strong> henvender sig til forskellig smag og omgivelser. Uanset om du er tiltrukket af sortens dristighed eller renheden af hvid, lover dette s\u00e6t at matche dit hum\u00f8r og din indretning.<\/p>\n\n\n\n<p><strong>L\u00e5sefunktioner for forbedret spil<\/strong>: L\u00e5semekanismen p\u00e5 gearet tilf\u00f8jer et ekstra lag af sp\u00e6nding og kontrol, perfekt til dem, der \u00f8nsker at udforske kraftdynamikken p\u00e5 en sikker og konsensus m\u00e5de. Det er en ideel funktion for b\u00e5de begyndere og erfarne ud\u00f8vere, der v\u00e6rds\u00e6tter den psykologiske sp\u00e6nding ved tilbageholdenhed.<\/p>\n\n\n\n<p><strong>Diskret og praktisk opbevaring<\/strong>: Dette s\u00e6t lover ikke kun at l\u00e5se op for nye oplevelser, men kommer ogs\u00e5 med en praktisk l\u00f8sning til opbevaring. Hold dine skatte gemt diskret v\u00e6k, klar til at blive afsl\u00f8ret, n\u00e5r som helst \u00f8jeblikket rammer.<\/p>\n\n\n\n<p>Dyk ned i en verden, hvor fantasi m\u00f8der virkelighed med vores l\u00e5sende bondage gears\u00e6t. Det er mere end blot en samling af genstande; det er en gateway til nye niveauer af tillid, intimitet og forn\u00f8jelse. Bestil nu og forvandl almindelige \u00f8jeblikke til ekstraordin\u00e6re minder med et strejf af sofistikering<\/p>","protected":false},"excerpt":{"rendered":"<p>Tag p\u00e5 en uds\u00f8gt opdagelsesrejse med vores <strong>l\u00e5sende bondage gear<\/strong>, et luksuri\u00f8st l\u00e6dertr\u00e6ningss\u00e6t prydet med blonder og diamanter, designet til par, der \u00f8nsker at udforske nye dimensioner af intimitet.<\/p>","protected":false},"featured_media":49145,"template":"","meta":[],"product_brand":[],"product_cat":[1059,1061],"product_tag":[],"class_list":{"0":"post-49154","1":"product","2":"type-product","3":"status-publish","4":"has-post-thumbnail","6":"product_cat-wholesale-bondage-equipment","7":"product_cat-wholesale-bondage-gear","8":"pa_color-black","9":"pa_color-white","11":"first","12":"instock","13":"taxable","14":"shipping-taxable","15":"purchasable","16":"product-type-variable"},"tiered_pricing_type":"fixed","tiered_pricing_fixed_rules":[],"tiered_pricing_product_settings":{"layout":"table","base_unit_name":{"singular":null,"plural":null},"default_variation":null},"tiered_pricing_minimum_quantity":null,"tiered_pricing_roles_data":[],"tiered_pricing_percentage_rules":[],"tiered_pricing_maximum_quantity":null,"tiered_pricing_quantity_step":null,"_links":{"self":[{"href":"https:\/\/gretasexylingerie.com\/da\/wp-json\/wp\/v2\/product\/49154","targetHints":{"allow":["GET"]}}],"collection":[{"href":"https:\/\/gretasexylingerie.com\/da\/wp-json\/wp\/v2\/product"}],"about":[{"href":"https:\/\/gretasexylingerie.com\/da\/wp-json\/wp\/v2\/types\/product"}],"wp:featuredmedia":[{"embeddable":true,"href":"https:\/\/gretasexylingerie.com\/da\/wp-json\/wp\/v2\/media\/49145"}],"wp:attachment":[{"href":"https:\/\/gretasexylingerie.com\/da\/wp-json\/wp\/v2\/media?parent=49154"}],"wp:term":[{"taxonomy":"product_brand","embeddable":true,"href":"https:\/\/gretasexylingerie.com\/da\/wp-json\/wp\/v2\/product_brand?post=49154"},{"taxonomy":"product_cat","embeddable":true,"href":"https:\/\/gretasexylingerie.com\/da\/wp-json\/wp\/v2\/product_cat?post=49154"},{"taxonomy":"product_tag","embeddable":true,"href":"https:\/\/gretasexylingerie.com\/da\/wp-json\/wp\/v2\/product_tag?post=49154"}],"curies":[{"name":"wp","href":"https:\/\/api.w.org\/{rel}","templated":true}]}}