{"id":49085,"date":"2024-02-26T15:00:25","date_gmt":"2024-02-26T07:00:25","guid":{"rendered":"https:\/\/gretasexylingerie.com\/?post_type=product&#038;p=49085"},"modified":"2024-02-26T16:48:40","modified_gmt":"2024-02-26T08:48:40","slug":"grossist-gennemsigtige-skridtlos-helkropsstrompe","status":"publish","type":"product","link":"https:\/\/gretasexylingerie.com\/da\/products\/wholesale-sheer-crotchless-full-body-stocking\/","title":{"rendered":"Engros gennemsigtig skridtl\u00f8s helkropsstr\u00f8mpe med sexet udsk\u00e6ring"},"content":{"rendered":"<p><strong>Rygl\u00f8st design<\/strong>: Den rygl\u00f8se funktion ved denne bodystocking tilf\u00f8jer et element af overraskelse og forf\u00f8relse, perfekt til dem, der s\u00f8ger et vovet og provokerende lingeri. Dette design er ideelt til at give et fedt statement i enhver <strong>ren skridtl\u00f8s bodystocking<\/strong> kollektion.<\/p>\n\n\n\n<p><strong>Sexede udsk\u00e6ringer<\/strong>: Strategisk placerede udsk\u00e6ringer forst\u00e6rker tiltr\u00e6kningen ved denne bodystocking og giver pirrende glimt, der pirrer fantasien. Disse udsk\u00e6ringer er designet til at smigre og fremh\u00e6ve, hvilket g\u00f8r dette smykke til et must-have for alle, der \u00f8nsker at tilf\u00f8je et strejf af drama til deres undert\u00f8jsgarderobe.<\/p>\n\n\n\n<p><strong>Fishnet Tights Full Body<\/strong>: Fiskenetm\u00f8nsteret hele vejen igennem tilf\u00f8jer tekstur og dybde, hvilket skaber en visuelt forbl\u00f8ffende effekt, der er b\u00e5de kantet og elegant. Denne funktion appellerer til dem, der s\u00e6tter pris p\u00e5 den klassiske appel ved fiskenet kombineret med moderne designelementer.<\/p>\n\n\n\n<p><strong>Ren og sk\u00e6r elegance<\/strong>: Denne bodystocking er lavet af gennemsigtigt mesh og giver et hint om, hvad der ligger under, og skaber den perfekte balance mellem at afsl\u00f8re og skjule. Det er et ideelt valg for kunder, der s\u00f8ger lingeri, der er b\u00e5de forf\u00f8rende og smagfuldt designet.<\/p>\n\n\n\n<p><strong>Alsidig og styrkende<\/strong>: Perfekt til forskellige lejligheder, fra intime omgivelser til dristige fashion statements, denne bodystocking giver brugerne mulighed for at udtrykke deres unikke stil og selvtillid.<\/p>\n\n\n\n<p><strong>Perfekt til forskellige samlinger<\/strong>: Uanset om det er til en butik eller en st\u00f8rre detailbutik, er denne bodystocking et glimrende valg. Det appellerer til kunder, der s\u00f8ger innovativt, modigt lingeri af h\u00f8j kvalitet.<\/p>\n\n\n\n<p>Inviter dine kunder til at omfavne deres dristige side med vores helkroppsstr\u00f8mpe-lingeri. Dens unikke design og opm\u00e6rksomhed p\u00e5 detaljer g\u00f8r den til et must-have for enhver kollektion, der \u00f8nsker at tilbyde en blanding af edginess og stil. Bestil nu og tilf\u00f8j et strejf af vovet elegance til dine tilbud!<\/p>","protected":false},"excerpt":{"rendered":"<p>Dyk ned i lokket med vores <strong>str\u00f8mpe lingeri til hele kroppen<\/strong>, et rygl\u00f8st design med forf\u00f8rende udsk\u00e6ringer, der blander ren og sk\u00e6r elegance med dristige fiskenetm\u00f8nstre for et f\u00e6ngslende look.<\/p>","protected":false},"featured_media":49084,"template":"","meta":[],"product_brand":[],"product_cat":[405,407,404],"product_tag":[528,451,449,866],"class_list":{"0":"post-49085","1":"product","2":"type-product","3":"status-publish","4":"has-post-thumbnail","6":"product_cat-wholesale-bodystocking","7":"product_cat-wholesale-full-body-stocking","8":"product_cat-sexy-stocking","9":"product_tag-halter-lingerie","10":"product_tag-wholesale-revealing-lingerie","11":"product_tag-wholesale-sexy-crotchless-lingerie","12":"product_tag-sexy-romper-lingerie","13":"pa_color-black","14":"pa_size-free","16":"first","17":"instock","18":"taxable","19":"shipping-taxable","20":"purchasable","21":"product-type-variable"},"tiered_pricing_type":"fixed","tiered_pricing_fixed_rules":[],"tiered_pricing_product_settings":{"layout":"table","base_unit_name":{"singular":null,"plural":null},"default_variation":null},"tiered_pricing_minimum_quantity":null,"tiered_pricing_roles_data":[],"tiered_pricing_percentage_rules":[],"tiered_pricing_maximum_quantity":null,"tiered_pricing_quantity_step":null,"_links":{"self":[{"href":"https:\/\/gretasexylingerie.com\/da\/wp-json\/wp\/v2\/product\/49085","targetHints":{"allow":["GET"]}}],"collection":[{"href":"https:\/\/gretasexylingerie.com\/da\/wp-json\/wp\/v2\/product"}],"about":[{"href":"https:\/\/gretasexylingerie.com\/da\/wp-json\/wp\/v2\/types\/product"}],"wp:featuredmedia":[{"embeddable":true,"href":"https:\/\/gretasexylingerie.com\/da\/wp-json\/wp\/v2\/media\/49084"}],"wp:attachment":[{"href":"https:\/\/gretasexylingerie.com\/da\/wp-json\/wp\/v2\/media?parent=49085"}],"wp:term":[{"taxonomy":"product_brand","embeddable":true,"href":"https:\/\/gretasexylingerie.com\/da\/wp-json\/wp\/v2\/product_brand?post=49085"},{"taxonomy":"product_cat","embeddable":true,"href":"https:\/\/gretasexylingerie.com\/da\/wp-json\/wp\/v2\/product_cat?post=49085"},{"taxonomy":"product_tag","embeddable":true,"href":"https:\/\/gretasexylingerie.com\/da\/wp-json\/wp\/v2\/product_tag?post=49085"}],"curies":[{"name":"wp","href":"https:\/\/api.w.org\/{rel}","templated":true}]}}