{"id":49078,"date":"2024-02-26T14:59:16","date_gmt":"2024-02-26T06:59:16","guid":{"rendered":"https:\/\/gretasexylingerie.com\/?post_type=product&#038;p=49078"},"modified":"2024-02-26T16:45:21","modified_gmt":"2024-02-26T08:45:21","slug":"engros-sort-strompe-kjole-med-rygfri-udskaering","status":"publish","type":"product","link":"https:\/\/gretasexylingerie.com\/da\/products\/wholesale-black-stocking-dress-with-backless-cutout\/","title":{"rendered":"Engros sort str\u00f8mpekjole med rygl\u00f8st udsk\u00e6ringsdesign"},"content":{"rendered":"<p><strong>Rygl\u00f8st design med sexede udsk\u00e6ringer<\/strong>: Denne bodystocking-kjole betager med sit vovede, rygl\u00f8se design, prydet med strategisk placerede udsk\u00e6ringer, der forst\u00e6rker dens tiltr\u00e6kningskraft. Denne funktion er perfekt til dem, der s\u00f8ger <strong>mesh coverup kjoler<\/strong> der giver en dristig udtalelse.<\/p>\n\n\n\n<p><strong>Sort str\u00f8mpe elegance<\/strong>: Denne kjole er lavet i klassisk sort og udstr\u00e5ler sofistikering og alsidighed. Str\u00f8mpematerialet tilf\u00f8jer et lag af intriger, hvilket g\u00f8r det til et fremtr\u00e6dende stykke i enhver <strong>bodycon kjole med fiskenet<\/strong> kollektion.<\/p>\n\n\n\n<p><strong>Mesh Coverup med Bodycon Appeal<\/strong>: Mesh-materialet fungerer som en fristende coverup, mens bodycon-pasformen fremh\u00e6ver b\u00e6rerens silhuet og tilbyder en perfekt blanding af tiltr\u00e6kning og stil.<\/p>\n\n\n\n<p><strong>Alsidig og fashion-forward<\/strong>: Ideel til forskellige lejligheder, fra intime sammenkomster til high-fashion begivenheder, denne kjole giver brugerne mulighed for at udtrykke deres unikke stil og selvtillid.<\/p>\n\n\n\n<p><strong>Perfekt til forskellige samlinger<\/strong>: Uanset om det er til en butik eller en st\u00f8rre detailbutik, er denne bodystocking-kjole et glimrende valg. Det appellerer til kunder, der s\u00f8ger innovative, modige og h\u00f8jkvalitets lingeri eller modet\u00f8j.<\/p>\n\n\n\n<p>Inviter dine kunder til at omfavne deres dristige side med vores sorte str\u00f8mpekjole. Dens unikke design og opm\u00e6rksomhed p\u00e5 detaljer g\u00f8r den til et must-have for enhver kollektion, der \u00f8nsker at tilbyde en blanding af edginess og stil. Bestil nu og tilf\u00f8j et strejf af vovet elegance til dine tilbud!<\/p>","protected":false},"excerpt":{"rendered":"<p>Dyk ned i lokket med vores <strong>sort str\u00f8mpe kjole<\/strong>, en hypnotiserende mesh-coverup, der kombinerer slankheden af en bodycon-kjole med edginess af fiskenet, med sexede rygl\u00f8se udsk\u00e6ringer.<\/p>","protected":false},"featured_media":49077,"template":"","meta":[],"product_brand":[],"product_cat":[405,406,404],"product_tag":[446,453],"class_list":{"0":"post-49078","1":"product","2":"type-product","3":"status-publish","4":"has-post-thumbnail","6":"product_cat-wholesale-bodystocking","7":"product_cat-wholesale-fishnet-dress","8":"product_cat-sexy-stocking","9":"product_tag-wholesale-sexy-see-through-lingerie","10":"product_tag-wholesale-sexy-naughty-lingerie","11":"pa_color-black","12":"pa_size-free","14":"first","15":"instock","16":"taxable","17":"shipping-taxable","18":"purchasable","19":"product-type-variable"},"tiered_pricing_type":"fixed","tiered_pricing_fixed_rules":[],"tiered_pricing_product_settings":{"layout":"table","base_unit_name":{"singular":null,"plural":null},"default_variation":null},"tiered_pricing_minimum_quantity":null,"tiered_pricing_roles_data":[],"tiered_pricing_percentage_rules":[],"tiered_pricing_maximum_quantity":null,"tiered_pricing_quantity_step":null,"_links":{"self":[{"href":"https:\/\/gretasexylingerie.com\/da\/wp-json\/wp\/v2\/product\/49078","targetHints":{"allow":["GET"]}}],"collection":[{"href":"https:\/\/gretasexylingerie.com\/da\/wp-json\/wp\/v2\/product"}],"about":[{"href":"https:\/\/gretasexylingerie.com\/da\/wp-json\/wp\/v2\/types\/product"}],"wp:featuredmedia":[{"embeddable":true,"href":"https:\/\/gretasexylingerie.com\/da\/wp-json\/wp\/v2\/media\/49077"}],"wp:attachment":[{"href":"https:\/\/gretasexylingerie.com\/da\/wp-json\/wp\/v2\/media?parent=49078"}],"wp:term":[{"taxonomy":"product_brand","embeddable":true,"href":"https:\/\/gretasexylingerie.com\/da\/wp-json\/wp\/v2\/product_brand?post=49078"},{"taxonomy":"product_cat","embeddable":true,"href":"https:\/\/gretasexylingerie.com\/da\/wp-json\/wp\/v2\/product_cat?post=49078"},{"taxonomy":"product_tag","embeddable":true,"href":"https:\/\/gretasexylingerie.com\/da\/wp-json\/wp\/v2\/product_tag?post=49078"}],"curies":[{"name":"wp","href":"https:\/\/api.w.org\/{rel}","templated":true}]}}