{"id":49071,"date":"2024-02-26T14:58:02","date_gmt":"2024-02-26T06:58:02","guid":{"rendered":"https:\/\/gretasexylingerie.com\/?post_type=product&#038;p=49071"},"modified":"2024-02-26T16:43:51","modified_gmt":"2024-02-26T08:43:51","slug":"engros-abent-skridt-netstrompe-i-hele-kroppen","status":"publish","type":"product","link":"https:\/\/gretasexylingerie.com\/da\/products\/wholesale-open-crotch-full-body-fishnet-stocking\/","title":{"rendered":"Engros \u00e5bent skridt netstr\u00f8mpe til hele kroppen"},"content":{"rendered":"<p><strong>Halter Neck Design<\/strong>: Halter-neck-designet p\u00e5 denne bodystocking tilf\u00f8jer et klassisk, men sexet touch, og indrammer skuldre og nakke smukt. Det er perfekt til dem, der s\u00f8ger en kombination af elegance og tiltr\u00e6kning i deres <strong>kropsstr\u00f8mpe i \u00e5ben skridt<\/strong>.<\/p>\n\n\n\n<p><strong>Indviklede linjedetaljer<\/strong>: Denne bodystocking er prydet med indviklede linjedesigns, der konturerer og fremh\u00e6ver kroppens naturlige kurver. Detaljerne tilf\u00f8jer dybde og tekstur, hvilket g\u00f8r den til et fremtr\u00e6dende stykke i enhver <strong>outvert bodystocking<\/strong> kollektion.<\/p>\n\n\n\n<p><strong>\u00c5bn skridtet funktion<\/strong>: Det \u00e5bne skridtdesign bringer et element af dristighed og sensualitet, der henvender sig til dem, der \u00f8nsker at tilf\u00f8je et vovet stykke til deres lingerigarderobe. Den er ideel til intime lejligheder og tilf\u00f8jer et lag af intriger og sp\u00e6nding.<\/p>\n\n\n\n<p><strong>Super sexet appel<\/strong>: Denne netstr\u00f8mpe til hele kroppen er indbegrebet af sexet lingeri. Dens rene, gennemsigtige stof og kropsn\u00e6re pasform giver et fristende glimt, hvilket g\u00f8r det til et must-have for alle, der \u00f8nsker at l\u00f8fte deres lingerispil.<\/p>\n\n\n\n<p><strong>Alsidig og styrkende<\/strong>: Perfekt til forskellige lejligheder, fra private aftener til temafester, denne bodystocking giver brugerne mulighed for at udtrykke deres unikke stil og selvtillid.<\/p>\n\n\n\n<p><strong>Perfekt til forskellige samlinger<\/strong>: Uanset om det er til en butik eller en st\u00f8rre detailbutik, er denne bodystocking et glimrende valg. Det appellerer til kunder, der s\u00f8ger innovativt, modigt lingeri af h\u00f8j kvalitet.<\/p>\n\n\n\n<p>Inviter dine kunder til at omfavne deres dristige side med vores \u00e5bne skridt netstr\u00f8mpe. Dens unikke design og opm\u00e6rksomhed p\u00e5 detaljer g\u00f8r den til et must-have for enhver kollektion, der \u00f8nsker at tilbyde en blanding af edginess og stil. Bestil nu og tilf\u00f8j et strejf af vovet elegance til dine tilbud!<\/p>","protected":false},"excerpt":{"rendered":"<p>Dyk ned i lokket med vores <strong>sexet helkropsstr\u00f8mpe<\/strong>, et f\u00e6ngslende halter-neck-design med indviklede linjedetaljer, med et \u00e5bent skridt for et ekstra strejf af forf\u00f8relse.<\/p>","protected":false},"featured_media":49070,"template":"","meta":[],"product_brand":[],"product_cat":[405,407,404],"product_tag":[528,451,449,866],"class_list":{"0":"post-49071","1":"product","2":"type-product","3":"status-publish","4":"has-post-thumbnail","6":"product_cat-wholesale-bodystocking","7":"product_cat-wholesale-full-body-stocking","8":"product_cat-sexy-stocking","9":"product_tag-halter-lingerie","10":"product_tag-wholesale-revealing-lingerie","11":"product_tag-wholesale-sexy-crotchless-lingerie","12":"product_tag-sexy-romper-lingerie","13":"pa_color-black","14":"pa_size-free","16":"first","17":"instock","18":"taxable","19":"shipping-taxable","20":"purchasable","21":"product-type-variable"},"tiered_pricing_type":"fixed","tiered_pricing_fixed_rules":[],"tiered_pricing_product_settings":{"layout":"table","base_unit_name":{"singular":null,"plural":null},"default_variation":null},"tiered_pricing_minimum_quantity":null,"tiered_pricing_roles_data":[],"tiered_pricing_percentage_rules":[],"tiered_pricing_maximum_quantity":null,"tiered_pricing_quantity_step":null,"_links":{"self":[{"href":"https:\/\/gretasexylingerie.com\/da\/wp-json\/wp\/v2\/product\/49071","targetHints":{"allow":["GET"]}}],"collection":[{"href":"https:\/\/gretasexylingerie.com\/da\/wp-json\/wp\/v2\/product"}],"about":[{"href":"https:\/\/gretasexylingerie.com\/da\/wp-json\/wp\/v2\/types\/product"}],"wp:featuredmedia":[{"embeddable":true,"href":"https:\/\/gretasexylingerie.com\/da\/wp-json\/wp\/v2\/media\/49070"}],"wp:attachment":[{"href":"https:\/\/gretasexylingerie.com\/da\/wp-json\/wp\/v2\/media?parent=49071"}],"wp:term":[{"taxonomy":"product_brand","embeddable":true,"href":"https:\/\/gretasexylingerie.com\/da\/wp-json\/wp\/v2\/product_brand?post=49071"},{"taxonomy":"product_cat","embeddable":true,"href":"https:\/\/gretasexylingerie.com\/da\/wp-json\/wp\/v2\/product_cat?post=49071"},{"taxonomy":"product_tag","embeddable":true,"href":"https:\/\/gretasexylingerie.com\/da\/wp-json\/wp\/v2\/product_tag?post=49071"}],"curies":[{"name":"wp","href":"https:\/\/api.w.org\/{rel}","templated":true}]}}