{"id":49064,"date":"2024-02-26T14:56:57","date_gmt":"2024-02-26T06:56:57","guid":{"rendered":"https:\/\/gretasexylingerie.com\/?post_type=product&#038;p=49064"},"modified":"2024-02-26T16:41:51","modified_gmt":"2024-02-26T08:41:51","slug":"engros-sparkle-and-shine-rhinestone-bodystocking","status":"publish","type":"product","link":"https:\/\/gretasexylingerie.com\/da\/products\/wholesale-sparkle-and-shine-rhinestone-bodystocking\/","title":{"rendered":"Engros Sparkle and Shine Rhinestone Bodystocking"},"content":{"rendered":"<p><strong>Lang\u00e6rmet elegance<\/strong>: Denne bodystockings lange \u00e6rmer tilf\u00f8jer et strejf af sofistikering og stil, hvilket g\u00f8r den til et alsidigt stykke til forskellige lejligheder. Designet er perfekt til dem, der s\u00f8ger en <strong>kropsstr\u00f8mpe lange \u00e6rmer<\/strong> der kombinerer elegance med et strejf af allure.<\/p>\n\n\n\n<p><strong>Komfort med rund hals<\/strong>: Designet med rund hals giver en behagelig pasform, samtidig med at den bevarer en slank og moderigtig silhuet. Denne funktion sikrer, at bodystockingen ikke kun er stilfuld, men ogs\u00e5 behagelig til l\u00e6ngerevarende brug.<\/p>\n\n\n\n<p><strong>Hult mesh med rhinsten<\/strong>: Den hule mesh-detalje giver et pirrende glimt af huden, forst\u00e6rket af glimtet fra varme rhinsten. Denne kombination skaber en fantastisk visuel effekt, hvilket g\u00f8r bodystockingen til et fremtr\u00e6dende stykke i enhver <strong>sele sexet lingeri<\/strong> kollektion.<\/p>\n\n\n\n<p><strong>Integrerede seler og benl\u00f8kker<\/strong>: Bodystockingen kommer med integrerede seler og benstropper, der tilf\u00f8jer et funktionelt, men stilfuldt element. Denne funktion sikrer en sikker pasform og tilf\u00f8jer et ekstra lag af sofistikering til designet.<\/p>\n\n\n\n<p><strong>Diamond Fishnet \u00c6stetik<\/strong>: Diamantnetm\u00f8nsteret, der er v\u00e6vet ind i bodystockingen, tilf\u00f8jer tekstur og dybde og l\u00f8fter det overordnede look. Denne detalje er perfekt til dem, der s\u00e6tter pris p\u00e5 de indviklede designs i deres <strong>designer bh trusses\u00e6t<\/strong>.<\/p>\n\n\n\n<p><strong>Perfekt til s\u00e6rlige lejligheder<\/strong>: Denne bodystocking er ideel til at tilf\u00f8je et strejf af glamour til specielle n\u00e6tter eller som et modigt fashion statement. Den er alsidig nok til at passe til forskellige omgivelser, hvilket g\u00f8r den til en v\u00e6rdifuld tilf\u00f8jelse til enhver lingeri eller modekollektion.<\/p>\n\n\n\n<p>Inviter dine kunder til at omfavne deres dristige og glamour\u00f8se side med vores rhinestone bodystocking. Dens unikke design og opm\u00e6rksomhed p\u00e5 detaljer g\u00f8r den til et must-have for enhver kollektion, der \u00f8nsker at tilbyde en blanding af sofistikering, stil og gnistre. Bestil nu og tilf\u00f8j et strejf af bl\u00e6ndende elegance til dine tilbud!<\/p>","protected":false},"excerpt":{"rendered":"<p>Bl\u00e6nd i vores <strong>gnistre og skinne rhinestone bodystocking<\/strong>, med lange \u00e6rmer, en rund hals og hult mesh prydet med varme rhinsten for et uforglemmeligt look.<\/p>","protected":false},"featured_media":49059,"template":"","meta":[],"product_brand":[],"product_cat":[405,408,404,409],"product_tag":[448,525],"class_list":{"0":"post-49064","1":"product","2":"type-product","3":"status-publish","4":"has-post-thumbnail","6":"product_cat-wholesale-bodystocking","7":"product_cat-wholesale-rhinestone-bodystocking","8":"product_cat-sexy-stocking","9":"product_cat-wholesale-stocking-bodysuit","10":"product_tag-wholesale-elegant-sexy-lingerie","11":"product_tag-rhinestone-lingerie","13":"first","14":"instock","15":"taxable","16":"shipping-taxable","17":"purchasable","18":"product-type-variable"},"tiered_pricing_type":"fixed","tiered_pricing_fixed_rules":[],"tiered_pricing_product_settings":{"layout":"table","base_unit_name":{"singular":null,"plural":null},"default_variation":null},"tiered_pricing_minimum_quantity":null,"tiered_pricing_roles_data":[],"tiered_pricing_percentage_rules":[],"tiered_pricing_maximum_quantity":null,"tiered_pricing_quantity_step":null,"_links":{"self":[{"href":"https:\/\/gretasexylingerie.com\/da\/wp-json\/wp\/v2\/product\/49064","targetHints":{"allow":["GET"]}}],"collection":[{"href":"https:\/\/gretasexylingerie.com\/da\/wp-json\/wp\/v2\/product"}],"about":[{"href":"https:\/\/gretasexylingerie.com\/da\/wp-json\/wp\/v2\/types\/product"}],"wp:featuredmedia":[{"embeddable":true,"href":"https:\/\/gretasexylingerie.com\/da\/wp-json\/wp\/v2\/media\/49059"}],"wp:attachment":[{"href":"https:\/\/gretasexylingerie.com\/da\/wp-json\/wp\/v2\/media?parent=49064"}],"wp:term":[{"taxonomy":"product_brand","embeddable":true,"href":"https:\/\/gretasexylingerie.com\/da\/wp-json\/wp\/v2\/product_brand?post=49064"},{"taxonomy":"product_cat","embeddable":true,"href":"https:\/\/gretasexylingerie.com\/da\/wp-json\/wp\/v2\/product_cat?post=49064"},{"taxonomy":"product_tag","embeddable":true,"href":"https:\/\/gretasexylingerie.com\/da\/wp-json\/wp\/v2\/product_tag?post=49064"}],"curies":[{"name":"wp","href":"https:\/\/api.w.org\/{rel}","templated":true}]}}