{"id":48833,"date":"2024-01-27T21:34:58","date_gmt":"2024-01-27T13:34:58","guid":{"rendered":"https:\/\/gretasexylingerie.com\/?post_type=product&#038;p=48833"},"modified":"2024-04-11T22:34:06","modified_gmt":"2024-04-11T14:34:06","slug":"engros-sexet-net-bh-og-trusse-saet","status":"publish","type":"product","link":"https:\/\/gretasexylingerie.com\/da\/products\/wholesale-sexy-net-bra-and-panty-set\/","title":{"rendered":"Engros sexet net-bh og trusses\u00e6t med sommerfugledesign"},"content":{"rendered":"<p><strong>Komfortabelt mesh stof<\/strong>: S\u00e6ttet er lavet af et bl\u00f8dt og behageligt mesh-materiale, der sikrer b\u00e5de \u00e5ndbarhed og en blid ber\u00f8ring af huden. Denne funktion er perfekt til dem, der prioriterer komfort uden at ofre stil i deres valg af lingeri.<\/p>\n\n\n\n<p><strong>Butterfly Shape hult design<\/strong>: Det karakteristiske sommerfugleformede hule design tilf\u00f8jer et legende og kunstnerisk element til s\u00e6ttet. Denne unikke funktion adskiller den i enhver <strong>ny design bh og trusse<\/strong> kollektion, der tilbyder et frisk og moderne bud p\u00e5 klassiske lingeri-stilarter.<\/p>\n\n\n\n<p><strong>Levende farvemuligheder<\/strong>: F\u00e5s i en r\u00e6kke livlige farver - Gul, Bl\u00e5, Sort og HotPink - dette s\u00e6t henvender sig til forskellige smag og pr\u00e6ferencer. Hver farve tilf\u00f8jer sin egen karakter til designet, fra munter lysstyrke til fed sofistikering.<\/p>\n\n\n\n<p><strong>Sexet og stilfuldt<\/strong>: Kombinationen af netstoffet og sommerfugledesignet skaber et look, der er b\u00e5de sexet og stilfuldt. Dette s\u00e6t er perfekt til kunder, der \u00f8nsker lingeri, der er b\u00e5de visuelt tiltalende og trendy.<\/p>\n\n\n\n<p><strong>Alsidig og fashion-forward<\/strong>: Ideel til en r\u00e6kke lejligheder, dette <strong>sommerfugle bh og trusser<\/strong> S\u00e6ttet er alsidigt nok til at passe til forskellige omgivelser, hvilket g\u00f8r det til en v\u00e6rdifuld tilf\u00f8jelse til enhver lingeri- eller modekollektion.<\/p>\n\n\n\n<p><strong>Perfekt til forskellige samlinger<\/strong>: Uanset om det er til en butik eller en st\u00f8rre detailbutik, er dette s\u00e6t et fremragende valg. Det appellerer til kunder, der s\u00f8ger innovativt, moderigtigt lingeri af h\u00f8j kvalitet.<\/p>\n\n\n\n<p>Inviter dine kunder til at udforske den legende elegance i vores sexede net-bh og trusses\u00e6t. Dens unikke design og livlige farver g\u00f8r den til et must-have for enhver kollektion, der \u00f8nsker at tilbyde en blanding af komfort, stil og moderne flair. Bestil nu og tilf\u00f8j et strejf af kunstnerisk sk\u00f8nhed til dine tilbud!<\/p>\n\n\n\n<figure class=\"wp-block-table\"><table><tbody><tr><td class=\"has-text-align-center\" data-align=\"center\" colspan=\"5\"><strong>St\u00f8rrelsesdiagram (CM)<\/strong><\/td><\/tr><tr><td class=\"has-text-align-center\" data-align=\"center\"><strong>St\u00f8rrelse<\/strong><\/td><td class=\"has-text-align-center\" data-align=\"center\"><strong>Under brystet (cm)<\/strong><\/td><td class=\"has-text-align-center\" data-align=\"center\"><strong>Trusser talje (cm)<\/strong><\/td><td class=\"has-text-align-center\" data-align=\"center\"><strong>Taljeb\u00e5nd (cm)<\/strong><\/td><td class=\"has-text-align-center\" data-align=\"center\"><strong>L\u00e6ngde (cm)<\/strong><\/td><\/tr><tr><td class=\"has-text-align-center\" data-align=\"center\">S<\/td><td class=\"has-text-align-center\" data-align=\"center\">68<\/td><td class=\"has-text-align-center\" data-align=\"center\">64<\/td><td class=\"has-text-align-center\" data-align=\"center\">60<\/td><td class=\"has-text-align-center\" data-align=\"center\">31<\/td><\/tr><tr><td class=\"has-text-align-center\" data-align=\"center\">M<\/td><td class=\"has-text-align-center\" data-align=\"center\">72<\/td><td class=\"has-text-align-center\" data-align=\"center\">68<\/td><td class=\"has-text-align-center\" data-align=\"center\">64<\/td><td class=\"has-text-align-center\" data-align=\"center\">32<\/td><\/tr><tr><td class=\"has-text-align-center\" data-align=\"center\">L<\/td><td class=\"has-text-align-center\" data-align=\"center\">76<\/td><td class=\"has-text-align-center\" data-align=\"center\">72<\/td><td class=\"has-text-align-center\" data-align=\"center\">68<\/td><td class=\"has-text-align-center\" data-align=\"center\">33<\/td><\/tr><tr><td class=\"has-text-align-center\" data-align=\"center\">XL<\/td><td class=\"has-text-align-center\" data-align=\"center\">80<\/td><td class=\"has-text-align-center\" data-align=\"center\">76<\/td><td class=\"has-text-align-center\" data-align=\"center\">72<\/td><td class=\"has-text-align-center\" data-align=\"center\">34<\/td><\/tr><tr><td class=\"has-text-align-center\" data-align=\"center\" colspan=\"5\"><strong>St\u00f8rrelsesdiagram (INCH)<\/strong><\/td><\/tr><tr><td class=\"has-text-align-center\" data-align=\"center\"><strong>St\u00f8rrelse<\/strong><\/td><td class=\"has-text-align-center\" data-align=\"center\"><strong>Under buste (i)<\/strong><\/td><td class=\"has-text-align-center\" data-align=\"center\"><strong>Trusser talje (ind)<\/strong><\/td><td class=\"has-text-align-center\" data-align=\"center\"><strong>Taljeb\u00e5nd (ind)<\/strong><\/td><td class=\"has-text-align-center\" data-align=\"center\"><strong>L\u00e6ngde (in)<\/strong><\/td><\/tr><tr><td class=\"has-text-align-center\" data-align=\"center\">S<\/td><td class=\"has-text-align-center\" data-align=\"center\">26.77<\/td><td class=\"has-text-align-center\" data-align=\"center\">25.20<\/td><td class=\"has-text-align-center\" data-align=\"center\">23.62<\/td><td class=\"has-text-align-center\" data-align=\"center\">12.20<\/td><\/tr><tr><td class=\"has-text-align-center\" data-align=\"center\">M<\/td><td class=\"has-text-align-center\" data-align=\"center\">28.35<\/td><td class=\"has-text-align-center\" data-align=\"center\">26.77<\/td><td class=\"has-text-align-center\" data-align=\"center\">25.20<\/td><td class=\"has-text-align-center\" data-align=\"center\">12.60<\/td><\/tr><tr><td class=\"has-text-align-center\" data-align=\"center\">L<\/td><td class=\"has-text-align-center\" data-align=\"center\">29.92<\/td><td class=\"has-text-align-center\" data-align=\"center\">28.35<\/td><td class=\"has-text-align-center\" data-align=\"center\">26.77<\/td><td class=\"has-text-align-center\" data-align=\"center\">12.99<\/td><\/tr><tr><td class=\"has-text-align-center\" data-align=\"center\">XL<\/td><td class=\"has-text-align-center\" data-align=\"center\">31.50<\/td><td class=\"has-text-align-center\" data-align=\"center\">29.92<\/td><td class=\"has-text-align-center\" data-align=\"center\">28.35<\/td><td class=\"has-text-align-center\" data-align=\"center\">13.39<\/td><\/tr><\/tbody><\/table><\/figure>","protected":false},"excerpt":{"rendered":"<p>Omfavn en unik stil med vores <strong>sexet net bh trusse<\/strong> s\u00e6t, med et behageligt mesh og et i\u00f8jnefaldende sommerfugleformet hult design. F\u00e5s i gul, bl\u00e5, sort og HotPink.<\/p>","protected":false},"featured_media":48810,"template":"","meta":[],"product_brand":[],"product_cat":[368,367,375],"product_tag":[452,448,446,453],"class_list":{"0":"post-48833","1":"product","2":"type-product","3":"status-publish","4":"has-post-thumbnail","6":"product_cat-bra-panty-set","7":"product_cat-sexy-lingerie","8":"product_cat-whoelsale-sheer-bra-and-panty-sets","9":"product_tag-wholesale-boudoir-lingerie","10":"product_tag-wholesale-elegant-sexy-lingerie","11":"product_tag-wholesale-sexy-see-through-lingerie","12":"product_tag-wholesale-sexy-naughty-lingerie","13":"pa_color-black","14":"pa_color-blue-women-sexy-lingerie","15":"pa_color-hot-pink-women-sexy-lingerie","16":"pa_color-yellow","17":"pa_size-wholesale-large-size-women-sexy-lingerie","18":"pa_size-wholesale-medium-size-women-sexy-lingerie","19":"pa_size-wholesale-small-size-sexy-lingerie","20":"pa_size-wholesale-extra-large-sexy-lingerie","22":"first","23":"instock","24":"taxable","25":"shipping-taxable","26":"purchasable","27":"product-type-variable"},"tiered_pricing_type":"fixed","tiered_pricing_fixed_rules":[],"tiered_pricing_product_settings":{"layout":"table","base_unit_name":{"singular":null,"plural":null},"default_variation":null},"tiered_pricing_minimum_quantity":null,"tiered_pricing_roles_data":[],"tiered_pricing_percentage_rules":[],"tiered_pricing_maximum_quantity":null,"tiered_pricing_quantity_step":null,"_links":{"self":[{"href":"https:\/\/gretasexylingerie.com\/da\/wp-json\/wp\/v2\/product\/48833","targetHints":{"allow":["GET"]}}],"collection":[{"href":"https:\/\/gretasexylingerie.com\/da\/wp-json\/wp\/v2\/product"}],"about":[{"href":"https:\/\/gretasexylingerie.com\/da\/wp-json\/wp\/v2\/types\/product"}],"wp:featuredmedia":[{"embeddable":true,"href":"https:\/\/gretasexylingerie.com\/da\/wp-json\/wp\/v2\/media\/48810"}],"wp:attachment":[{"href":"https:\/\/gretasexylingerie.com\/da\/wp-json\/wp\/v2\/media?parent=48833"}],"wp:term":[{"taxonomy":"product_brand","embeddable":true,"href":"https:\/\/gretasexylingerie.com\/da\/wp-json\/wp\/v2\/product_brand?post=48833"},{"taxonomy":"product_cat","embeddable":true,"href":"https:\/\/gretasexylingerie.com\/da\/wp-json\/wp\/v2\/product_cat?post=48833"},{"taxonomy":"product_tag","embeddable":true,"href":"https:\/\/gretasexylingerie.com\/da\/wp-json\/wp\/v2\/product_tag?post=48833"}],"curies":[{"name":"wp","href":"https:\/\/api.w.org\/{rel}","templated":true}]}}