{"id":48791,"date":"2024-01-26T11:15:32","date_gmt":"2024-01-26T03:15:32","guid":{"rendered":"https:\/\/gretasexylingerie.com\/?post_type=product&#038;p=48791"},"modified":"2024-02-20T11:40:26","modified_gmt":"2024-02-20T03:40:26","slug":"engros-broderet-bh-og-trusse-saet","status":"publish","type":"product","link":"https:\/\/gretasexylingerie.com\/da\/products\/wholesale-embroidered-bra-and-panty-set\/","title":{"rendered":"Engros broderet bh og trusser s\u00e6t med pink mesh nederdel"},"content":{"rendered":"<p><strong>Uds\u00f8gte broderede detaljer<\/strong>: Dette s\u00e6t viser smukt broderede blomster, der tilbyder et luksuri\u00f8st og sofistikeret look. Det indviklede broderi er ideelt for dem, der s\u00e6tter pris p\u00e5 de finere detaljer i deres <strong>dyrt bh og trusses\u00e6t<\/strong>, hvilket g\u00f8r det til et perfekt valg til eksklusive butikker.<\/p>\n<p><strong>Pink mesh nederdel<\/strong>: Tilf\u00f8jelsen af en pink mesh-nederdel tilf\u00f8jer et unikt og legende touch til s\u00e6ttet. Denne funktion forbedrer ikke kun den \u00e6stetiske appel, men tilf\u00f8jer ogs\u00e5 en f\u00f8lelse af finurlighed og charme, der adskiller den i enhver <strong>lingeri kjole s\u00e6t<\/strong> kollektion.<\/p>\n<p><strong>Gennemsigtigt mesh stof<\/strong>: Brugen af gennemsigtigt mesh i bh- og trusses\u00e6ttet giver et pirrende glimt af, hvad der gemmer sig under, og skaber en perfekt balance mellem tiltr\u00e6kning og elegance. Det er et ideelt valg for kunder, der s\u00f8ger lingeri, der er b\u00e5de forf\u00f8rende og smagfuldt designet.<\/p>\n<p><strong>Luksuri\u00f8s og feminin<\/strong>: Kombinationen af pink mesh og delikat broderi skaber et luksuri\u00f8st og feminint look. Dette s\u00e6t er perfekt til kunder, der \u00f8nsker lingeri, der f\u00f8les lige s\u00e5 overd\u00e5digt, som det ser ud.<\/p>\n<p><strong>Alsidig og tidl\u00f8s<\/strong>: Dette bh- og trusses\u00e6t er en alsidig tilf\u00f8jelse til enhver lingerikollektion. Dens tidl\u00f8se design sikrer, at den forbliver et yndlingsvalg til en r\u00e6kke lejligheder, fra specielle n\u00e6tter til hverdagsluksus.<\/p>\n<p><strong>Perfekt til forskellige samlinger<\/strong>: Uanset om det er til en butik eller en st\u00f8rre detailbutik, er dette s\u00e6t et fremragende valg. Det appellerer til en bred vifte af kunder, der s\u00f8ger kvalitet, elegance og stil i deres lingeri.<\/p>\n<p>Inviter dine kunder til at opleve den luksuri\u00f8se charme ved vores broderede bh- og trusses\u00e6t. Dens unikke design og opm\u00e6rksomhed p\u00e5 detaljer g\u00f8r den til et must-have for enhver kollektion, der \u00f8nsker at tilbyde en blanding af sofistikeret og moderne stil. Bestil nu for at tilf\u00f8je et strejf af raffineret sk\u00f8nhed til dine tilbud!<\/p>\n\n\n<figure class=\"wp-block-table\"><table><tbody><tr><td class=\"has-text-align-center\" data-align=\"center\" colspan=\"7\"><strong>St\u00f8rrelsesdiagram (CM)<\/strong><\/td><\/tr><tr><td class=\"has-text-align-center\" data-align=\"center\"><strong>St\u00f8rrelse<\/strong><\/td><td class=\"has-text-align-center\" data-align=\"center\"><strong>Koph\u00f8jde (cm)<\/strong><\/td><td class=\"has-text-align-center\" data-align=\"center\"><strong>Underbryst (cm)<\/strong><\/td><td class=\"has-text-align-center\" data-align=\"center\"><strong>Trusser talje (cm)<\/strong><\/td><td class=\"has-text-align-center\" data-align=\"center\"><strong>Trusser l\u00e6ngde (cm)<\/strong><\/td><td><strong>Talje (cm)<\/strong><\/td><\/tr><tr><td class=\"has-text-align-center\" data-align=\"center\">S<\/td><td class=\"has-text-align-center\" data-align=\"center\">16<\/td><td class=\"has-text-align-center\" data-align=\"center\">68<\/td><td class=\"has-text-align-center\" data-align=\"center\">64<\/td><td class=\"has-text-align-center\" data-align=\"center\">24<\/td><td>64<\/td><\/tr><tr><td class=\"has-text-align-center\" data-align=\"center\">M<\/td><td class=\"has-text-align-center\" data-align=\"center\">17<\/td><td class=\"has-text-align-center\" data-align=\"center\">72<\/td><td class=\"has-text-align-center\" data-align=\"center\">68<\/td><td class=\"has-text-align-center\" data-align=\"center\">25<\/td><td>68<\/td><\/tr><tr><td class=\"has-text-align-center\" data-align=\"center\">L<\/td><td class=\"has-text-align-center\" data-align=\"center\">18<\/td><td class=\"has-text-align-center\" data-align=\"center\">76<\/td><td class=\"has-text-align-center\" data-align=\"center\">72<\/td><td class=\"has-text-align-center\" data-align=\"center\">26<\/td><td>72<\/td><\/tr><tr><td class=\"has-text-align-center\" data-align=\"center\">XL<\/td><td class=\"has-text-align-center\" data-align=\"center\">19<\/td><td class=\"has-text-align-center\" data-align=\"center\">80<\/td><td class=\"has-text-align-center\" data-align=\"center\">76<\/td><td class=\"has-text-align-center\" data-align=\"center\">27<\/td><td>76<\/td><\/tr><tr><td class=\"has-text-align-center\" data-align=\"center\" colspan=\"7\"><strong>St\u00f8rrelsesdiagram (INCH)<\/strong><\/td><\/tr><tr><td class=\"has-text-align-center\" data-align=\"center\"><strong>St\u00f8rrelse<\/strong><\/td><td class=\"has-text-align-center\" data-align=\"center\"><strong>Koph\u00f8jde (in)<\/strong><\/td><td class=\"has-text-align-center\" data-align=\"center\"><strong>Underbust (ind)<\/strong><\/td><td class=\"has-text-align-center\" data-align=\"center\"><strong>Trusser talje (ind)<\/strong><\/td><td class=\"has-text-align-center\" data-align=\"center\"><strong>Trusser L\u00e6ngde (in)<\/strong><\/td><td><strong>Talje (ind)<\/strong><\/td><\/tr><tr><td class=\"has-text-align-center\" data-align=\"center\">S<\/td><td class=\"has-text-align-center\" data-align=\"center\">6.30<\/td><td class=\"has-text-align-center\" data-align=\"center\">26.77<\/td><td class=\"has-text-align-center\" data-align=\"center\">25.20<\/td><td class=\"has-text-align-center\" data-align=\"center\">9.45<\/td><td>25.20<\/td><\/tr><tr><td class=\"has-text-align-center\" data-align=\"center\">M<\/td><td class=\"has-text-align-center\" data-align=\"center\">6.69<\/td><td class=\"has-text-align-center\" data-align=\"center\">28.35<\/td><td class=\"has-text-align-center\" data-align=\"center\">26.77<\/td><td class=\"has-text-align-center\" data-align=\"center\">9.84<\/td><td>26.77<\/td><\/tr><tr><td class=\"has-text-align-center\" data-align=\"center\">L<\/td><td class=\"has-text-align-center\" data-align=\"center\">7.09<\/td><td class=\"has-text-align-center\" data-align=\"center\">29.92<\/td><td class=\"has-text-align-center\" data-align=\"center\">28.35<\/td><td class=\"has-text-align-center\" data-align=\"center\">10.24<\/td><td>28.35<\/td><\/tr><tr><td class=\"has-text-align-center\" data-align=\"center\">XL<\/td><td class=\"has-text-align-center\" data-align=\"center\">7.48<\/td><td class=\"has-text-align-center\" data-align=\"center\">31.50<\/td><td class=\"has-text-align-center\" data-align=\"center\">29.92<\/td><td class=\"has-text-align-center\" data-align=\"center\">10.63<\/td><td>29.92<\/td><\/tr><\/tbody><\/table><\/figure>","protected":false},"excerpt":{"rendered":"<p>Gl\u00e6d dig over vores elegance <strong>broderet bh og trusses\u00e6t<\/strong>, med en pink mesh-nederdel med smukt broderede blomster p\u00e5 gennemsigtigt mesh, der er indbegrebet af luksuslingeri.<\/p>","protected":false},"featured_media":48783,"template":"","meta":[],"product_brand":[],"product_cat":[378,379,367],"product_tag":[507,448,454,446],"class_list":{"0":"post-48791","1":"product","2":"type-product","3":"status-publish","4":"has-post-thumbnail","6":"product_cat-wholesale-garter-straps","7":"product_cat-wholesale-harness-bodysuit","8":"product_cat-sexy-lingerie","9":"product_tag-three-pcs-set","10":"product_tag-wholesale-elegant-sexy-lingerie","11":"product_tag-wholesale-sexy-embroidered-lingerie","12":"product_tag-wholesale-sexy-see-through-lingerie","13":"pa_color-pink-women-sexy-lingerie","14":"pa_size-wholesale-large-size-women-sexy-lingerie","15":"pa_size-wholesale-medium-size-women-sexy-lingerie","16":"pa_size-wholesale-small-size-sexy-lingerie","17":"pa_size-wholesale-extra-large-sexy-lingerie","19":"first","20":"instock","21":"taxable","22":"shipping-taxable","23":"purchasable","24":"product-type-variable"},"tiered_pricing_type":"fixed","tiered_pricing_fixed_rules":[],"tiered_pricing_product_settings":{"layout":"table","base_unit_name":{"singular":null,"plural":null},"default_variation":null},"tiered_pricing_minimum_quantity":null,"tiered_pricing_roles_data":[],"tiered_pricing_percentage_rules":[],"tiered_pricing_maximum_quantity":null,"tiered_pricing_quantity_step":null,"_links":{"self":[{"href":"https:\/\/gretasexylingerie.com\/da\/wp-json\/wp\/v2\/product\/48791","targetHints":{"allow":["GET"]}}],"collection":[{"href":"https:\/\/gretasexylingerie.com\/da\/wp-json\/wp\/v2\/product"}],"about":[{"href":"https:\/\/gretasexylingerie.com\/da\/wp-json\/wp\/v2\/types\/product"}],"wp:featuredmedia":[{"embeddable":true,"href":"https:\/\/gretasexylingerie.com\/da\/wp-json\/wp\/v2\/media\/48783"}],"wp:attachment":[{"href":"https:\/\/gretasexylingerie.com\/da\/wp-json\/wp\/v2\/media?parent=48791"}],"wp:term":[{"taxonomy":"product_brand","embeddable":true,"href":"https:\/\/gretasexylingerie.com\/da\/wp-json\/wp\/v2\/product_brand?post=48791"},{"taxonomy":"product_cat","embeddable":true,"href":"https:\/\/gretasexylingerie.com\/da\/wp-json\/wp\/v2\/product_cat?post=48791"},{"taxonomy":"product_tag","embeddable":true,"href":"https:\/\/gretasexylingerie.com\/da\/wp-json\/wp\/v2\/product_tag?post=48791"}],"curies":[{"name":"wp","href":"https:\/\/api.w.org\/{rel}","templated":true}]}}