{"id":48685,"date":"2024-01-26T11:03:04","date_gmt":"2024-01-26T03:03:04","guid":{"rendered":"https:\/\/gretasexylingerie.com\/?post_type=product&#038;p=48685"},"modified":"2024-02-23T00:27:26","modified_gmt":"2024-02-22T16:27:26","slug":"engros-moderne-bh-og-trusser-saet","status":"publish","type":"product","link":"https:\/\/gretasexylingerie.com\/da\/products\/wholesale-modern-bra-and-panties-set\/","title":{"rendered":"Engros moderne bh og trusser s\u00e6t med str\u00f8mpeb\u00e5nd"},"content":{"rendered":"<p><strong>Kors skulderstropper<\/strong>: De krydsende skulderstropper i dette s\u00e6t tilf\u00f8jer et moderne og stilfuldt twist til det klassiske bh-design. Denne funktion forbedrer ikke kun den \u00e6stetiske appel, men giver ogs\u00e5 en sikker og behagelig pasform, hvilket g\u00f8r den til et popul\u00e6rt valg i alle <strong>moderne bh og trusser<\/strong> kollektion.<\/p>\n\n\n\n<p><strong>Gennemsigtigt mesh materiale<\/strong>: Brugen af gennemsigtigt mesh-materiale i b\u00e5de bh&#039;en og trusserne giver et fristende, men alligevel sofistikeret look. Denne rene elegance er perfekt til dem, der s\u00e6tter pris p\u00e5 tillokkelsen af subtilitet i deres lingeri, hvilket g\u00f8r det til et fremtr\u00e6dende stykke i enhver <strong>lingeri s\u00e6t gennemsigtigt<\/strong> r\u00e6kkevidde.<\/p>\n\n\n\n<p><strong>Fire-lags strappy linning og benl\u00f8kker<\/strong>: B\u00e5ndet og benstropperne er sammensat af fire lag stropper, hvilket tilf\u00f8jer en unik og f\u00e6ngslende dimension til s\u00e6ttet. Disse indviklede detaljer er ideel til kunder, der leder efter lingeri, der kombinerer dristigt design med et strejf af elegance.<\/p>\n\n\n\n<p><strong>Alsidig og fashion-forward<\/strong>: Dette s\u00e6t er ikke kun lingeri; det er et fashion statement. Dens unikke design og opm\u00e6rksomhed p\u00e5 detaljer g\u00f8r den til et must-have for enhver kollektion, der \u00f8nsker at tilbyde en blanding af moderne stil og sensualitet.<\/p>\n\n\n\n<p><strong>Perfekt til forskellige lejligheder<\/strong>: Uanset om det er til en speciel aften i byen, en romantisk aften eller som et modigt fashion statement, er dette bh og str\u00f8mpeb\u00e5ndss\u00e6t alsidigt nok til at passe til forskellige lejligheder, hvilket g\u00f8r det til en v\u00e6rdifuld tilf\u00f8jelse til enhver lingeri eller modekollektion.<\/p>\n\n\n\n<p>Inviter dine kunder til at opleve den moderne charme ved vores bh- og str\u00f8mpeb\u00e5ndss\u00e6t. Dens moderne design og opm\u00e6rksomhed p\u00e5 detaljer g\u00f8r den til en fremtr\u00e6dende tilf\u00f8jelse til enhver avanceret lingerikollektion. Bestil nu og giv dine kunder et strejf af sofistikering, stil og moderne elegance!<\/p>\n\n\n\n<figure class=\"wp-block-table\"><table><tbody><tr><td class=\"has-text-align-center\" data-align=\"center\" colspan=\"6\"><strong>St\u00f8rrelsesdiagram (CM)<\/strong><\/td><\/tr><tr><td class=\"has-text-align-center\" data-align=\"center\"><strong>St\u00f8rrelse<\/strong><\/td><td class=\"has-text-align-center\" data-align=\"center\"><strong>L\u00e6ngde (cm)<\/strong><\/td><td class=\"has-text-align-center\" data-align=\"center\"><strong>Under brystet (cm)<\/strong><\/td><td class=\"has-text-align-center\" data-align=\"center\"><strong>Trusser talje (cm)<\/strong><\/td><td class=\"has-text-align-center\" data-align=\"center\"><strong>Talje (cm)<\/strong><\/td><td class=\"has-text-align-center\" data-align=\"center\"><strong>Trusser l\u00e6ngde (cm)<\/strong><\/td><\/tr><tr><td class=\"has-text-align-center\" data-align=\"center\">S<\/td><td class=\"has-text-align-center\" data-align=\"center\">14<\/td><td class=\"has-text-align-center\" data-align=\"center\">64-84<\/td><td class=\"has-text-align-center\" data-align=\"center\">64-88<\/td><td class=\"has-text-align-center\" data-align=\"center\">66<\/td><td class=\"has-text-align-center\" data-align=\"center\">21<\/td><\/tr><tr><td class=\"has-text-align-center\" data-align=\"center\">M<\/td><td class=\"has-text-align-center\" data-align=\"center\">14.5<\/td><td class=\"has-text-align-center\" data-align=\"center\">68-88<\/td><td class=\"has-text-align-center\" data-align=\"center\">68-92<\/td><td class=\"has-text-align-center\" data-align=\"center\">70<\/td><td class=\"has-text-align-center\" data-align=\"center\">22<\/td><\/tr><tr><td class=\"has-text-align-center\" data-align=\"center\">L<\/td><td class=\"has-text-align-center\" data-align=\"center\">15<\/td><td class=\"has-text-align-center\" data-align=\"center\">72-92<\/td><td class=\"has-text-align-center\" data-align=\"center\">72-96<\/td><td class=\"has-text-align-center\" data-align=\"center\">74<\/td><td class=\"has-text-align-center\" data-align=\"center\">23<\/td><\/tr><tr><td class=\"has-text-align-center\" data-align=\"center\" colspan=\"6\"><strong>St\u00f8rrelsesdiagram (INCH)<\/strong><\/td><\/tr><tr><td class=\"has-text-align-center\" data-align=\"center\"><strong>St\u00f8rrelse<\/strong><\/td><td class=\"has-text-align-center\" data-align=\"center\"><strong>L\u00e6ngde (in)<\/strong><\/td><td class=\"has-text-align-center\" data-align=\"center\"><strong>Under buste (i)<\/strong><\/td><td class=\"has-text-align-center\" data-align=\"center\"><strong>Trusser talje (ind)<\/strong><\/td><td class=\"has-text-align-center\" data-align=\"center\"><strong>Talje (ind)<\/strong><\/td><td class=\"has-text-align-center\" data-align=\"center\"><strong>Trusser L\u00e6ngde (in)<\/strong><\/td><\/tr><tr><td class=\"has-text-align-center\" data-align=\"center\">S<\/td><td class=\"has-text-align-center\" data-align=\"center\">5.51<\/td><td class=\"has-text-align-center\" data-align=\"center\">25.20-33.07<\/td><td class=\"has-text-align-center\" data-align=\"center\">25.20-34.65<\/td><td class=\"has-text-align-center\" data-align=\"center\">25.98<\/td><td class=\"has-text-align-center\" data-align=\"center\">8.27<\/td><\/tr><tr><td class=\"has-text-align-center\" data-align=\"center\">M<\/td><td class=\"has-text-align-center\" data-align=\"center\">5.71<\/td><td class=\"has-text-align-center\" data-align=\"center\">26.77-34.65<\/td><td class=\"has-text-align-center\" data-align=\"center\">26.77-36.22<\/td><td class=\"has-text-align-center\" data-align=\"center\">27.56<\/td><td class=\"has-text-align-center\" data-align=\"center\">8.66<\/td><\/tr><tr><td class=\"has-text-align-center\" data-align=\"center\">L<\/td><td class=\"has-text-align-center\" data-align=\"center\">5.91<\/td><td class=\"has-text-align-center\" data-align=\"center\">28.35-36.22<\/td><td class=\"has-text-align-center\" data-align=\"center\">28.35-37.80<\/td><td class=\"has-text-align-center\" data-align=\"center\">29.13<\/td><td class=\"has-text-align-center\" data-align=\"center\">9.06<\/td><\/tr><\/tbody><\/table><\/figure>","protected":false},"excerpt":{"rendered":"<p>Omfavn moderne tiltr\u00e6kning med vores <strong>bh og str\u00f8mpeb\u00e5nd s\u00e6t<\/strong>, med krydsskulderstropper og gennemsigtigt mesh-materiale, suppleret med en unik fire-lags stropper i linningen og benstropper.<\/p>","protected":false},"featured_media":48653,"template":"","meta":[],"product_brand":[],"product_cat":[378,367,375],"product_tag":[507,452,524,447],"class_list":{"0":"post-48685","1":"product","2":"type-product","3":"status-publish","4":"has-post-thumbnail","6":"product_cat-wholesale-garter-straps","7":"product_cat-sexy-lingerie","8":"product_cat-whoelsale-sheer-bra-and-panty-sets","9":"product_tag-three-pcs-set","10":"product_tag-wholesale-boudoir-lingerie","11":"product_tag-metal-lingerie","12":"product_tag-wholesale-strappy-sexy-lingerie","13":"pa_color-bisque-women-sexy-lingerie","14":"pa_color-black","15":"pa_color-lime-women-sexy-lingerie","16":"pa_color-red-women-sexy-lingerie","17":"pa_size-wholesale-large-size-women-sexy-lingerie","18":"pa_size-wholesale-medium-size-women-sexy-lingerie","19":"pa_size-wholesale-small-size-sexy-lingerie","21":"first","22":"instock","23":"taxable","24":"shipping-taxable","25":"purchasable","26":"product-type-variable"},"tiered_pricing_type":"fixed","tiered_pricing_fixed_rules":[],"tiered_pricing_product_settings":{"layout":"table","base_unit_name":{"singular":null,"plural":null},"default_variation":null},"tiered_pricing_minimum_quantity":null,"tiered_pricing_roles_data":[],"tiered_pricing_percentage_rules":[],"tiered_pricing_maximum_quantity":null,"tiered_pricing_quantity_step":null,"_links":{"self":[{"href":"https:\/\/gretasexylingerie.com\/da\/wp-json\/wp\/v2\/product\/48685","targetHints":{"allow":["GET"]}}],"collection":[{"href":"https:\/\/gretasexylingerie.com\/da\/wp-json\/wp\/v2\/product"}],"about":[{"href":"https:\/\/gretasexylingerie.com\/da\/wp-json\/wp\/v2\/types\/product"}],"wp:featuredmedia":[{"embeddable":true,"href":"https:\/\/gretasexylingerie.com\/da\/wp-json\/wp\/v2\/media\/48653"}],"wp:attachment":[{"href":"https:\/\/gretasexylingerie.com\/da\/wp-json\/wp\/v2\/media?parent=48685"}],"wp:term":[{"taxonomy":"product_brand","embeddable":true,"href":"https:\/\/gretasexylingerie.com\/da\/wp-json\/wp\/v2\/product_brand?post=48685"},{"taxonomy":"product_cat","embeddable":true,"href":"https:\/\/gretasexylingerie.com\/da\/wp-json\/wp\/v2\/product_cat?post=48685"},{"taxonomy":"product_tag","embeddable":true,"href":"https:\/\/gretasexylingerie.com\/da\/wp-json\/wp\/v2\/product_tag?post=48685"}],"curies":[{"name":"wp","href":"https:\/\/api.w.org\/{rel}","templated":true}]}}