{"id":48618,"date":"2024-01-26T10:54:06","date_gmt":"2024-01-26T02:54:06","guid":{"rendered":"https:\/\/gretasexylingerie.com\/?post_type=product&#038;p=48618"},"modified":"2024-12-29T17:27:29","modified_gmt":"2024-12-29T09:27:29","slug":"engros-stilfuldt-gennemsigtig-bh-trussesaet","status":"publish","type":"product","link":"https:\/\/gretasexylingerie.com\/da\/products\/wholesale-stylish-see-through-bra-panty-set\/","title":{"rendered":"Engros stilfuldt gennemsigtig bh-trusses\u00e6t med broderi"},"content":{"rendered":"<p><strong>Transparent Mesh Elegance<\/strong>: S\u00e6ttets gennemsigtige mesh-stof tilbyder et fristende, men sofistikeret look, perfekt til dem, der s\u00e6tter pris p\u00e5 forlokkelsen ved gennemsigtige designs. Denne funktion g\u00f8r s\u00e6ttet til et fremragende valg i enhver <strong>gennemsigtig bh og trusses\u00e6t<\/strong> kollektion.<\/p>\n\n\n\n<p><strong>Uds\u00f8gte broderidetaljer<\/strong>: Hvert stykke er prydet med delikat broderi, der tilf\u00f8jer et strejf af luksus og forviklinger. Dette fine h\u00e5ndv\u00e6rk appellerer til kunder, der v\u00e6rds\u00e6tter detaljerede og kunstneriske designs i deres lingeri, og tilbyder et unikt og elegant touch.<\/p>\n\n\n\n<p><strong>Halter hals og skulderrem design<\/strong>: Den innovative kombination af halternekke og skulderstropper giver b\u00e5de stil og st\u00f8tte. Dette designelement tilf\u00f8jer et moderne twist til s\u00e6ttet, hvilket g\u00f8r det til et moderigtigt valg for <strong>bh trusser nyeste design<\/strong> s\u00f8gende.<\/p>\n\n\n\n<p><strong>Komplet firedelt ensemble<\/strong>: Inklusive en bh, trusse, str\u00f8mpeb\u00e5nd og benring giver dette s\u00e6t et koordineret og komplet look, der er b\u00e5de luksuri\u00f8st og lokkende. Det er perfekt til kunder, der s\u00f8ger en omfattende lingeril\u00f8sning.<\/p>\n\n\n\n<p><strong>Alsidig og fashion-forward<\/strong>: Dette s\u00e6t er ikke kun lingeri; det er et fashion statement. Dens unikke design og opm\u00e6rksomhed p\u00e5 detaljer g\u00f8r den til et must-have for enhver kollektion, der \u00f8nsker at tilbyde en blanding af moderne stil og klassisk elegance.<\/p>\n\n\n\n<p><strong>Perfekt til forskellige samlinger<\/strong>: Uanset om det er til en butik eller en st\u00f8rre detailbutik, er dette s\u00e6t et fremragende valg. Det appellerer til en bred vifte af kunder, der s\u00f8ger kvalitet, komfort og stil i deres lingeri.<\/p>\n\n\n\n<p>Inviter dine kunder til at opleve den luksuri\u00f8se charme ved vores stilfulde bh- og trusses\u00e6t. Dens uds\u00f8gte design og opm\u00e6rksomhed p\u00e5 detaljer g\u00f8r den til et must-have til enhver avanceret lingerikollektion. Bestil nu for at tilbyde dine kunder et strejf af sofistikering og moderne stil!<\/p>\n\n\n\n<figure class=\"wp-block-table\"><table><tbody><tr><td class=\"has-text-align-center\" data-align=\"center\" colspan=\"6\"><strong>St\u00f8rrelsesdiagram (CM)<\/strong><\/td><\/tr><tr><td class=\"has-text-align-center\" data-align=\"center\"><strong>St\u00f8rrelse<\/strong><\/td><td class=\"has-text-align-center\" data-align=\"center\"><strong>L\u00e6ngde (cm)<\/strong><\/td><td class=\"has-text-align-center\" data-align=\"center\"><strong>Underbryst (cm)<\/strong><\/td><td class=\"has-text-align-center\" data-align=\"center\"><strong>Trusser talje (cm)<\/strong><\/td><td class=\"has-text-align-center\" data-align=\"center\"><strong>Talje (cm)<\/strong><\/td><td class=\"has-text-align-center\" data-align=\"center\"><strong>Trusser l\u00e6ngde (cm)<\/strong><\/td><\/tr><tr><td class=\"has-text-align-center\" data-align=\"center\">S<\/td><td class=\"has-text-align-center\" data-align=\"center\">16<\/td><td class=\"has-text-align-center\" data-align=\"center\">70-84<\/td><td class=\"has-text-align-center\" data-align=\"center\">66-94<\/td><td class=\"has-text-align-center\" data-align=\"center\">60<\/td><td class=\"has-text-align-center\" data-align=\"center\">21<\/td><\/tr><tr><td class=\"has-text-align-center\" data-align=\"center\">M<\/td><td class=\"has-text-align-center\" data-align=\"center\">17<\/td><td class=\"has-text-align-center\" data-align=\"center\">74-88<\/td><td class=\"has-text-align-center\" data-align=\"center\">70-98<\/td><td class=\"has-text-align-center\" data-align=\"center\">64<\/td><td class=\"has-text-align-center\" data-align=\"center\">22<\/td><\/tr><tr><td class=\"has-text-align-center\" data-align=\"center\">L<\/td><td class=\"has-text-align-center\" data-align=\"center\">18<\/td><td class=\"has-text-align-center\" data-align=\"center\">78-92<\/td><td class=\"has-text-align-center\" data-align=\"center\">74-102<\/td><td class=\"has-text-align-center\" data-align=\"center\">68<\/td><td class=\"has-text-align-center\" data-align=\"center\">23<\/td><\/tr><tr><td class=\"has-text-align-center\" data-align=\"center\" colspan=\"6\"><strong>St\u00f8rrelsesdiagram (INCH)<\/strong><\/td><\/tr><tr><td class=\"has-text-align-center\" data-align=\"center\"><strong>St\u00f8rrelse<\/strong><\/td><td class=\"has-text-align-center\" data-align=\"center\"><strong>L\u00e6ngde (in)<\/strong><\/td><td class=\"has-text-align-center\" data-align=\"center\"><strong>Underbust (ind)<\/strong><\/td><td class=\"has-text-align-center\" data-align=\"center\"><strong>Trusser talje (ind)<\/strong><\/td><td class=\"has-text-align-center\" data-align=\"center\"><strong>Talje (ind)<\/strong><\/td><td class=\"has-text-align-center\" data-align=\"center\"><strong>Trusser L\u00e6ngde (in)<\/strong><\/td><\/tr><tr><td class=\"has-text-align-center\" data-align=\"center\">S<\/td><td class=\"has-text-align-center\" data-align=\"center\">6.30<\/td><td class=\"has-text-align-center\" data-align=\"center\">27.56-33.07<\/td><td class=\"has-text-align-center\" data-align=\"center\">25.98-37.01<\/td><td class=\"has-text-align-center\" data-align=\"center\">23.62<\/td><td class=\"has-text-align-center\" data-align=\"center\">8.27<\/td><\/tr><tr><td class=\"has-text-align-center\" data-align=\"center\">M<\/td><td class=\"has-text-align-center\" data-align=\"center\">6.69<\/td><td class=\"has-text-align-center\" data-align=\"center\">29.13-34.65<\/td><td class=\"has-text-align-center\" data-align=\"center\">27.56-38.58<\/td><td class=\"has-text-align-center\" data-align=\"center\">25.20<\/td><td class=\"has-text-align-center\" data-align=\"center\">8.66<\/td><\/tr><tr><td class=\"has-text-align-center\" data-align=\"center\">L<\/td><td class=\"has-text-align-center\" data-align=\"center\">7.09<\/td><td class=\"has-text-align-center\" data-align=\"center\">30.71-36.22<\/td><td class=\"has-text-align-center\" data-align=\"center\">29.13-40.16<\/td><td class=\"has-text-align-center\" data-align=\"center\">26.77<\/td><td class=\"has-text-align-center\" data-align=\"center\">8.66<\/td><\/tr><\/tbody><\/table><\/figure>","protected":false},"excerpt":{"rendered":"<p>Omfavn moderne elegance med vores <strong>stilfuldt bh-trusses\u00e6t<\/strong>, med gennemsigtigt mesh med uds\u00f8gt broderi og et unikt design med halterneck og skulderrem.<\/p>","protected":false},"featured_media":48601,"template":"","meta":[],"product_brand":[],"product_cat":[378,367,375],"product_tag":[507,452,454,522,865],"class_list":{"0":"post-48618","1":"product","2":"type-product","3":"status-publish","4":"has-post-thumbnail","6":"product_cat-wholesale-garter-straps","7":"product_cat-sexy-lingerie","8":"product_cat-whoelsale-sheer-bra-and-panty-sets","9":"product_tag-three-pcs-set","10":"product_tag-wholesale-boudoir-lingerie","11":"product_tag-wholesale-sexy-embroidered-lingerie","12":"product_tag-eyelash-lingerie","13":"product_tag-sexy-skimpy-lingerie","14":"pa_color-blue-women-sexy-lingerie","15":"pa_color-white","16":"pa_size-wholesale-large-size-women-sexy-lingerie","17":"pa_size-wholesale-medium-size-women-sexy-lingerie","18":"pa_size-wholesale-small-size-sexy-lingerie","20":"first","21":"outofstock","22":"taxable","23":"shipping-taxable","24":"purchasable","25":"product-type-variable"},"tiered_pricing_type":"fixed","tiered_pricing_fixed_rules":[],"tiered_pricing_product_settings":{"layout":"table","base_unit_name":{"singular":null,"plural":null},"default_variation":null},"tiered_pricing_minimum_quantity":null,"tiered_pricing_roles_data":[],"tiered_pricing_percentage_rules":[],"tiered_pricing_maximum_quantity":null,"tiered_pricing_quantity_step":null,"_links":{"self":[{"href":"https:\/\/gretasexylingerie.com\/da\/wp-json\/wp\/v2\/product\/48618","targetHints":{"allow":["GET"]}}],"collection":[{"href":"https:\/\/gretasexylingerie.com\/da\/wp-json\/wp\/v2\/product"}],"about":[{"href":"https:\/\/gretasexylingerie.com\/da\/wp-json\/wp\/v2\/types\/product"}],"wp:featuredmedia":[{"embeddable":true,"href":"https:\/\/gretasexylingerie.com\/da\/wp-json\/wp\/v2\/media\/48601"}],"wp:attachment":[{"href":"https:\/\/gretasexylingerie.com\/da\/wp-json\/wp\/v2\/media?parent=48618"}],"wp:term":[{"taxonomy":"product_brand","embeddable":true,"href":"https:\/\/gretasexylingerie.com\/da\/wp-json\/wp\/v2\/product_brand?post=48618"},{"taxonomy":"product_cat","embeddable":true,"href":"https:\/\/gretasexylingerie.com\/da\/wp-json\/wp\/v2\/product_cat?post=48618"},{"taxonomy":"product_tag","embeddable":true,"href":"https:\/\/gretasexylingerie.com\/da\/wp-json\/wp\/v2\/product_tag?post=48618"}],"curies":[{"name":"wp","href":"https:\/\/api.w.org\/{rel}","templated":true}]}}