{"id":48519,"date":"2024-01-24T19:37:34","date_gmt":"2024-01-24T11:37:34","guid":{"rendered":"https:\/\/gretasexylingerie.com\/?post_type=product&#038;p=48519"},"modified":"2024-02-20T11:59:29","modified_gmt":"2024-02-20T03:59:29","slug":"engros-blonde-bh-og-undertoj-saet","status":"publish","type":"product","link":"https:\/\/gretasexylingerie.com\/da\/products\/wholesale-lace-bra-and-underwear-set\/","title":{"rendered":"Engros blonde-bh og undert\u00f8jss\u00e6t i hudfarve og lysebl\u00e5"},"content":{"rendered":"<p><strong>Hudfarvet blondeelegance<\/strong>: S\u00e6ttets hudfarvede blonder tilbyder et klassisk og sofistikeret look, der blander sig problemfrit med forskellige hudtoner. Denne delikate blondedetaljer er perfekt til dem, der s\u00e6tter pris p\u00e5 underspillet elegance i deres <strong>dame trusses\u00e6t<\/strong>.<\/p>\n\n\n\n<p><strong>Kontrasterende lysebl\u00e5t stof<\/strong>: Det lysebl\u00e5 stof giver en bl\u00f8d, kontrastfuld baggrund til den hudfarvede blonde, og tilf\u00f8jer et strejf af fredfyldt sk\u00f8nhed til designet. Denne unikke kombination adskiller s\u00e6ttet i enhver <strong>designer bh trusser<\/strong> kollektion, der tilbyder et frisk og moderne bud p\u00e5 klassiske lingeri-stilarter.<\/p>\n\n\n\n<p><strong>Broderede skulderstropper<\/strong>: De smukt broderede skulderstropper er ikke kun funktionelle; de tilf\u00f8jer et kunstnerisk pr\u00e6g til s\u00e6ttet. Denne detalje fremh\u00e6ver den overordnede \u00e6stetik, hvilket g\u00f8r bh&#039;en til et b\u00e5de behageligt og stilfuldt valg til hverdagsbrug.<\/p>\n\n\n\n<p><strong>Velegnet til dagligt brug<\/strong>: Designet med komfort og stil i tankerne, dette bh-s\u00e6t er ideelt til dagligt brug. Den tilbyder den perfekte blanding af funktionalitet og mode, hvilket g\u00f8r den til et praktisk, men alligevel smart valg til hverdagslingeri.<\/p>\n\n\n\n<p><strong>Alsidig og tidl\u00f8s<\/strong>: Dette blonde-bh og undert\u00f8jss\u00e6t er en alsidig tilf\u00f8jelse til enhver lingerikollektion. Dens tidl\u00f8se design sikrer, at den forbliver et yndlingsvalg til en r\u00e6kke forskellige lejligheder, fra afslappede dage til specielle aftener.<\/p>\n\n\n\n<p><strong>Perfekt til forskellige samlinger<\/strong>: Uanset om det er til en butik eller en st\u00f8rre detailbutik, er dette s\u00e6t et fremragende valg. Det appellerer til en bred vifte af kunder, der s\u00f8ger kvalitet, komfort og stil i deres lingeri.<\/p>\n\n\n\n<p>Inviter dine kunder til at opleve komforten og elegancen ved vores blonde-bh og undert\u00f8jss\u00e6t. Dens unikke design og sans for detaljer g\u00f8r den til et must-have for enhver kollektion, der \u00f8nsker at tilbyde en blanding af hverdagspraktik og subtil sofistikering. Bestil nu og tilf\u00f8j et strejf af fredfyldt sk\u00f8nhed til dine tilbud!<\/p>\n\n\n\n<figure class=\"wp-block-table\"><table><tbody><tr><td class=\"has-text-align-center\" data-align=\"center\" colspan=\"5\"><strong>St\u00f8rrelsesdiagram (CM)<\/strong><\/td><\/tr><tr><td class=\"has-text-align-center\" data-align=\"center\"><strong>St\u00f8rrelse<\/strong><\/td><td class=\"has-text-align-center\" data-align=\"center\"><strong>Koph\u00f8jde (cm)<\/strong><\/td><td class=\"has-text-align-center\" data-align=\"center\"><strong>Under brystet (cm)<\/strong><\/td><td class=\"has-text-align-center\" data-align=\"center\"><strong>Trusser talje (cm)<\/strong><\/td><td class=\"has-text-align-center\" data-align=\"center\"><strong>L\u00e6ngde (cm)<\/strong><\/td><\/tr><tr><td class=\"has-text-align-center\" data-align=\"center\">S<\/td><td class=\"has-text-align-center\" data-align=\"center\">16<\/td><td class=\"has-text-align-center\" data-align=\"center\">64-86<\/td><td class=\"has-text-align-center\" data-align=\"center\">64-90<\/td><td class=\"has-text-align-center\" data-align=\"center\">20.5<\/td><\/tr><tr><td class=\"has-text-align-center\" data-align=\"center\">M<\/td><td class=\"has-text-align-center\" data-align=\"center\">17<\/td><td class=\"has-text-align-center\" data-align=\"center\">68-92<\/td><td class=\"has-text-align-center\" data-align=\"center\">68-94<\/td><td class=\"has-text-align-center\" data-align=\"center\">21.5<\/td><\/tr><tr><td class=\"has-text-align-center\" data-align=\"center\">L<\/td><td class=\"has-text-align-center\" data-align=\"center\">18<\/td><td class=\"has-text-align-center\" data-align=\"center\">72-96<\/td><td class=\"has-text-align-center\" data-align=\"center\">72-98<\/td><td class=\"has-text-align-center\" data-align=\"center\">22.5<\/td><\/tr><tr><td class=\"has-text-align-center\" data-align=\"center\" colspan=\"5\"><strong>St\u00f8rrelsesdiagram (INCH)<\/strong><\/td><\/tr><tr><td class=\"has-text-align-center\" data-align=\"center\"><strong>St\u00f8rrelse<\/strong><\/td><td class=\"has-text-align-center\" data-align=\"center\"><strong>Koph\u00f8jde (in)<\/strong><\/td><td class=\"has-text-align-center\" data-align=\"center\"><strong>Under buste (i)<\/strong><\/td><td class=\"has-text-align-center\" data-align=\"center\"><strong>Trusser talje (ind)<\/strong><\/td><td class=\"has-text-align-center\" data-align=\"center\"><strong>L\u00e6ngde (in)<\/strong><\/td><\/tr><tr><td class=\"has-text-align-center\" data-align=\"center\">S<\/td><td class=\"has-text-align-center\" data-align=\"center\">6.30<\/td><td class=\"has-text-align-center\" data-align=\"center\">25.20-33.86<\/td><td class=\"has-text-align-center\" data-align=\"center\">25.20-35.43<\/td><td class=\"has-text-align-center\" data-align=\"center\">8.07<\/td><\/tr><tr><td class=\"has-text-align-center\" data-align=\"center\">M<\/td><td class=\"has-text-align-center\" data-align=\"center\">6.69<\/td><td class=\"has-text-align-center\" data-align=\"center\">26.77-36.22<\/td><td class=\"has-text-align-center\" data-align=\"center\">26.77-37.01<\/td><td class=\"has-text-align-center\" data-align=\"center\">8.46<\/td><\/tr><tr><td class=\"has-text-align-center\" data-align=\"center\">L<\/td><td class=\"has-text-align-center\" data-align=\"center\">7.09<\/td><td class=\"has-text-align-center\" data-align=\"center\">28.35-37.80<\/td><td class=\"has-text-align-center\" data-align=\"center\">28.35-38.58<\/td><td class=\"has-text-align-center\" data-align=\"center\">8.86<\/td><\/tr><\/tbody><\/table><\/figure>","protected":false},"excerpt":{"rendered":"<p>Oplev vores subtile elegance <strong>blonde bh og undert\u00f8j s\u00e6t<\/strong>, med en unik kontrast af hudfarvede blonder og lysebl\u00e5t stof, komplet med broderede skulderstropper, ideel til daglig brug.<\/p>","protected":false},"featured_media":48507,"template":"","meta":[],"product_brand":[],"product_cat":[368,369,367],"product_tag":[452,875,446,880,865],"class_list":{"0":"post-48519","1":"product","2":"type-product","3":"status-publish","4":"has-post-thumbnail","6":"product_cat-bra-panty-set","7":"product_cat-wholesale-lace-bra-and-panty-sets","8":"product_cat-sexy-lingerie","9":"product_tag-wholesale-boudoir-lingerie","10":"product_tag-lace-sexy-lingerie","11":"product_tag-wholesale-sexy-see-through-lingerie","12":"product_tag-sexy-2-piece-lingerie","13":"product_tag-sexy-skimpy-lingerie","14":"pa_color-light-blue-women-sexy-lingerie","15":"pa_size-wholesale-large-size-women-sexy-lingerie","16":"pa_size-wholesale-medium-size-women-sexy-lingerie","17":"pa_size-wholesale-small-size-sexy-lingerie","19":"first","20":"instock","21":"taxable","22":"shipping-taxable","23":"purchasable","24":"product-type-variable"},"tiered_pricing_type":"fixed","tiered_pricing_fixed_rules":[],"tiered_pricing_product_settings":{"layout":"table","base_unit_name":{"singular":null,"plural":null},"default_variation":null},"tiered_pricing_minimum_quantity":null,"tiered_pricing_roles_data":[],"tiered_pricing_percentage_rules":[],"tiered_pricing_maximum_quantity":null,"tiered_pricing_quantity_step":null,"_links":{"self":[{"href":"https:\/\/gretasexylingerie.com\/da\/wp-json\/wp\/v2\/product\/48519","targetHints":{"allow":["GET"]}}],"collection":[{"href":"https:\/\/gretasexylingerie.com\/da\/wp-json\/wp\/v2\/product"}],"about":[{"href":"https:\/\/gretasexylingerie.com\/da\/wp-json\/wp\/v2\/types\/product"}],"wp:featuredmedia":[{"embeddable":true,"href":"https:\/\/gretasexylingerie.com\/da\/wp-json\/wp\/v2\/media\/48507"}],"wp:attachment":[{"href":"https:\/\/gretasexylingerie.com\/da\/wp-json\/wp\/v2\/media?parent=48519"}],"wp:term":[{"taxonomy":"product_brand","embeddable":true,"href":"https:\/\/gretasexylingerie.com\/da\/wp-json\/wp\/v2\/product_brand?post=48519"},{"taxonomy":"product_cat","embeddable":true,"href":"https:\/\/gretasexylingerie.com\/da\/wp-json\/wp\/v2\/product_cat?post=48519"},{"taxonomy":"product_tag","embeddable":true,"href":"https:\/\/gretasexylingerie.com\/da\/wp-json\/wp\/v2\/product_tag?post=48519"}],"curies":[{"name":"wp","href":"https:\/\/api.w.org\/{rel}","templated":true}]}}