{"id":48502,"date":"2024-01-24T19:33:36","date_gmt":"2024-01-24T11:33:36","guid":{"rendered":"https:\/\/gretasexylingerie.com\/?post_type=product&#038;p=48502"},"modified":"2024-02-20T12:01:06","modified_gmt":"2024-02-20T04:01:06","slug":"engros-tyndt-sort-blonde-bh-dragt","status":"publish","type":"product","link":"https:\/\/gretasexylingerie.com\/da\/products\/wholesale-skimpy-black-lace-bra-suit\/","title":{"rendered":"Engros Skimpy Black Lace BH-dragt med integrerede stropper"},"content":{"rendered":"<p><strong>Hult mesh stof<\/strong>: BH-dragten er lavet af et hult mesh-stof, der giver et fristende glimt af, hvad der ligger under. Dette materiale tilf\u00f8jer ikke kun et strejf af sensualitet, men sikrer ogs\u00e5 \u00e5ndbarhed og komfort, hvilket g\u00f8r det til et perfekt valg for dem, der s\u00f8ger en balance mellem tillokkelse og praktisk i deres <strong>matchende bh og trusser til kvinder<\/strong>.<\/p>\n\n\n\n<p><strong>Indviklet designede integrerede skulderstropper<\/strong>: De integrerede skulderstropper er ikke kun funktionelle; de er et designerkl\u00e6ring. Disse stropper er indviklet udformet og tilf\u00f8jer en unik og moderne \u00e6stetik til bh&#039;en, der adskiller den fra traditionelle <strong>ny design trusse bh<\/strong> s\u00e6t.<\/p>\n\n\n\n<p><strong>Tre-lags taljetrusser<\/strong>: Trusserne har en karakteristisk 3-lags linning, der tilbyder b\u00e5de stil og st\u00f8tte. Dette designelement tilf\u00f8jer et moderne twist til s\u00e6ttet og appellerer til kunder, der s\u00e6tter pris p\u00e5 innovative lingeridesigns.<\/p>\n\n\n\n<p><strong>BH-design uden ryg<\/strong>: BH-dragtens rygl\u00f8se design tilf\u00f8jer et element af overraskelse og sofistikering. Den er perfekt til dem, der elsker at g\u00f8re et statement med deres lingeri, der tilbyder en blanding af vovemod og elegance.<\/p>\n\n\n\n<p><strong>Perfekt til moderne samlinger<\/strong>: Denne sorte bh-dragt er med sin kombination af hult mesh-stof og unikke designfunktioner en fremragende tilf\u00f8jelse til enhver moderne lingerikollektion. Det er ideelt for dem, der s\u00f8ger at tilbyde deres kunder en blanding af moderne stil og sensuel appel.<\/p>\n\n\n\n<p>Inviter dine kunder til at opleve den moderne elegance i vores tynde sorte blonde-bh-dragt. Dens unikke design og opm\u00e6rksomhed p\u00e5 detaljer g\u00f8r den til en fremtr\u00e6dende tilf\u00f8jelse til enhver high-end lingerikollektion. Bestil nu for at tilbyde dine kunder et strejf af sofistikering, innovation og vovet stil!<\/p>\n\n\n\n<figure class=\"wp-block-table\"><table><tbody><tr><td class=\"has-text-align-center\" data-align=\"center\" colspan=\"4\"><strong>St\u00f8rrelsesdiagram (CM)<\/strong><\/td><\/tr><tr><td class=\"has-text-align-center\" data-align=\"center\"><strong>St\u00f8rrelse<\/strong><\/td><td class=\"has-text-align-center\" data-align=\"center\"><strong>L\u00e6ngde (cm)<\/strong><\/td><td class=\"has-text-align-center\" data-align=\"center\"><strong>Under brystet (cm)<\/strong><\/td><td class=\"has-text-align-center\" data-align=\"center\"><strong>Talje (cm)<\/strong><\/td><\/tr><tr><td class=\"has-text-align-center\" data-align=\"center\">S<\/td><td class=\"has-text-align-center\" data-align=\"center\">15<\/td><td class=\"has-text-align-center\" data-align=\"center\">70<\/td><td class=\"has-text-align-center\" data-align=\"center\">64<\/td><\/tr><tr><td class=\"has-text-align-center\" data-align=\"center\">M<\/td><td class=\"has-text-align-center\" data-align=\"center\">16<\/td><td class=\"has-text-align-center\" data-align=\"center\">74<\/td><td class=\"has-text-align-center\" data-align=\"center\">68<\/td><\/tr><tr><td class=\"has-text-align-center\" data-align=\"center\">L<\/td><td class=\"has-text-align-center\" data-align=\"center\">17<\/td><td class=\"has-text-align-center\" data-align=\"center\">78<\/td><td class=\"has-text-align-center\" data-align=\"center\">72<\/td><\/tr><tr><td class=\"has-text-align-center\" data-align=\"center\" colspan=\"4\"><strong>St\u00f8rrelsesdiagram (INCH)<\/strong><\/td><\/tr><tr><td class=\"has-text-align-center\" data-align=\"center\"><strong>St\u00f8rrelse<\/strong><\/td><td class=\"has-text-align-center\" data-align=\"center\"><strong>L\u00e6ngde (in)<\/strong><\/td><td class=\"has-text-align-center\" data-align=\"center\"><strong>Under buste (i)<\/strong><\/td><td class=\"has-text-align-center\" data-align=\"center\"><strong>Talje (ind)<\/strong><\/td><\/tr><tr><td class=\"has-text-align-center\" data-align=\"center\">S<\/td><td class=\"has-text-align-center\" data-align=\"center\">5.91<\/td><td class=\"has-text-align-center\" data-align=\"center\">27.56<\/td><td class=\"has-text-align-center\" data-align=\"center\">25.20<\/td><\/tr><tr><td class=\"has-text-align-center\" data-align=\"center\">M<\/td><td class=\"has-text-align-center\" data-align=\"center\">6.30<\/td><td class=\"has-text-align-center\" data-align=\"center\">29.13<\/td><td class=\"has-text-align-center\" data-align=\"center\">26.77<\/td><\/tr><tr><td class=\"has-text-align-center\" data-align=\"center\">L<\/td><td class=\"has-text-align-center\" data-align=\"center\">6.69<\/td><td class=\"has-text-align-center\" data-align=\"center\">30.71<\/td><td class=\"has-text-align-center\" data-align=\"center\">28.35<\/td><\/tr><\/tbody><\/table><\/figure>","protected":false},"excerpt":{"rendered":"<p>Oplev tiltr\u00e6kningen ved vores <strong>tyndt sort blondes\u00e6t<\/strong>, med en hul mesh-bh med indviklet designede integrerede skulderstropper og en 3-lags linningstrusse, komplet med et rygl\u00f8st design.<\/p>","protected":false},"featured_media":48492,"template":"","meta":[],"product_brand":[],"product_cat":[368,367,375],"product_tag":[446,880,864],"class_list":{"0":"post-48502","1":"product","2":"type-product","3":"status-publish","4":"has-post-thumbnail","6":"product_cat-bra-panty-set","7":"product_cat-sexy-lingerie","8":"product_cat-whoelsale-sheer-bra-and-panty-sets","9":"product_tag-wholesale-sexy-see-through-lingerie","10":"product_tag-sexy-2-piece-lingerie","11":"product_tag-sexy-petite-lingerie","12":"pa_color-black","13":"pa_size-wholesale-large-size-women-sexy-lingerie","14":"pa_size-wholesale-medium-size-women-sexy-lingerie","15":"pa_size-wholesale-small-size-sexy-lingerie","17":"first","18":"instock","19":"taxable","20":"shipping-taxable","21":"purchasable","22":"product-type-variable"},"tiered_pricing_type":"fixed","tiered_pricing_fixed_rules":[],"tiered_pricing_product_settings":{"layout":"table","base_unit_name":{"singular":null,"plural":null},"default_variation":null},"tiered_pricing_minimum_quantity":null,"tiered_pricing_roles_data":[],"tiered_pricing_percentage_rules":[],"tiered_pricing_maximum_quantity":null,"tiered_pricing_quantity_step":null,"_links":{"self":[{"href":"https:\/\/gretasexylingerie.com\/da\/wp-json\/wp\/v2\/product\/48502","targetHints":{"allow":["GET"]}}],"collection":[{"href":"https:\/\/gretasexylingerie.com\/da\/wp-json\/wp\/v2\/product"}],"about":[{"href":"https:\/\/gretasexylingerie.com\/da\/wp-json\/wp\/v2\/types\/product"}],"wp:featuredmedia":[{"embeddable":true,"href":"https:\/\/gretasexylingerie.com\/da\/wp-json\/wp\/v2\/media\/48492"}],"wp:attachment":[{"href":"https:\/\/gretasexylingerie.com\/da\/wp-json\/wp\/v2\/media?parent=48502"}],"wp:term":[{"taxonomy":"product_brand","embeddable":true,"href":"https:\/\/gretasexylingerie.com\/da\/wp-json\/wp\/v2\/product_brand?post=48502"},{"taxonomy":"product_cat","embeddable":true,"href":"https:\/\/gretasexylingerie.com\/da\/wp-json\/wp\/v2\/product_cat?post=48502"},{"taxonomy":"product_tag","embeddable":true,"href":"https:\/\/gretasexylingerie.com\/da\/wp-json\/wp\/v2\/product_tag?post=48502"}],"curies":[{"name":"wp","href":"https:\/\/api.w.org\/{rel}","templated":true}]}}