{"id":48427,"date":"2024-01-24T15:12:08","date_gmt":"2024-01-24T07:12:08","guid":{"rendered":"https:\/\/gretasexylingerie.com\/?post_type=product&#038;p=48427"},"modified":"2024-02-20T12:10:18","modified_gmt":"2024-02-20T04:10:18","slug":"engros-sort-sele-bodysuit","status":"publish","type":"product","link":"https:\/\/gretasexylingerie.com\/da\/products\/wholesale-black-harness-bodysuit\/","title":{"rendered":"Engroshandel med sort sele-bodysuit med str\u00f8mpeb\u00e5nd til hele kroppen"},"content":{"rendered":"<p><strong>Justerbar bh med sele<\/strong>: Bodydragtens justerbare bh suppleres af en selefunktion, der tilbyder b\u00e5de st\u00f8tte og et modigt, edgy look. Dette designelement er perfekt til dem, der s\u00f8ger en kombination af komfort og vovet stil i deres <strong>str\u00f8mpeb\u00e5nd p\u00e5 hele kroppen<\/strong> valg.<\/p>\n\n\n\n<p><strong>Rygl\u00f8s elegance<\/strong>: Det rygl\u00f8se design tilf\u00f8jer et element af overraskelse og tiltr\u00e6kning, hvilket g\u00f8r denne bodysuit til et f\u00e6ngslende valg til enhver lejlighed, der kr\u00e6ver et forf\u00f8rende outfit.<\/p>\n\n\n\n<p><strong>Integrerede seler og benringe<\/strong>: De integrerede seler og benringe fremh\u00e6ver bodyens appel og tilf\u00f8jer et funktionelt, men stilfuldt aspekt. Denne funktion er ideel til kunder, der s\u00f8ger et lingeri, der er b\u00e5de visuelt sl\u00e5ende og praktisk.<\/p>\n\n\n\n<p><strong>Sexet og forf\u00f8rende outfit<\/strong>: Designet til de dristige og selvsikre, er denne bodysuit det ultimative udtryk for sensualitet. Den er perfekt til de specielle \u00f8jeblikke, hvor det er n\u00f8glen til at lave et statement.<\/p>\n\n\n\n<p><strong>Hult brystdesign<\/strong>: Bodyens hule brystomr\u00e5de tilf\u00f8jer et fristende og provokerende pr\u00e6g, hvilket yderligere forst\u00e6rker dens sexede appel. Denne detalje vil helt sikkert fange opm\u00e6rksomhed og g\u00f8re et varigt indtryk.<\/p>\n\n\n\n<p><strong>Alsidig og tidl\u00f8s<\/strong>: Det her <strong>sort sele bodysuit<\/strong> er en alsidig tilf\u00f8jelse til enhver lingerikollektion. Dens tidl\u00f8se design sikrer, at den forbliver et yndlingsvalg til en r\u00e6kke lejligheder, fra intime aftener til dristige modeudsagn.<\/p>\n\n\n\n<p>Inviter dine kunder til at omfavne deres forf\u00f8rende side med vores sele-bodysuit. Dens unikke design og opm\u00e6rksomhed p\u00e5 detaljer g\u00f8r den til et must-have for enhver kollektion, der \u00f8nsker at tilbyde en blanding af sofistikering, komfort og vovet stil. Bestil nu og tilf\u00f8j et strejf af fed elegance til dine tilbud!<\/p>","protected":false},"excerpt":{"rendered":"<p>Tr\u00e6d ind i forf\u00f8relsen med vores <strong>sele bodysuit<\/strong>, med en justerbar bh, rygl\u00f8st design, integrerede seler og benringe. Denne sorte bodysuit er indbegrebet af sexet og forf\u00f8rende.<\/p>","protected":false},"featured_media":48426,"template":"","meta":[],"product_brand":[],"product_cat":[380,377,367],"product_tag":[451,449,533,447],"class_list":{"0":"post-48427","1":"product","2":"type-product","3":"status-publish","4":"has-post-thumbnail","6":"product_cat-wholesale-harness-bra-and-panty-set","7":"product_cat-harness-lingerie","8":"product_cat-sexy-lingerie","9":"product_tag-wholesale-revealing-lingerie","10":"product_tag-wholesale-sexy-crotchless-lingerie","11":"product_tag-sexy-cupless-lingerie","12":"product_tag-wholesale-strappy-sexy-lingerie","13":"pa_color-black","14":"pa_size-free","16":"first","17":"instock","18":"taxable","19":"shipping-taxable","20":"purchasable","21":"product-type-variable"},"tiered_pricing_type":"fixed","tiered_pricing_fixed_rules":[],"tiered_pricing_product_settings":{"layout":"table","base_unit_name":{"singular":null,"plural":null},"default_variation":null},"tiered_pricing_minimum_quantity":null,"tiered_pricing_roles_data":[],"tiered_pricing_percentage_rules":[],"tiered_pricing_maximum_quantity":null,"tiered_pricing_quantity_step":null,"_links":{"self":[{"href":"https:\/\/gretasexylingerie.com\/da\/wp-json\/wp\/v2\/product\/48427","targetHints":{"allow":["GET"]}}],"collection":[{"href":"https:\/\/gretasexylingerie.com\/da\/wp-json\/wp\/v2\/product"}],"about":[{"href":"https:\/\/gretasexylingerie.com\/da\/wp-json\/wp\/v2\/types\/product"}],"wp:featuredmedia":[{"embeddable":true,"href":"https:\/\/gretasexylingerie.com\/da\/wp-json\/wp\/v2\/media\/48426"}],"wp:attachment":[{"href":"https:\/\/gretasexylingerie.com\/da\/wp-json\/wp\/v2\/media?parent=48427"}],"wp:term":[{"taxonomy":"product_brand","embeddable":true,"href":"https:\/\/gretasexylingerie.com\/da\/wp-json\/wp\/v2\/product_brand?post=48427"},{"taxonomy":"product_cat","embeddable":true,"href":"https:\/\/gretasexylingerie.com\/da\/wp-json\/wp\/v2\/product_cat?post=48427"},{"taxonomy":"product_tag","embeddable":true,"href":"https:\/\/gretasexylingerie.com\/da\/wp-json\/wp\/v2\/product_tag?post=48427"}],"curies":[{"name":"wp","href":"https:\/\/api.w.org\/{rel}","templated":true}]}}