{"id":48391,"date":"2024-01-24T15:06:40","date_gmt":"2024-01-24T07:06:40","guid":{"rendered":"https:\/\/gretasexylingerie.com\/?post_type=product&#038;p=48391"},"modified":"2024-02-20T12:18:38","modified_gmt":"2024-02-20T04:18:38","slug":"engros-bralette-med-rod-sele","status":"publish","type":"product","link":"https:\/\/gretasexylingerie.com\/da\/products\/wholesale-red-harness-bralette\/","title":{"rendered":"Engros Bralette med r\u00f8d sele med sexede udsk\u00e6ringer"},"content":{"rendered":"<p><strong>Bonded Wire Struktur<\/strong>: Den bundne tr\u00e5dstruktur i denne bh giver b\u00e5de st\u00f8tte og en markant silhuet. Den er designet til dem, der s\u00f8ger en kombination af komfort og modigt design i deres <strong>sele bralette<\/strong> valg.<\/p>\n\n\n\n<p><strong>Sexede udsk\u00e6ringer, der blotter bryster<\/strong>: BH&#039;ens vovede udsk\u00e6ringer afsl\u00f8rer brysterne og giver et modigt og provokerende look. Denne funktion er perfekt til kunder, der \u00f8nsker lingeri, der giver et st\u00e6rkt, selvsikkert udsagn.<\/p>\n\n\n\n<p><strong>Strappy Cage Bralette Design<\/strong>: Det indviklede burdesign med stropper tilf\u00f8jer et edgy og moderne twist til bralettet. Denne detalje forst\u00e6rker ikke kun den \u00e6stetiske appel, men appellerer ogs\u00e5 til dem, der elsker moderne og unikke lingeristile.<\/p>\n\n\n\n<p><strong>Levende r\u00f8d farve<\/strong>: Undert\u00f8jets sl\u00e5ende r\u00f8de farve tilf\u00f8jer et strejf af passion og intensitet. Det er et ideelt valg for kunder, der \u00f8nsker at tilf\u00f8je et levende og energisk stykke til deres lingerikollektion.<\/p>\n\n\n\n<p><strong>Alsidig og styrkende<\/strong>: Denne sele-bralette er alsidig nok til forskellige lejligheder, fra specielle aftener til dristige modeudsagn. Det er en kraftfuld tilf\u00f8jelse til enhver lingerikollektion, der tilbyder en blanding af stil, komfort og empowerment.<\/p>\n\n\n\n<p><strong>Perfekt til forskellige samlinger<\/strong>: Uanset om det er til en butik eller en st\u00f8rre detailbutik, er dette lingeri med r\u00f8d sele et glimrende valg. Det appellerer til en bred vifte af kunder, der s\u00f8ger at give et modigt statement med deres lingeri.<\/p>\n\n\n\n<p>Inviter dine kunder til at udforske den dristige side af mode med vores r\u00f8de sele-bralette. Dens unikke design og opm\u00e6rksomhed p\u00e5 detaljer g\u00f8r den til et must-have for enhver kollektion, der \u00f8nsker at tilbyde en blanding af dristighed, stil og sensualitet. Bestil nu og tilf\u00f8j et strejf af br\u00e6ndende passion til dine tilbud!<\/p>","protected":false},"excerpt":{"rendered":"<p>Omfavn fed sensualitet med vores <strong>r\u00f8d sele lingeri<\/strong>, med en bonded wire bh med vovede udsk\u00e6ringer. Denne bralette med stropper er en erkl\u00e6ring om selvtillid og tiltr\u00e6kning.<\/p>","protected":false},"featured_media":48390,"template":"","meta":[],"product_brand":[],"product_cat":[380,377,367],"product_tag":[533,447,972],"class_list":{"0":"post-48391","1":"product","2":"type-product","3":"status-publish","4":"has-post-thumbnail","6":"product_cat-wholesale-harness-bra-and-panty-set","7":"product_cat-harness-lingerie","8":"product_cat-sexy-lingerie","9":"product_tag-sexy-cupless-lingerie","10":"product_tag-wholesale-strappy-sexy-lingerie","11":"product_tag-valentines-day-lingerie","12":"pa_color-red-women-sexy-lingerie","13":"pa_size-free","15":"first","16":"instock","17":"taxable","18":"shipping-taxable","19":"purchasable","20":"product-type-variable"},"tiered_pricing_type":"fixed","tiered_pricing_fixed_rules":[],"tiered_pricing_product_settings":{"layout":"table","base_unit_name":{"singular":null,"plural":null},"default_variation":null},"tiered_pricing_minimum_quantity":null,"tiered_pricing_roles_data":[],"tiered_pricing_percentage_rules":[],"tiered_pricing_maximum_quantity":null,"tiered_pricing_quantity_step":null,"_links":{"self":[{"href":"https:\/\/gretasexylingerie.com\/da\/wp-json\/wp\/v2\/product\/48391","targetHints":{"allow":["GET"]}}],"collection":[{"href":"https:\/\/gretasexylingerie.com\/da\/wp-json\/wp\/v2\/product"}],"about":[{"href":"https:\/\/gretasexylingerie.com\/da\/wp-json\/wp\/v2\/types\/product"}],"wp:featuredmedia":[{"embeddable":true,"href":"https:\/\/gretasexylingerie.com\/da\/wp-json\/wp\/v2\/media\/48390"}],"wp:attachment":[{"href":"https:\/\/gretasexylingerie.com\/da\/wp-json\/wp\/v2\/media?parent=48391"}],"wp:term":[{"taxonomy":"product_brand","embeddable":true,"href":"https:\/\/gretasexylingerie.com\/da\/wp-json\/wp\/v2\/product_brand?post=48391"},{"taxonomy":"product_cat","embeddable":true,"href":"https:\/\/gretasexylingerie.com\/da\/wp-json\/wp\/v2\/product_cat?post=48391"},{"taxonomy":"product_tag","embeddable":true,"href":"https:\/\/gretasexylingerie.com\/da\/wp-json\/wp\/v2\/product_tag?post=48391"}],"curies":[{"name":"wp","href":"https:\/\/api.w.org\/{rel}","templated":true}]}}