{"id":48357,"date":"2024-01-23T22:02:54","date_gmt":"2024-01-23T14:02:54","guid":{"rendered":"https:\/\/gretasexylingerie.com\/?post_type=product&#038;p=48357"},"modified":"2024-02-20T12:20:08","modified_gmt":"2024-02-20T04:20:08","slug":"engros-hvid-brude-kemi","status":"publish","type":"product","link":"https:\/\/gretasexylingerie.com\/da\/products\/wholesale-white-bridal-chemise\/","title":{"rendered":"Engros Hvid Brude Chemise med sexet blondepanel"},"content":{"rendered":"<p><strong>Hvid blondepanel<\/strong>: Denne kemi har uds\u00f8gte hvide blondepaneler, der tilf\u00f8jer et strejf af elegance og romantik. De indviklede blondedetaljer er ideel til brude eller enhver, der s\u00f8ger en <strong>sexet blonde chemise<\/strong> der kombinerer traditionel brudesk\u00f8nhed med et strejf af moderne sensualitet.<\/p>\n\n\n\n<p><strong>Hult design<\/strong>: De hule designelementer introducerer et vovet og fristende aspekt til denne kemis, perfekt til de s\u00e6rlige n\u00e6tter. Det tilf\u00f8jer et niveau af intriger og tiltr\u00e6kning, hvilket g\u00f8r t\u00f8jet ikke bare til et stykke lingeri, men et udtryk for sofistikering og lyst.<\/p>\n\n\n\n<p><strong>Stropl\u00f8s elegance<\/strong>: Det stropl\u00f8se design af denne kemis tilbyder en slank og flatterende silhuet, ideel til at fremvise skuldre og nakke. Denne funktion er is\u00e6r tiltalende til brudet\u00f8j eller for dem, der foretr\u00e6kker lingeri, der giver en uhindret og elegant halsudsk\u00e6ring.<\/p>\n\n\n\n<p><strong>Chemise med polstrede kopper<\/strong>: Udstyret med polstrede kopper tilbyder denne kemi b\u00e5de komfort og st\u00f8tte. Polstringen forst\u00e6rker brystlinjen og giver en smuk og flatterende form, hvilket g\u00f8r den til et praktisk, men stilfuldt valg til enhver lingerikollektion.<\/p>\n\n\n\n<p><strong>Alsidig og tidl\u00f8s<\/strong>: Mens perfekt som en <strong>hvid brude kemi<\/strong>, dets tidl\u00f8se design og elegante funktioner g\u00f8r den til en alsidig tilf\u00f8jelse til enhver lingerigarderobe, velegnet til forskellige lejligheder ud over bryllupsnatten.<\/p>\n\n\n\n<p><strong>Perfekt til brudekollektioner<\/strong>: Denne chemise er en ideel tilf\u00f8jelse til brudekollektioner, der tilbyder en blanding af traditionel elegance og moderne tiltr\u00e6kning. Det er et stykke, der appellerer til moderne brude, der s\u00f8ger lingeri, der er b\u00e5de sofistikeret og sensuelt.<\/p>\n\n\n\n<p>Inviter dine kunder til at opleve elegancen og tiltr\u00e6kningen ved vores hvide brudet\u00f8j. Dens uds\u00f8gte design og opm\u00e6rksomhed p\u00e5 detaljer g\u00f8r den til en fremtr\u00e6dende tilf\u00f8jelse til enhver high-end lingerikollektion. Bestil nu og giv dine kunder et strejf af romantik, elegance og moderne stil!<\/p>\n\n\n\n<figure class=\"wp-block-table\"><table><tbody><tr><td class=\"has-text-align-center\" data-align=\"center\" colspan=\"4\"><strong>St\u00f8rrelsesdiagram (CM)<\/strong><\/td><\/tr><tr><td class=\"has-text-align-center\" data-align=\"center\"><strong>St\u00f8rrelse<\/strong><\/td><td class=\"has-text-align-center\" data-align=\"center\"><strong>L\u00e6ngde (cm)<\/strong><\/td><td class=\"has-text-align-center\" data-align=\"center\"><strong>Under brystet (cm)<\/strong><\/td><td class=\"has-text-align-center\" data-align=\"center\"><strong>Talje (cm)<\/strong><\/td><\/tr><tr><td class=\"has-text-align-center\" data-align=\"center\">S<\/td><td class=\"has-text-align-center\" data-align=\"center\">54<\/td><td class=\"has-text-align-center\" data-align=\"center\">66-84<\/td><td class=\"has-text-align-center\" data-align=\"center\">60<\/td><\/tr><tr><td class=\"has-text-align-center\" data-align=\"center\">M<\/td><td class=\"has-text-align-center\" data-align=\"center\">55<\/td><td class=\"has-text-align-center\" data-align=\"center\">70-88<\/td><td class=\"has-text-align-center\" data-align=\"center\">64<\/td><\/tr><tr><td class=\"has-text-align-center\" data-align=\"center\">L<\/td><td class=\"has-text-align-center\" data-align=\"center\">56<\/td><td class=\"has-text-align-center\" data-align=\"center\">74-92<\/td><td class=\"has-text-align-center\" data-align=\"center\">68<\/td><\/tr><tr><td class=\"has-text-align-center\" data-align=\"center\" colspan=\"4\"><strong>St\u00f8rrelsesdiagram (INCH)<\/strong><\/td><\/tr><tr><td class=\"has-text-align-center\" data-align=\"center\"><strong>St\u00f8rrelse<\/strong><\/td><td class=\"has-text-align-center\" data-align=\"center\"><strong>L\u00e6ngde (in)<\/strong><\/td><td class=\"has-text-align-center\" data-align=\"center\"><strong>Under buste (i)<\/strong><\/td><td class=\"has-text-align-center\" data-align=\"center\"><strong>Talje (ind)<\/strong><\/td><\/tr><tr><td class=\"has-text-align-center\" data-align=\"center\">S<\/td><td class=\"has-text-align-center\" data-align=\"center\">21.26<\/td><td class=\"has-text-align-center\" data-align=\"center\">25.98-33.07<\/td><td class=\"has-text-align-center\" data-align=\"center\">23.62<\/td><\/tr><tr><td class=\"has-text-align-center\" data-align=\"center\">M<\/td><td class=\"has-text-align-center\" data-align=\"center\">21.65<\/td><td class=\"has-text-align-center\" data-align=\"center\">27.56-34.65<\/td><td class=\"has-text-align-center\" data-align=\"center\">25.20<\/td><\/tr><tr><td class=\"has-text-align-center\" data-align=\"center\">L<\/td><td class=\"has-text-align-center\" data-align=\"center\">22.05<\/td><td class=\"has-text-align-center\" data-align=\"center\">29.13-36.22<\/td><td class=\"has-text-align-center\" data-align=\"center\">26.77<\/td><\/tr><\/tbody><\/table><\/figure>","protected":false},"excerpt":{"rendered":"<p>Oplev tiltr\u00e6kningen ved vores <strong>hvid brude kemi<\/strong>, en vision i hvid med elegant blondepanel og et forf\u00f8rende hult design, perfekt til et stropl\u00f8st, fortryllende look.<\/p>","protected":false},"featured_media":48345,"template":"","meta":[],"product_brand":[],"product_cat":[392,422,367],"product_tag":[867,862,865,972],"class_list":{"0":"post-48357","1":"product","2":"type-product","3":"status-publish","4":"has-post-thumbnail","6":"product_cat-wholesale-lace-chemise","7":"product_cat-sexy-chemise","8":"product_cat-sexy-lingerie","9":"product_tag-sexy-push-up-lingerie","10":"product_tag-sexy-silk-lingerie","11":"product_tag-sexy-skimpy-lingerie","12":"product_tag-valentines-day-lingerie","13":"pa_color-white","14":"pa_size-wholesale-large-size-women-sexy-lingerie","15":"pa_size-wholesale-medium-size-women-sexy-lingerie","16":"pa_size-wholesale-small-size-sexy-lingerie","18":"first","19":"instock","20":"taxable","21":"shipping-taxable","22":"purchasable","23":"product-type-variable"},"tiered_pricing_type":"fixed","tiered_pricing_fixed_rules":[],"tiered_pricing_product_settings":{"layout":"table","base_unit_name":{"singular":null,"plural":null},"default_variation":null},"tiered_pricing_minimum_quantity":null,"tiered_pricing_roles_data":[],"tiered_pricing_percentage_rules":[],"tiered_pricing_maximum_quantity":null,"tiered_pricing_quantity_step":null,"_links":{"self":[{"href":"https:\/\/gretasexylingerie.com\/da\/wp-json\/wp\/v2\/product\/48357","targetHints":{"allow":["GET"]}}],"collection":[{"href":"https:\/\/gretasexylingerie.com\/da\/wp-json\/wp\/v2\/product"}],"about":[{"href":"https:\/\/gretasexylingerie.com\/da\/wp-json\/wp\/v2\/types\/product"}],"wp:featuredmedia":[{"embeddable":true,"href":"https:\/\/gretasexylingerie.com\/da\/wp-json\/wp\/v2\/media\/48345"}],"wp:attachment":[{"href":"https:\/\/gretasexylingerie.com\/da\/wp-json\/wp\/v2\/media?parent=48357"}],"wp:term":[{"taxonomy":"product_brand","embeddable":true,"href":"https:\/\/gretasexylingerie.com\/da\/wp-json\/wp\/v2\/product_brand?post=48357"},{"taxonomy":"product_cat","embeddable":true,"href":"https:\/\/gretasexylingerie.com\/da\/wp-json\/wp\/v2\/product_cat?post=48357"},{"taxonomy":"product_tag","embeddable":true,"href":"https:\/\/gretasexylingerie.com\/da\/wp-json\/wp\/v2\/product_tag?post=48357"}],"curies":[{"name":"wp","href":"https:\/\/api.w.org\/{rel}","templated":true}]}}