{"id":48341,"date":"2024-01-23T22:00:35","date_gmt":"2024-01-23T14:00:35","guid":{"rendered":"https:\/\/gretasexylingerie.com\/?post_type=product&#038;p=48341"},"modified":"2024-02-20T12:23:38","modified_gmt":"2024-02-20T04:23:38","slug":"engros-zebra-bh-og-trussesaet","status":"publish","type":"product","link":"https:\/\/gretasexylingerie.com\/da\/products\/wholesale-zebra-bra-and-panty-set\/","title":{"rendered":"Engros Zebra BH og trusser s\u00e6t med matchende tilbeh\u00f8r"},"content":{"rendered":"<p><strong>Sl\u00e5ende zebra m\u00f8nster<\/strong>: Det dristige sorte og hvide zebram\u00f8nster p\u00e5 denne bh-dragt tilbyder et vovet og eksotisk look. Dette i\u00f8jnefaldende design er perfekt til dem, der s\u00f8ger at tilf\u00f8je et strejf af det vilde til deres <strong>matchende bh-s\u00e6t<\/strong> kollektion.<\/p>\n\n\n\n<p><strong>Gennemsigtigt mesh stof<\/strong>: Dette s\u00e6t er lavet med gennemsigtigt mesh og giver et fristende, men sofistikeret look, hvilket g\u00f8r det til et sofistikeret valg for din <strong>3 bh s\u00e6t<\/strong> st\u00e5 p\u00e5 r\u00e6kke.<\/p>\n\n\n\n<p><strong>Komplet ensemble i fem stykker<\/strong>: Dette omfattende s\u00e6t inkluderer en bh, trusse, str\u00f8mpeb\u00e5nd, benring og halsring, der sikrer et harmonisk og komplet look til enhver speciel lejlighed eller luksusundert\u00f8jskollektion.<\/p>\n\n\n\n<p><strong>Alsidigt st\u00f8rrelsesomr\u00e5de<\/strong>: F\u00e5s i st\u00f8rrelserne S, M, L, dette s\u00e6t henvender sig til en bred vifte af kropstyper, hvilket sikrer en perfekt pasform og komfort til din kundekreds.<\/p>\n\n\n\n<p><strong>Perfekt til forskellige lejligheder<\/strong>: Uanset om det er til en aften i byen, en s\u00e6rlig begivenhed eller som et unikt fashion statement, er dette bh-s\u00e6t med zebraprint alsidigt nok til at passe til forskellige lejligheder, hvilket g\u00f8r det til en v\u00e6rdifuld tilf\u00f8jelse til enhver lingeri eller modekollektion.<\/p>\n\n\n\n<p>Omfavn det modige og smukke med vores bh-s\u00e6t med zebraprint, en perfekt kombination af stil, komfort og eksotisk flair. Dens unikke design og opm\u00e6rksomhed p\u00e5 detaljer g\u00f8r den til et must-have til din samling. Bestil nu og giv dine kunder et strejf af det vilde kombineret med elegance og komfort!<\/p>\n\n\n\n<figure class=\"wp-block-table\"><table><tbody><tr><td class=\"has-text-align-center\" data-align=\"center\" colspan=\"6\"><strong>St\u00f8rrelsesdiagram (CM)<\/strong><\/td><\/tr><tr><td class=\"has-text-align-center\" data-align=\"center\"><strong>St\u00f8rrelse<\/strong><\/td><td class=\"has-text-align-center\" data-align=\"center\"><strong>L\u00e6ngde (cm)<\/strong><\/td><td class=\"has-text-align-center\" data-align=\"center\"><strong>Under brystet (cm)<\/strong><\/td><td class=\"has-text-align-center\" data-align=\"center\"><strong>Trusser talje (cm)<\/strong><\/td><td class=\"has-text-align-center\" data-align=\"center\"><strong>Talje (cm)<\/strong><\/td><td class=\"has-text-align-center\" data-align=\"center\"><strong>L\u00e6ngde (cm)<\/strong><\/td><\/tr><tr><td class=\"has-text-align-center\" data-align=\"center\">S<\/td><td class=\"has-text-align-center\" data-align=\"center\">15<\/td><td class=\"has-text-align-center\" data-align=\"center\">65-86<\/td><td class=\"has-text-align-center\" data-align=\"center\">62-90<\/td><td class=\"has-text-align-center\" data-align=\"center\">62-86<\/td><td class=\"has-text-align-center\" data-align=\"center\">22<\/td><\/tr><tr><td class=\"has-text-align-center\" data-align=\"center\">M<\/td><td class=\"has-text-align-center\" data-align=\"center\">15.8<\/td><td class=\"has-text-align-center\" data-align=\"center\">69-90<\/td><td class=\"has-text-align-center\" data-align=\"center\">66-94<\/td><td class=\"has-text-align-center\" data-align=\"center\">66-90<\/td><td class=\"has-text-align-center\" data-align=\"center\">23<\/td><\/tr><tr><td class=\"has-text-align-center\" data-align=\"center\">L<\/td><td class=\"has-text-align-center\" data-align=\"center\">16.6<\/td><td class=\"has-text-align-center\" data-align=\"center\">73-94<\/td><td class=\"has-text-align-center\" data-align=\"center\">70-98<\/td><td class=\"has-text-align-center\" data-align=\"center\">70-94<\/td><td class=\"has-text-align-center\" data-align=\"center\">24<\/td><\/tr><tr><td class=\"has-text-align-center\" data-align=\"center\" colspan=\"6\"><strong>St\u00f8rrelsesdiagram (INCH)<\/strong><\/td><\/tr><tr><td class=\"has-text-align-center\" data-align=\"center\"><strong>St\u00f8rrelse<\/strong><\/td><td class=\"has-text-align-center\" data-align=\"center\"><strong>L\u00e6ngde (in)<\/strong><\/td><td class=\"has-text-align-center\" data-align=\"center\"><strong>Under buste (i)<\/strong><\/td><td class=\"has-text-align-center\" data-align=\"center\"><strong>Trusser talje (ind)<\/strong><\/td><td class=\"has-text-align-center\" data-align=\"center\"><strong>Talje (ind)<\/strong><\/td><td class=\"has-text-align-center\" data-align=\"center\"><strong>L\u00e6ngde (in)<\/strong><\/td><\/tr><tr><td class=\"has-text-align-center\" data-align=\"center\">S<\/td><td class=\"has-text-align-center\" data-align=\"center\">5.91<\/td><td class=\"has-text-align-center\" data-align=\"center\">25.59-33.86<\/td><td class=\"has-text-align-center\" data-align=\"center\">24.41-35.43<\/td><td class=\"has-text-align-center\" data-align=\"center\">24.41-33.86<\/td><td class=\"has-text-align-center\" data-align=\"center\">8.66<\/td><\/tr><tr><td class=\"has-text-align-center\" data-align=\"center\">M<\/td><td class=\"has-text-align-center\" data-align=\"center\">6.22<\/td><td class=\"has-text-align-center\" data-align=\"center\">27.17-35.43<\/td><td class=\"has-text-align-center\" data-align=\"center\">25.98-37.01<\/td><td class=\"has-text-align-center\" data-align=\"center\">25.98-35.43<\/td><td class=\"has-text-align-center\" data-align=\"center\">9.06<\/td><\/tr><tr><td class=\"has-text-align-center\" data-align=\"center\">L<\/td><td class=\"has-text-align-center\" data-align=\"center\">6.54<\/td><td class=\"has-text-align-center\" data-align=\"center\">28.74-37.01<\/td><td class=\"has-text-align-center\" data-align=\"center\">27.56-38.58<\/td><td class=\"has-text-align-center\" data-align=\"center\">27.56-37.01<\/td><td class=\"has-text-align-center\" data-align=\"center\">9.45<\/td><\/tr><\/tbody><\/table><\/figure>","protected":false},"excerpt":{"rendered":"<p>Dyk ned i den vilde side med vores <strong>zebra bh og trusse s\u00e6t<\/strong>, med et sl\u00e5ende sort-hvidt m\u00f8nster p\u00e5 gennemsigtigt mesh-stof. Dette s\u00e6t inkluderer en bh, trusse, str\u00f8mpeb\u00e5nd, benring og halsring, der tilbyder et komplet og koordineret look.<\/p>","protected":false},"featured_media":48330,"template":"","meta":[],"product_brand":[],"product_cat":[368,374,367],"product_tag":[507,532,869,864,865],"class_list":{"0":"post-48341","1":"product","2":"type-product","3":"status-publish","4":"has-post-thumbnail","6":"product_cat-bra-panty-set","7":"product_cat-wholesale-garter-belt-set","8":"product_cat-sexy-lingerie","9":"product_tag-three-pcs-set","10":"product_tag-lingerie-suspender-set","11":"product_tag-sexy-animal-print-lingerie","12":"product_tag-sexy-petite-lingerie","13":"product_tag-sexy-skimpy-lingerie","14":"pa_color-black","15":"pa_size-wholesale-large-size-women-sexy-lingerie","16":"pa_size-wholesale-medium-size-women-sexy-lingerie","17":"pa_size-wholesale-small-size-sexy-lingerie","19":"first","20":"instock","21":"taxable","22":"shipping-taxable","23":"purchasable","24":"product-type-variable"},"tiered_pricing_type":"fixed","tiered_pricing_fixed_rules":[],"tiered_pricing_product_settings":{"layout":"table","base_unit_name":{"singular":null,"plural":null},"default_variation":null},"tiered_pricing_minimum_quantity":null,"tiered_pricing_roles_data":[],"tiered_pricing_percentage_rules":[],"tiered_pricing_maximum_quantity":null,"tiered_pricing_quantity_step":null,"_links":{"self":[{"href":"https:\/\/gretasexylingerie.com\/da\/wp-json\/wp\/v2\/product\/48341","targetHints":{"allow":["GET"]}}],"collection":[{"href":"https:\/\/gretasexylingerie.com\/da\/wp-json\/wp\/v2\/product"}],"about":[{"href":"https:\/\/gretasexylingerie.com\/da\/wp-json\/wp\/v2\/types\/product"}],"wp:featuredmedia":[{"embeddable":true,"href":"https:\/\/gretasexylingerie.com\/da\/wp-json\/wp\/v2\/media\/48330"}],"wp:attachment":[{"href":"https:\/\/gretasexylingerie.com\/da\/wp-json\/wp\/v2\/media?parent=48341"}],"wp:term":[{"taxonomy":"product_brand","embeddable":true,"href":"https:\/\/gretasexylingerie.com\/da\/wp-json\/wp\/v2\/product_brand?post=48341"},{"taxonomy":"product_cat","embeddable":true,"href":"https:\/\/gretasexylingerie.com\/da\/wp-json\/wp\/v2\/product_cat?post=48341"},{"taxonomy":"product_tag","embeddable":true,"href":"https:\/\/gretasexylingerie.com\/da\/wp-json\/wp\/v2\/product_tag?post=48341"}],"curies":[{"name":"wp","href":"https:\/\/api.w.org\/{rel}","templated":true}]}}