{"id":48323,"date":"2024-01-23T21:58:27","date_gmt":"2024-01-23T13:58:27","guid":{"rendered":"https:\/\/gretasexylingerie.com\/?post_type=product&#038;p=48323"},"modified":"2024-02-20T12:27:00","modified_gmt":"2024-02-20T04:27:00","slug":"engros-sexet-sort-bh-trussesaet","status":"publish","type":"product","link":"https:\/\/gretasexylingerie.com\/da\/products\/wholesale-sexy-black-bra-panty-set\/","title":{"rendered":"Engros sexet sort bh trusses\u00e6t med blomsterblonde str\u00f8mpeb\u00e5nd"},"content":{"rendered":"<p><strong>Sorte blonder og mesh syninger<\/strong>: Dette bh-s\u00e6t kombinerer elegante sorte blonder med delikat mesh, hvilket skaber et sofistikeret, men alligevel forf\u00f8rende look. De indviklede syninger tilf\u00f8jer et strejf af h\u00e5ndv\u00e6rksm\u00e6ssigt h\u00e5ndv\u00e6rk, hvilket g\u00f8r det til et i\u00f8jnefaldende valg for dem, der s\u00f8ger <strong>sexet sort bh trusse<\/strong> s\u00e6t med en luksuri\u00f8s f\u00f8lelse.<\/p>\n\n\n\n<p><strong>Sexet gennemsigtigt design<\/strong>: S\u00e6ttets gennemsigtige natur giver et fristende glimt af, hvad der ligger nedenunder, og rammer den perfekte balance mellem tiltr\u00e6kning og sofistikering. Det er et ideelt valg for kunder, der s\u00e6tter pris p\u00e5 lingeri, der er b\u00e5de visuelt sl\u00e5ende og elegant afsl\u00f8rende.<\/p>\n\n\n\n<p><strong>Blonde \u00f8jenvipper dekoreret BH<\/strong>: BH&#039;erne i dette s\u00e6t er prydet med blonde\u00f8jenvippedekorationer, der tilf\u00f8jer et lag af romantisk charme. Denne uds\u00f8gte detalje forst\u00e6rker s\u00e6ttets feminine appel, hvilket g\u00f8r det til et \u00f8nskeligt valg for dem, der elsker blondernes indviklede sk\u00f8nhed i deres lingeri.<\/p>\n\n\n\n<p><strong>Mini Sl\u00f8jfe dekoration<\/strong>: Hver brik er fremh\u00e6vet med en mini sl\u00f8jfe, der giver et s\u00f8dt og legende touch. Disse sarte sl\u00f8jfer tilf\u00f8jer en f\u00f8lelse af finurlighed og charme, der h\u00e6ver s\u00e6ttets overordnede \u00e6stetik.<\/p>\n\n\n\n<p><strong>Komplet ensemble i tre dele<\/strong>: Inklusive en bustier, trusse og str\u00f8mpeb\u00e5nd tilbyder dette s\u00e6t en koordineret og omfattende lingeril\u00f8sning. Den er perfekt til kunder, der s\u00f8ger et komplet og harmonisk look til s\u00e6rlige lejligheder.<\/p>\n\n\n\n<p><strong>Alsidige farvemuligheder<\/strong>: F\u00e5s i b\u00e5de klassisk sort og uber\u00f8rt hvid, dette s\u00e6t henvender sig til forskellige stilarter og pr\u00e6ferencer. Hver farvemulighed tilf\u00f8jer sin egen karakter til designet, fra dristig og mystisk til ren og elegant.<\/p>\n\n\n\n<p><strong>Perfekt til forskellige lejligheder<\/strong>: Uanset om det er til en romantisk aften, en s\u00e6rlig begivenhed eller som et unikt fashion statement, dette <strong>blomstret blonde str\u00f8mpeb\u00e5nd lingeri s\u00e6t<\/strong> er alsidig nok til at passe til forskellige lejligheder, hvilket g\u00f8r den til en v\u00e6rdifuld tilf\u00f8jelse til enhver lingeri- eller modekollektion.<\/p>\n\n\n\n<p>Inviter dine kunder til at opleve den luksuri\u00f8se og sensuelle verden af vores sorte blonde- og mesh-bh-s\u00e6t. Dens uds\u00f8gte design og opm\u00e6rksomhed p\u00e5 detaljer g\u00f8r den til et must-have til enhver avanceret lingerikollektion. Bestil nu og giv dine kunder et strejf af elegance, romantik og forf\u00f8rende stil!<\/p>\n\n\n\n<figure class=\"wp-block-table\"><table><tbody><tr><td class=\"has-text-align-center\" data-align=\"center\" colspan=\"6\"><strong>St\u00f8rrelsesdiagram (CM)<\/strong><\/td><\/tr><tr><td class=\"has-text-align-center\" data-align=\"center\"><strong>St\u00f8rrelse<\/strong><\/td><td class=\"has-text-align-center\" data-align=\"center\"><strong>Koph\u00f8jde (cm)<\/strong><\/td><td class=\"has-text-align-center\" data-align=\"center\"><strong>Under brystet (cm)<\/strong><\/td><td class=\"has-text-align-center\" data-align=\"center\"><strong>Trusser talje (cm)<\/strong><\/td><td class=\"has-text-align-center\" data-align=\"center\"><strong>Talje (cm)<\/strong><\/td><td class=\"has-text-align-center\" data-align=\"center\"><strong>L\u00e6ngde (cm)<\/strong><\/td><\/tr><tr><td class=\"has-text-align-center\" data-align=\"center\">S<\/td><td class=\"has-text-align-center\" data-align=\"center\">16<\/td><td class=\"has-text-align-center\" data-align=\"center\">66-84<\/td><td class=\"has-text-align-center\" data-align=\"center\">68-94<\/td><td class=\"has-text-align-center\" data-align=\"center\">64-84<\/td><td class=\"has-text-align-center\" data-align=\"center\">20<\/td><\/tr><tr><td class=\"has-text-align-center\" data-align=\"center\">M<\/td><td class=\"has-text-align-center\" data-align=\"center\">17<\/td><td class=\"has-text-align-center\" data-align=\"center\">70-88<\/td><td class=\"has-text-align-center\" data-align=\"center\">72-98<\/td><td class=\"has-text-align-center\" data-align=\"center\">68-88<\/td><td class=\"has-text-align-center\" data-align=\"center\">21<\/td><\/tr><tr><td class=\"has-text-align-center\" data-align=\"center\">L<\/td><td class=\"has-text-align-center\" data-align=\"center\">18<\/td><td class=\"has-text-align-center\" data-align=\"center\">74-92<\/td><td class=\"has-text-align-center\" data-align=\"center\">76-102<\/td><td class=\"has-text-align-center\" data-align=\"center\">72-92<\/td><td class=\"has-text-align-center\" data-align=\"center\">22<\/td><\/tr><tr><td class=\"has-text-align-center\" data-align=\"center\" colspan=\"6\"><strong>St\u00f8rrelsesdiagram (INCH)<\/strong><\/td><\/tr><tr><td class=\"has-text-align-center\" data-align=\"center\"><strong>St\u00f8rrelse<\/strong><\/td><td class=\"has-text-align-center\" data-align=\"center\"><strong>Koph\u00f8jde (in)<\/strong><\/td><td class=\"has-text-align-center\" data-align=\"center\"><strong>Under buste (i)<\/strong><\/td><td class=\"has-text-align-center\" data-align=\"center\"><strong>Trusser talje (ind)<\/strong><\/td><td class=\"has-text-align-center\" data-align=\"center\"><strong>Talje (ind)<\/strong><\/td><td class=\"has-text-align-center\" data-align=\"center\"><strong>L\u00e6ngde (in)<\/strong><\/td><\/tr><tr><td class=\"has-text-align-center\" data-align=\"center\">S<\/td><td class=\"has-text-align-center\" data-align=\"center\">6.30<\/td><td class=\"has-text-align-center\" data-align=\"center\">25.98-33.07<\/td><td class=\"has-text-align-center\" data-align=\"center\">26.77-37.01<\/td><td class=\"has-text-align-center\" data-align=\"center\">25.20-33.07<\/td><td class=\"has-text-align-center\" data-align=\"center\">7.87<\/td><\/tr><tr><td class=\"has-text-align-center\" data-align=\"center\">M<\/td><td class=\"has-text-align-center\" data-align=\"center\">6.69<\/td><td class=\"has-text-align-center\" data-align=\"center\">27.56-34.65<\/td><td class=\"has-text-align-center\" data-align=\"center\">28.35-38.58<\/td><td class=\"has-text-align-center\" data-align=\"center\">26.77-34.65<\/td><td class=\"has-text-align-center\" data-align=\"center\">8.27<\/td><\/tr><tr><td class=\"has-text-align-center\" data-align=\"center\">L<\/td><td class=\"has-text-align-center\" data-align=\"center\">7.09<\/td><td class=\"has-text-align-center\" data-align=\"center\">29.13-36.22<\/td><td class=\"has-text-align-center\" data-align=\"center\">29.92-40.16<\/td><td class=\"has-text-align-center\" data-align=\"center\">28.35-36.22<\/td><td class=\"has-text-align-center\" data-align=\"center\">8.66<\/td><\/tr><\/tbody><\/table><\/figure>","protected":false},"excerpt":{"rendered":"<p>Fork\u00e6l dig selv med forlokkelsen af vores <strong>blomstret blonde str\u00f8mpeb\u00e5nd lingeri s\u00e6t<\/strong>, et f\u00e6ngslende ensemble af sorte blonder og mesh-s\u00f8mme, med et sexet gennemsigtigt design med blonde-\u00f8jenvippedekorerede bh&#039;er og mini-sl\u00f8jfeaccenter.<\/p>","protected":false},"featured_media":48309,"template":"","meta":[],"product_brand":[],"product_cat":[368,369,367],"product_tag":[507,452,875,865],"class_list":{"0":"post-48323","1":"product","2":"type-product","3":"status-publish","4":"has-post-thumbnail","6":"product_cat-bra-panty-set","7":"product_cat-wholesale-lace-bra-and-panty-sets","8":"product_cat-sexy-lingerie","9":"product_tag-three-pcs-set","10":"product_tag-wholesale-boudoir-lingerie","11":"product_tag-lace-sexy-lingerie","12":"product_tag-sexy-skimpy-lingerie","13":"pa_color-black","14":"pa_color-white","15":"pa_size-wholesale-large-size-women-sexy-lingerie","16":"pa_size-wholesale-medium-size-women-sexy-lingerie","17":"pa_size-wholesale-small-size-sexy-lingerie","19":"first","20":"instock","21":"taxable","22":"shipping-taxable","23":"purchasable","24":"product-type-variable"},"tiered_pricing_type":"fixed","tiered_pricing_fixed_rules":[],"tiered_pricing_product_settings":{"layout":"table","base_unit_name":{"singular":null,"plural":null},"default_variation":null},"tiered_pricing_minimum_quantity":null,"tiered_pricing_roles_data":[],"tiered_pricing_percentage_rules":[],"tiered_pricing_maximum_quantity":null,"tiered_pricing_quantity_step":null,"_links":{"self":[{"href":"https:\/\/gretasexylingerie.com\/da\/wp-json\/wp\/v2\/product\/48323","targetHints":{"allow":["GET"]}}],"collection":[{"href":"https:\/\/gretasexylingerie.com\/da\/wp-json\/wp\/v2\/product"}],"about":[{"href":"https:\/\/gretasexylingerie.com\/da\/wp-json\/wp\/v2\/types\/product"}],"wp:featuredmedia":[{"embeddable":true,"href":"https:\/\/gretasexylingerie.com\/da\/wp-json\/wp\/v2\/media\/48309"}],"wp:attachment":[{"href":"https:\/\/gretasexylingerie.com\/da\/wp-json\/wp\/v2\/media?parent=48323"}],"wp:term":[{"taxonomy":"product_brand","embeddable":true,"href":"https:\/\/gretasexylingerie.com\/da\/wp-json\/wp\/v2\/product_brand?post=48323"},{"taxonomy":"product_cat","embeddable":true,"href":"https:\/\/gretasexylingerie.com\/da\/wp-json\/wp\/v2\/product_cat?post=48323"},{"taxonomy":"product_tag","embeddable":true,"href":"https:\/\/gretasexylingerie.com\/da\/wp-json\/wp\/v2\/product_tag?post=48323"}],"curies":[{"name":"wp","href":"https:\/\/api.w.org\/{rel}","templated":true}]}}