{"id":48173,"date":"2024-01-23T21:37:25","date_gmt":"2024-01-23T13:37:25","guid":{"rendered":"https:\/\/gretasexylingerie.com\/?post_type=product&#038;p=48173"},"modified":"2024-02-20T12:39:38","modified_gmt":"2024-02-20T04:39:38","slug":"engros-sexet-aben-bh-saet-med-hot-trusse","status":"publish","type":"product","link":"https:\/\/gretasexylingerie.com\/da\/products\/wholesale-sexy-open-bra-set-with-hot-panty\/","title":{"rendered":"Engros sexet \u00e5ben bh-s\u00e6t med hot trussedesign i kontrasterende farver"},"content":{"rendered":"<p><strong>Strapsplejsningsteknologi<\/strong>: Dette bh-s\u00e6t bruger innovativ stropsplejsningsteknologi, hvilket skaber et unikt og i\u00f8jnefaldende design. Denne funktion tilf\u00f8jer ikke kun et moderne twist til s\u00e6ttet, men sikrer ogs\u00e5 en sikker og flatterende pasform, der appellerer til dem, der s\u00f8ger lingeri, der kombinerer banebrydende design med komfort.<\/p>\n\n\n\n<p><strong>Hult brystdesign<\/strong>: Det hule brystdesign i dette s\u00e6t tilbyder et vovet og provokerende look, perfekt til dem, der \u00f8nsker at give et modigt statement. Dette designelement er n\u00f8glen til at lave dette <strong>sexet \u00e5bent s\u00e6t<\/strong> et enest\u00e5ende stykke, ideelt til s\u00e6rlige lejligheder eller til at tilf\u00f8je en gnist til hverdagsbrug.<\/p>\n\n\n\n<p><strong>Sort mesh stof<\/strong>: Brugen af sort mesh-stof tilf\u00f8jer et lag af tiltr\u00e6kning og sofistikering. Det er gennemsigtigt nok til at friste, men overlader nok til fantasien og skaber den perfekte balance til en <strong>hot trusse s\u00e6t design<\/strong>.<\/p>\n\n\n\n<p><strong>Kontrasterende farvedesign<\/strong>: Tilg\u00e6ngelig i HotPink, Orange og Red, disse livlige kontrastfarver tilf\u00f8jer en ekstra dimension af appel. Hver farvemulighed tilbyder en anden stemning og stil, der im\u00f8dekommer en r\u00e6kke pr\u00e6ferencer og g\u00f8r s\u00e6ttet alsidigt til forskellige personligheder.<\/p>\n\n\n\n<p><strong>Alsidigt st\u00f8rrelsesomr\u00e5de<\/strong>: Med st\u00f8rrelser fra S til L er dette bh-s\u00e6t designet til at passe til en bred vifte af kropstyper. Denne inklusivitet sikrer, at enhver kunde kan finde deres perfekte pasform, hvilket g\u00f8r den til en fantastisk tilf\u00f8jelse til enhver lingerikollektion.<\/p>\n\n\n\n<p><strong>Bundet BH og trusser<\/strong>: S\u00e6ttet indeholder en bundet bh og trusser, der tilf\u00f8jer et legende og forf\u00f8rende element. Denne detalje forbedrer ikke kun s\u00e6ttets visuelle appel, men giver ogs\u00e5 mulighed for justerbarhed og en tilpasset pasform.<\/p>\n\n\n\n<p>T\u00f8r at bl\u00e6nde med vores super sexede bh-s\u00e6t, en perfekt blanding af fedt design og lokkende detaljer. Dens unikke funktioner og kontrasterende farver g\u00f8r den til et must-have til enhver kollektion, der \u00f8nsker at tilf\u00f8je et strejf af sp\u00e6nding og tiltr\u00e6kning. Bestil nu og bring et nyt niveau af forf\u00f8relse til dine tilbud!<\/p>\n\n\n\n<figure class=\"wp-block-table\"><table><tbody><tr><td class=\"has-text-align-center\" data-align=\"center\" colspan=\"6\"><strong>St\u00f8rrelsesdiagram (CM)<\/strong><\/td><\/tr><tr><td class=\"has-text-align-center\" data-align=\"center\"><strong>St\u00f8rrelse<\/strong><\/td><td class=\"has-text-align-center\" data-align=\"center\"><strong>L\u00e6ngde (cm)<\/strong><\/td><td class=\"has-text-align-center\" data-align=\"center\"><strong>Underbryst (cm)<\/strong><\/td><td class=\"has-text-align-center\" data-align=\"center\"><strong>Trussetalje (cm)<\/strong><\/td><td class=\"has-text-align-center\" data-align=\"center\"><strong>Talje (cm)<\/strong><\/td><td class=\"has-text-align-center\" data-align=\"center\"><strong>Buksel\u00e6ngde (cm)<\/strong><\/td><\/tr><tr><td class=\"has-text-align-center\" data-align=\"center\">S<\/td><td class=\"has-text-align-center\" data-align=\"center\">20<\/td><td class=\"has-text-align-center\" data-align=\"center\">64-74<\/td><td class=\"has-text-align-center\" data-align=\"center\">62-94<\/td><td class=\"has-text-align-center\" data-align=\"center\">60-70<\/td><td class=\"has-text-align-center\" data-align=\"center\">21<\/td><\/tr><tr><td class=\"has-text-align-center\" data-align=\"center\">M<\/td><td class=\"has-text-align-center\" data-align=\"center\">21<\/td><td class=\"has-text-align-center\" data-align=\"center\">68-78<\/td><td class=\"has-text-align-center\" data-align=\"center\">66-98<\/td><td class=\"has-text-align-center\" data-align=\"center\">64-74<\/td><td class=\"has-text-align-center\" data-align=\"center\">22<\/td><\/tr><tr><td class=\"has-text-align-center\" data-align=\"center\">L<\/td><td class=\"has-text-align-center\" data-align=\"center\">22<\/td><td class=\"has-text-align-center\" data-align=\"center\">72-82<\/td><td class=\"has-text-align-center\" data-align=\"center\">70-102<\/td><td class=\"has-text-align-center\" data-align=\"center\">68-78<\/td><td class=\"has-text-align-center\" data-align=\"center\">23<\/td><\/tr><tr><td class=\"has-text-align-center\" data-align=\"center\" colspan=\"6\"><strong>St\u00f8rrelsesdiagram (INCH)<\/strong><\/td><\/tr><tr><td class=\"has-text-align-center\" data-align=\"center\"><strong>St\u00f8rrelse<\/strong><\/td><td class=\"has-text-align-center\" data-align=\"center\"><strong>L\u00e6ngde (in)<\/strong><\/td><td class=\"has-text-align-center\" data-align=\"center\"><strong>Underbust (ind)<\/strong><\/td><td class=\"has-text-align-center\" data-align=\"center\"><strong>Trussetalje (ind)<\/strong><\/td><td class=\"has-text-align-center\" data-align=\"center\"><strong>Talje (ind)<\/strong><\/td><td class=\"has-text-align-center\" data-align=\"center\"><strong>Buksel\u00e6ngde (in)<\/strong><\/td><\/tr><tr><td class=\"has-text-align-center\" data-align=\"center\">S<\/td><td class=\"has-text-align-center\" data-align=\"center\">7.87<\/td><td class=\"has-text-align-center\" data-align=\"center\">25.20-29.13<\/td><td class=\"has-text-align-center\" data-align=\"center\">24.41-37.01<\/td><td class=\"has-text-align-center\" data-align=\"center\">23.62-27.56<\/td><td class=\"has-text-align-center\" data-align=\"center\">8.27<\/td><\/tr><tr><td class=\"has-text-align-center\" data-align=\"center\">M<\/td><td class=\"has-text-align-center\" data-align=\"center\">8.27<\/td><td class=\"has-text-align-center\" data-align=\"center\">26.77-30.71<\/td><td class=\"has-text-align-center\" data-align=\"center\">25.98-38.58<\/td><td class=\"has-text-align-center\" data-align=\"center\">25.20-29.13<\/td><td class=\"has-text-align-center\" data-align=\"center\">8.66<\/td><\/tr><tr><td class=\"has-text-align-center\" data-align=\"center\">L<\/td><td class=\"has-text-align-center\" data-align=\"center\">8.66<\/td><td class=\"has-text-align-center\" data-align=\"center\">28.35-32.28<\/td><td class=\"has-text-align-center\" data-align=\"center\">27.56-40.16<\/td><td class=\"has-text-align-center\" data-align=\"center\">26.77-30.71<\/td><td class=\"has-text-align-center\" data-align=\"center\">9.06<\/td><\/tr><\/tbody><\/table><\/figure>","protected":false},"excerpt":{"rendered":"<p>T\u00e6nd lidenskab med vores <strong>sexet \u00e5bent s\u00e6t<\/strong>, med splejsningsteknologi og et hult brystdesign. Udformet i sort mesh med levende kontrastfarver af HotPink, Orange og R\u00f8d, er dette s\u00e6t indbegrebet af forf\u00f8relse.<\/p>","protected":false},"featured_media":48154,"template":"","meta":[],"product_brand":[],"product_cat":[368,376],"product_tag":[880,453,504],"class_list":{"0":"post-48173","1":"product","2":"type-product","3":"status-publish","4":"has-post-thumbnail","6":"product_cat-bra-panty-set","7":"product_cat-wholesale-ultra-sexy-bra-panty-set","8":"product_tag-sexy-2-piece-lingerie","9":"product_tag-wholesale-sexy-naughty-lingerie","10":"product_tag-ultra-sexy","11":"pa_color-hot-pink-women-sexy-lingerie","12":"pa_color-orange","13":"pa_color-red-women-sexy-lingerie","14":"pa_size-wholesale-large-size-women-sexy-lingerie","15":"pa_size-wholesale-medium-size-women-sexy-lingerie","16":"pa_size-wholesale-small-size-sexy-lingerie","18":"first","19":"instock","20":"taxable","21":"shipping-taxable","22":"purchasable","23":"product-type-variable"},"tiered_pricing_type":"fixed","tiered_pricing_fixed_rules":[],"tiered_pricing_product_settings":{"layout":"table","base_unit_name":{"singular":null,"plural":null},"default_variation":null},"tiered_pricing_minimum_quantity":null,"tiered_pricing_roles_data":[],"tiered_pricing_percentage_rules":[],"tiered_pricing_maximum_quantity":null,"tiered_pricing_quantity_step":null,"_links":{"self":[{"href":"https:\/\/gretasexylingerie.com\/da\/wp-json\/wp\/v2\/product\/48173","targetHints":{"allow":["GET"]}}],"collection":[{"href":"https:\/\/gretasexylingerie.com\/da\/wp-json\/wp\/v2\/product"}],"about":[{"href":"https:\/\/gretasexylingerie.com\/da\/wp-json\/wp\/v2\/types\/product"}],"wp:featuredmedia":[{"embeddable":true,"href":"https:\/\/gretasexylingerie.com\/da\/wp-json\/wp\/v2\/media\/48154"}],"wp:attachment":[{"href":"https:\/\/gretasexylingerie.com\/da\/wp-json\/wp\/v2\/media?parent=48173"}],"wp:term":[{"taxonomy":"product_brand","embeddable":true,"href":"https:\/\/gretasexylingerie.com\/da\/wp-json\/wp\/v2\/product_brand?post=48173"},{"taxonomy":"product_cat","embeddable":true,"href":"https:\/\/gretasexylingerie.com\/da\/wp-json\/wp\/v2\/product_cat?post=48173"},{"taxonomy":"product_tag","embeddable":true,"href":"https:\/\/gretasexylingerie.com\/da\/wp-json\/wp\/v2\/product_tag?post=48173"}],"curies":[{"name":"wp","href":"https:\/\/api.w.org\/{rel}","templated":true}]}}