{"id":48102,"date":"2024-01-23T21:26:45","date_gmt":"2024-01-23T13:26:45","guid":{"rendered":"https:\/\/gretasexylingerie.com\/?post_type=product&#038;p=48102"},"modified":"2024-02-20T12:45:41","modified_gmt":"2024-02-20T04:45:41","slug":"engros-sexet-blonde-lingeri-saet-i-solvgra","status":"publish","type":"product","link":"https:\/\/gretasexylingerie.com\/da\/products\/wholesale-sexy-lace-lingerie-set-in-silver-gray\/","title":{"rendered":"Engros sexet blonde lingeri s\u00e6t i s\u00f8lvgr\u00e5 og pink kontrast"},"content":{"rendered":"<p><strong>Sl\u00e5ende kontrastfarve blonder<\/strong>: Den i\u00f8jnefaldende kontrast af s\u00f8lvgr\u00e5 og pink i dette lingeris\u00e6t tilbyder en unik og moderne \u00e6stetik. Denne dristige farvekombination er perfekt til dem, der s\u00f8ger lingeri, der skiller sig ud, hvilket g\u00f8r det til et meget \u00f8nskeligt valg for din <strong>flot bh s\u00e6t<\/strong> kollektion.<\/p>\n\n\n\n<p><strong>Sexet hule blondedesign<\/strong>: S\u00e6ttet har sexede hule blonder, som tilf\u00f8jer et lag af intriger og charme. Dette designelement er ikke kun visuelt tiltalende, men taler ogs\u00e5 til en f\u00f8lelse af vovemod og selvtillid og appellerer til kunder, der elsker at udtrykke deres stil gennem deres valg af lingeri.<\/p>\n\n\n\n<p><strong>Alsidigt st\u00f8rrelsesomr\u00e5de<\/strong>: Passer til en bred vifte af kropstyper, dette s\u00e6t f\u00e5s i st\u00f8rrelserne S, M, L. Denne inklusivitet sikrer, at enhver kunde kan finde deres perfekte pasform, hvilket g\u00f8r det til et praktisk og tiltalende valg for en <strong>lille bh og trusse<\/strong> kollektion.<\/p>\n\n\n\n<p><strong>Elegant og sensuel tiltr\u00e6kningskraft<\/strong>: Kombinationen af sarte blonder og den sl\u00e5ende farvekontrast skaber en elegant, men sensuel appel. Dette s\u00e6t er perfekt til de s\u00e6rlige lejligheder, hvor dine kunder \u00f8nsker at f\u00f8le sig b\u00e5de sofistikerede og forf\u00f8rende.<\/p>\n\n\n\n<p><strong>Perfekt til forskellige samlinger<\/strong>: Dette kontrastfarvede blonde-bh-s\u00e6t er med sin blanding af moderne stil og klassisk elegance en fremragende tilf\u00f8jelse til enhver lingerikollektion. Den er ideel til butikker og butikker, der \u00f8nsker at tilbyde deres kunder en blanding af moderne design og tidl\u00f8s sk\u00f8nhed.<\/p>\n\n\n\n<p>Inviter dine kunder til at opleve den unikke charme ved vores sexede blonde-lingeris\u00e6t. Dens uds\u00f8gte design og opm\u00e6rksomhed p\u00e5 detaljer g\u00f8r den til en fremtr\u00e6dende tilf\u00f8jelse til enhver high-end lingerikollektion. Bestil nu for at l\u00f8fte dine tilbud med et strejf af sofistikering og moderne stil!<\/p>\n\n\n\n<figure class=\"wp-block-table\"><table><tbody><tr><td class=\"has-text-align-center\" data-align=\"center\" colspan=\"4\"><strong>St\u00f8rrelsesdiagram (CM)<\/strong><\/td><\/tr><tr><td class=\"has-text-align-center\" data-align=\"center\"><strong>St\u00f8rrelse<\/strong><\/td><td class=\"has-text-align-center\" data-align=\"center\"><strong>Underbryst (cm)<\/strong><\/td><td class=\"has-text-align-center\" data-align=\"center\"><strong>Trusser talje (cm)<\/strong><\/td><td class=\"has-text-align-center\" data-align=\"center\"><strong>Buksel\u00e6ngde (cm)<\/strong><\/td><\/tr><tr><td class=\"has-text-align-center\" data-align=\"center\">S<\/td><td class=\"has-text-align-center\" data-align=\"center\">68-80<\/td><td class=\"has-text-align-center\" data-align=\"center\">68-80<\/td><td class=\"has-text-align-center\" data-align=\"center\">20.5<\/td><\/tr><tr><td class=\"has-text-align-center\" data-align=\"center\">M<\/td><td class=\"has-text-align-center\" data-align=\"center\">73-85<\/td><td class=\"has-text-align-center\" data-align=\"center\">73-85<\/td><td class=\"has-text-align-center\" data-align=\"center\">21.5<\/td><\/tr><tr><td class=\"has-text-align-center\" data-align=\"center\">L<\/td><td class=\"has-text-align-center\" data-align=\"center\">78-90<\/td><td class=\"has-text-align-center\" data-align=\"center\">78-90<\/td><td class=\"has-text-align-center\" data-align=\"center\">22.5<\/td><\/tr><tr><td class=\"has-text-align-center\" data-align=\"center\" colspan=\"4\"><strong>St\u00f8rrelsesdiagram (INCH)<\/strong><\/td><\/tr><tr><td class=\"has-text-align-center\" data-align=\"center\"><strong>St\u00f8rrelse<\/strong><\/td><td class=\"has-text-align-center\" data-align=\"center\"><strong>Underbust (ind)<\/strong><\/td><td class=\"has-text-align-center\" data-align=\"center\"><strong>Trusser talje (ind)<\/strong><\/td><td class=\"has-text-align-center\" data-align=\"center\"><strong>Buksel\u00e6ngde (in)<\/strong><\/td><\/tr><tr><td class=\"has-text-align-center\" data-align=\"center\">S<\/td><td class=\"has-text-align-center\" data-align=\"center\">26.77-31.50<\/td><td class=\"has-text-align-center\" data-align=\"center\">26.77-31.50<\/td><td class=\"has-text-align-center\" data-align=\"center\">8.07<\/td><\/tr><tr><td class=\"has-text-align-center\" data-align=\"center\">M<\/td><td class=\"has-text-align-center\" data-align=\"center\">28.74-33.46<\/td><td class=\"has-text-align-center\" data-align=\"center\">28.74-33.46<\/td><td class=\"has-text-align-center\" data-align=\"center\">8.46<\/td><\/tr><tr><td class=\"has-text-align-center\" data-align=\"center\">L<\/td><td class=\"has-text-align-center\" data-align=\"center\">30.71-35.43<\/td><td class=\"has-text-align-center\" data-align=\"center\">30.71-35.43<\/td><td class=\"has-text-align-center\" data-align=\"center\">8.86<\/td><\/tr><\/tbody><\/table><\/figure>","protected":false},"excerpt":{"rendered":"<p>Omfavn tiltr\u00e6kningen af vores <strong>sexet blonde lingeri s\u00e6t<\/strong>, en fantastisk kontrast af s\u00f8lvgr\u00e5 og pink. Dette smukke bh og trusses\u00e6t er et bevis p\u00e5 elegance og sensualitet.<\/p>","protected":false},"featured_media":48092,"template":"","meta":[],"product_brand":[],"product_cat":[368,369,367],"product_tag":[452,880,864],"class_list":{"0":"post-48102","1":"product","2":"type-product","3":"status-publish","4":"has-post-thumbnail","6":"product_cat-bra-panty-set","7":"product_cat-wholesale-lace-bra-and-panty-sets","8":"product_cat-sexy-lingerie","9":"product_tag-wholesale-boudoir-lingerie","10":"product_tag-sexy-2-piece-lingerie","11":"product_tag-sexy-petite-lingerie","12":"pa_color-pink-women-sexy-lingerie","13":"pa_size-wholesale-large-size-women-sexy-lingerie","14":"pa_size-wholesale-medium-size-women-sexy-lingerie","15":"pa_size-wholesale-small-size-sexy-lingerie","17":"first","18":"instock","19":"taxable","20":"shipping-taxable","21":"purchasable","22":"product-type-variable"},"tiered_pricing_type":"fixed","tiered_pricing_fixed_rules":[],"tiered_pricing_product_settings":{"layout":"table","base_unit_name":{"singular":null,"plural":null},"default_variation":null},"tiered_pricing_minimum_quantity":null,"tiered_pricing_roles_data":[],"tiered_pricing_percentage_rules":[],"tiered_pricing_maximum_quantity":null,"tiered_pricing_quantity_step":null,"_links":{"self":[{"href":"https:\/\/gretasexylingerie.com\/da\/wp-json\/wp\/v2\/product\/48102","targetHints":{"allow":["GET"]}}],"collection":[{"href":"https:\/\/gretasexylingerie.com\/da\/wp-json\/wp\/v2\/product"}],"about":[{"href":"https:\/\/gretasexylingerie.com\/da\/wp-json\/wp\/v2\/types\/product"}],"wp:featuredmedia":[{"embeddable":true,"href":"https:\/\/gretasexylingerie.com\/da\/wp-json\/wp\/v2\/media\/48092"}],"wp:attachment":[{"href":"https:\/\/gretasexylingerie.com\/da\/wp-json\/wp\/v2\/media?parent=48102"}],"wp:term":[{"taxonomy":"product_brand","embeddable":true,"href":"https:\/\/gretasexylingerie.com\/da\/wp-json\/wp\/v2\/product_brand?post=48102"},{"taxonomy":"product_cat","embeddable":true,"href":"https:\/\/gretasexylingerie.com\/da\/wp-json\/wp\/v2\/product_cat?post=48102"},{"taxonomy":"product_tag","embeddable":true,"href":"https:\/\/gretasexylingerie.com\/da\/wp-json\/wp\/v2\/product_tag?post=48102"}],"curies":[{"name":"wp","href":"https:\/\/api.w.org\/{rel}","templated":true}]}}