{"id":48036,"date":"2024-01-23T10:50:13","date_gmt":"2024-01-23T02:50:13","guid":{"rendered":"https:\/\/gretasexylingerie.com\/?post_type=product&#038;p=48036"},"modified":"2024-02-20T12:50:47","modified_gmt":"2024-02-20T04:50:47","slug":"engros-blomstret-blonde-bojle-lingeri-saet","status":"publish","type":"product","link":"https:\/\/gretasexylingerie.com\/da\/products\/wholesale-floral-lace-underwire-lingerie-set\/","title":{"rendered":"Engros blomstret blonde b\u00f8jle lingeri s\u00e6t"},"content":{"rendered":"<p><strong>Uds\u00f8gt blomsterblonde<\/strong>: Midtpunktet i dette lingeris\u00e6t er det indviklede blomstrede blondedesign, som udstr\u00e5ler en f\u00f8lelse af luksus og raffinement. Denne delikate detaljering appellerer til dem, der v\u00e6rds\u00e6tter den klassiske sk\u00f8nhed af blonder i deres <strong>designer lingeri s\u00e6t<\/strong>, hvilket g\u00f8r det til et perfekt valg for eksklusive butikker.<\/p>\n\n\n\n<p><strong>Tre-lags foldet mesh Tutu<\/strong>: Tilf\u00f8jer et unikt og legende twist, det tre-lags foldede mesh bringer en finurlig, men elegant flair til s\u00e6ttet. Denne funktion forbedrer ikke kun den \u00e6stetiske appel, men tilf\u00f8jer ogs\u00e5 et strejf af kreativitet og sjov, s\u00e5 den skiller sig ud i enhver <strong>3 stk lingeri s\u00e6t<\/strong> kollektion.<\/p>\n\n\n\n<p><strong>Levende farvemuligheder<\/strong>: Med en r\u00e6kke farver, herunder sort, r\u00f8d, hvid og HotPink, henvender dette s\u00e6t sig til forskellige smag og pr\u00e6ferencer. Hver farve tilf\u00f8jer sin egen karakter til designet, fra klassisk elegance til fed passion, hvilket sikrer, at der er et perfekt match til hver kunde.<\/p>\n\n\n\n<p><strong>Underwire Support<\/strong>: B\u00f8jle-bh&#039;en giver b\u00e5de st\u00f8tte og en flatterende form, hvilket g\u00f8r s\u00e6ttet lige s\u00e5 funktionelt, som det er smukt. Denne funktion er is\u00e6r v\u00e6rdsat af kunder, der leder efter lingeri, der tilbyder b\u00e5de komfort og stil.<\/p>\n\n\n\n<p><strong>Alsidigt st\u00f8rrelsesomr\u00e5de<\/strong>: F\u00e5s i st\u00f8rrelserne S, M, L, s\u00e6ttet er designet til at rumme en r\u00e6kke kropstyper, hvilket sikrer en perfekt pasform til en mangfoldig kundekreds.<\/p>\n\n\n\n<p><strong>Perfekt til forskellige samlinger<\/strong>: Dette lingeris\u00e6t er med sin kombination af klassiske blonder og moderne tutu-design en fremragende tilf\u00f8jelse til enhver kollektion. Det er ideelt for dem, der s\u00f8ger at tilbyde deres kunder en blanding af traditionel elegance og moderne mode i deres lingeriudvalg.<\/p>\n\n\n\n<p>Inviter dine kunder til at omfavne forlokkelsen ved vores blomstrede blonde-underwire-lingeris\u00e6t. Dens unikke design og udvalg af farver g\u00f8r den til et must-have for enhver kollektion, der \u00f8nsker at tilf\u00f8je et strejf af sofistikeret og legende elegance. Bestil nu og byd dine kunder den perfekte blanding af stil, komfort og luksus!<\/p>\n\n\n\n<figure class=\"wp-block-table\"><table><tbody><tr><td class=\"has-text-align-center\" data-align=\"center\" colspan=\"6\"><strong>St\u00f8rrelsesdiagram (CM)<\/strong><\/td><\/tr><tr><td class=\"has-text-align-center\" data-align=\"center\"><strong>St\u00f8rrelse<\/strong><\/td><td class=\"has-text-align-center\" data-align=\"center\"><strong>L\u00e6ngde (cm)<\/strong><\/td><td class=\"has-text-align-center\" data-align=\"center\"><strong>Under brystet (cm)<\/strong><\/td><td class=\"has-text-align-center\" data-align=\"center\"><strong>Bukser Talje I (cm)<\/strong><\/td><td class=\"has-text-align-center\" data-align=\"center\"><strong>Kjolens l\u00e6ngde (cm)<\/strong><\/td><td class=\"has-text-align-center\" data-align=\"center\"><strong>Talje (cm)<\/strong><\/td><\/tr><tr><td class=\"has-text-align-center\" data-align=\"center\">S<\/td><td class=\"has-text-align-center\" data-align=\"center\">13<\/td><td class=\"has-text-align-center\" data-align=\"center\">66-84<\/td><td class=\"has-text-align-center\" data-align=\"center\">60<\/td><td class=\"has-text-align-center\" data-align=\"center\">18<\/td><td class=\"has-text-align-center\" data-align=\"center\">62<\/td><\/tr><tr><td class=\"has-text-align-center\" data-align=\"center\">M<\/td><td class=\"has-text-align-center\" data-align=\"center\">13.5<\/td><td class=\"has-text-align-center\" data-align=\"center\">70-88<\/td><td class=\"has-text-align-center\" data-align=\"center\">64<\/td><td class=\"has-text-align-center\" data-align=\"center\">19<\/td><td class=\"has-text-align-center\" data-align=\"center\">66<\/td><\/tr><tr><td class=\"has-text-align-center\" data-align=\"center\">L<\/td><td class=\"has-text-align-center\" data-align=\"center\">14<\/td><td class=\"has-text-align-center\" data-align=\"center\">74-92<\/td><td class=\"has-text-align-center\" data-align=\"center\">68<\/td><td class=\"has-text-align-center\" data-align=\"center\">20<\/td><td class=\"has-text-align-center\" data-align=\"center\">70<\/td><\/tr><tr><td class=\"has-text-align-center\" data-align=\"center\">XL<\/td><td class=\"has-text-align-center\" data-align=\"center\">14.5<\/td><td class=\"has-text-align-center\" data-align=\"center\">78-96<\/td><td class=\"has-text-align-center\" data-align=\"center\">72<\/td><td class=\"has-text-align-center\" data-align=\"center\">21<\/td><td class=\"has-text-align-center\" data-align=\"center\">74<\/td><\/tr><tr><td class=\"has-text-align-center\" data-align=\"center\" colspan=\"6\"><strong>St\u00f8rrelsesdiagram (INCH)<\/strong><\/td><\/tr><tr><td class=\"has-text-align-center\" data-align=\"center\"><strong>St\u00f8rrelse<\/strong><\/td><td class=\"has-text-align-center\" data-align=\"center\"><strong>L\u00e6ngde (in)<\/strong><\/td><td class=\"has-text-align-center\" data-align=\"center\"><strong>Under buste (i)<\/strong><\/td><td class=\"has-text-align-center\" data-align=\"center\"><strong>Bukser Talje I (ind)<\/strong><\/td><td class=\"has-text-align-center\" data-align=\"center\"><strong>Kjolens l\u00e6ngde (in)<\/strong><\/td><td class=\"has-text-align-center\" data-align=\"center\"><strong>Talje (ind)<\/strong><\/td><\/tr><tr><td class=\"has-text-align-center\" data-align=\"center\">S<\/td><td class=\"has-text-align-center\" data-align=\"center\">5.12<\/td><td class=\"has-text-align-center\" data-align=\"center\">25.98-33.07<\/td><td class=\"has-text-align-center\" data-align=\"center\">23.62<\/td><td class=\"has-text-align-center\" data-align=\"center\">7.09<\/td><td class=\"has-text-align-center\" data-align=\"center\">24.41<\/td><\/tr><tr><td class=\"has-text-align-center\" data-align=\"center\">M<\/td><td class=\"has-text-align-center\" data-align=\"center\">5.31<\/td><td class=\"has-text-align-center\" data-align=\"center\">27.56-34.65<\/td><td class=\"has-text-align-center\" data-align=\"center\">25.20<\/td><td class=\"has-text-align-center\" data-align=\"center\">7.48<\/td><td class=\"has-text-align-center\" data-align=\"center\">25.98<\/td><\/tr><tr><td class=\"has-text-align-center\" data-align=\"center\">L<\/td><td class=\"has-text-align-center\" data-align=\"center\">5.51<\/td><td class=\"has-text-align-center\" data-align=\"center\">29.13-36.22<\/td><td class=\"has-text-align-center\" data-align=\"center\">26.77<\/td><td class=\"has-text-align-center\" data-align=\"center\">7.87<\/td><td class=\"has-text-align-center\" data-align=\"center\">27.56<\/td><\/tr><tr><td class=\"has-text-align-center\" data-align=\"center\">XL<\/td><td class=\"has-text-align-center\" data-align=\"center\">5.71<\/td><td class=\"has-text-align-center\" data-align=\"center\">30.71-37.80<\/td><td class=\"has-text-align-center\" data-align=\"center\">28.35<\/td><td class=\"has-text-align-center\" data-align=\"center\">8.27<\/td><td class=\"has-text-align-center\" data-align=\"center\">29.13<\/td><\/tr><\/tbody><\/table><\/figure>","protected":false},"excerpt":{"rendered":"<p>Fork\u00e6l dig selv med det sofistikerede i vores <strong>blomstret blonde b\u00f8jle lingeri s\u00e6t<\/strong>, med et tre-lags foldet mesh. F\u00e5s i sort, r\u00f8d, hvid og HotPink, dette s\u00e6t er en blanding af elegance og legende charme.<\/p>","protected":false},"featured_media":47987,"template":"","meta":[],"product_brand":[],"product_cat":[368,369,367],"product_tag":[507,448,870,864],"class_list":{"0":"post-48036","1":"product","2":"type-product","3":"status-publish","4":"has-post-thumbnail","6":"product_cat-bra-panty-set","7":"product_cat-wholesale-lace-bra-and-panty-sets","8":"product_cat-sexy-lingerie","9":"product_tag-three-pcs-set","10":"product_tag-wholesale-elegant-sexy-lingerie","11":"product_tag-floral-lingerie","12":"product_tag-sexy-petite-lingerie","13":"pa_color-black","14":"pa_color-hot-pink-women-sexy-lingerie","15":"pa_color-red-women-sexy-lingerie","16":"pa_color-white","17":"pa_size-wholesale-large-size-women-sexy-lingerie","18":"pa_size-wholesale-medium-size-women-sexy-lingerie","19":"pa_size-wholesale-small-size-sexy-lingerie","21":"first","22":"instock","23":"taxable","24":"shipping-taxable","25":"purchasable","26":"product-type-variable"},"tiered_pricing_type":"fixed","tiered_pricing_fixed_rules":[],"tiered_pricing_product_settings":{"layout":"table","base_unit_name":{"singular":null,"plural":null},"default_variation":null},"tiered_pricing_minimum_quantity":null,"tiered_pricing_roles_data":[],"tiered_pricing_percentage_rules":[],"tiered_pricing_maximum_quantity":null,"tiered_pricing_quantity_step":null,"_links":{"self":[{"href":"https:\/\/gretasexylingerie.com\/da\/wp-json\/wp\/v2\/product\/48036","targetHints":{"allow":["GET"]}}],"collection":[{"href":"https:\/\/gretasexylingerie.com\/da\/wp-json\/wp\/v2\/product"}],"about":[{"href":"https:\/\/gretasexylingerie.com\/da\/wp-json\/wp\/v2\/types\/product"}],"wp:featuredmedia":[{"embeddable":true,"href":"https:\/\/gretasexylingerie.com\/da\/wp-json\/wp\/v2\/media\/47987"}],"wp:attachment":[{"href":"https:\/\/gretasexylingerie.com\/da\/wp-json\/wp\/v2\/media?parent=48036"}],"wp:term":[{"taxonomy":"product_brand","embeddable":true,"href":"https:\/\/gretasexylingerie.com\/da\/wp-json\/wp\/v2\/product_brand?post=48036"},{"taxonomy":"product_cat","embeddable":true,"href":"https:\/\/gretasexylingerie.com\/da\/wp-json\/wp\/v2\/product_cat?post=48036"},{"taxonomy":"product_tag","embeddable":true,"href":"https:\/\/gretasexylingerie.com\/da\/wp-json\/wp\/v2\/product_tag?post=48036"}],"curies":[{"name":"wp","href":"https:\/\/api.w.org\/{rel}","templated":true}]}}