{"id":47971,"date":"2024-01-23T10:39:04","date_gmt":"2024-01-23T02:39:04","guid":{"rendered":"https:\/\/gretasexylingerie.com\/?post_type=product&#038;p=47971"},"modified":"2024-02-20T12:52:14","modified_gmt":"2024-02-20T04:52:14","slug":"engros-stribet-sort-bodysuit-med-ryglos-rem","status":"publish","type":"product","link":"https:\/\/gretasexylingerie.com\/da\/products\/wholesale-striped-black-bodysuit-with-backless-thong\/","title":{"rendered":"Engros stribet sort bodysuit med rygl\u00f8s Thong"},"content":{"rendered":"<p><strong>Sl\u00e5ende stribet design<\/strong>: Denne bodysuits stribede m\u00f8nster tilbyder et modigt og moderne look, perfekt til at g\u00f8re et statement. Striberne tilf\u00f8jer dybde og tekstur, hvilket g\u00f8r den til et fremtr\u00e6dende stykke i enhver <strong>almindelig sort bodysuit<\/strong> kollektion.<\/p>\n\n\n\n<p><strong>Gennemsigtig elegance<\/strong>: Denne bodysuit er lavet med gennemsigtigt materiale og pirrer med en antydning af, hvad der ligger under, og skaber en perfekt balance mellem tiltr\u00e6kning og sofistikering. Det er et ideelt valg for dem, der s\u00e6tter pris p\u00e5 en blanding af vovemod og elegance i deres lingeri.<\/p>\n\n\n\n<p><strong>Halv buste sk\u00e5ret<\/strong>: Designet med halv buste giver et unikt og moderne look, der tilbyder et nyt bud p\u00e5 klassiske bodysuit-stile. Denne funktion er is\u00e6r tiltalende for kunder, der leder efter lingeri, der kombinerer innovativt design med et strejf af sensualitet.<\/p>\n\n\n\n<p><strong>\u00c5ben ryg med str\u00f8mpeb\u00e5nd<\/strong>: Designet med \u00e5ben ryg tilf\u00f8jer et element af overraskelse og forf\u00f8relse, mens inkluderingen af str\u00f8mpeb\u00e5nd bringer et funktionelt, men stilfuldt aspekt til dette <strong>rygl\u00f8s string-bodysuit<\/strong>. Det er perfekt til kunder, der s\u00f8ger et stykke, der er b\u00e5de visuelt sl\u00e5ende og praktisk.<\/p>\n\n\n\n<p><strong>Alsidigt st\u00f8rrelsesomr\u00e5de<\/strong>: Tilg\u00e6ngelig i st\u00f8rrelserne S, M, L, denne bodysuit henvender sig til en bred vifte af kropstyper, hvilket sikrer en perfekt pasform til en bred kundebase.<\/p>\n\n\n\n<p><strong>Perfekt til forskellige lejligheder<\/strong>: Uanset om det er til en s\u00e6rlig aften i byen eller som et modigt fashion statement, er denne bodysuit alsidig nok til at passe til forskellige lejligheder, hvilket g\u00f8r den til en v\u00e6rdifuld tilf\u00f8jelse til enhver lingeri eller modekollektion.<\/p>\n\n\n\n<p>Omfavn charmen ved vores sortstribede bodysuit, en perfekt kombination af moderne stil og klassisk elegance. Dens unikke design og opm\u00e6rksomhed p\u00e5 detaljer g\u00f8r den til et must-have til din samling. Bestil nu og giv dine kunder et strejf af sofistikeret og vovet stil!<\/p>\n\n\n\n<figure class=\"wp-block-table\"><table><tbody><tr><td class=\"has-text-align-center\" data-align=\"center\" colspan=\"5\"><strong>St\u00f8rrelsesdiagram (CM)<\/strong><\/td><\/tr><tr><td class=\"has-text-align-center\" data-align=\"center\"><strong>St\u00f8rrelse<\/strong><\/td><td class=\"has-text-align-center\" data-align=\"center\"><strong>L\u00e6ngde (cm)<\/strong><\/td><td class=\"has-text-align-center\" data-align=\"center\"><strong>Underbryst (cm)<\/strong><\/td><td class=\"has-text-align-center\" data-align=\"center\"><strong>Talje (cm)<\/strong><\/td><td class=\"has-text-align-center\" data-align=\"center\"><strong>Buksel\u00e6ngde (cm)<\/strong><\/td><\/tr><tr><td class=\"has-text-align-center\" data-align=\"center\">S<\/td><td class=\"has-text-align-center\" data-align=\"center\">63<\/td><td class=\"has-text-align-center\" data-align=\"center\">62-72<\/td><td class=\"has-text-align-center\" data-align=\"center\">60-70<\/td><td class=\"has-text-align-center\" data-align=\"center\">20<\/td><\/tr><tr><td class=\"has-text-align-center\" data-align=\"center\">M<\/td><td class=\"has-text-align-center\" data-align=\"center\">64<\/td><td class=\"has-text-align-center\" data-align=\"center\">66-76<\/td><td class=\"has-text-align-center\" data-align=\"center\">64-74<\/td><td class=\"has-text-align-center\" data-align=\"center\">21<\/td><\/tr><tr><td class=\"has-text-align-center\" data-align=\"center\">L<\/td><td class=\"has-text-align-center\" data-align=\"center\">65<\/td><td class=\"has-text-align-center\" data-align=\"center\">70-80<\/td><td class=\"has-text-align-center\" data-align=\"center\">68-78<\/td><td class=\"has-text-align-center\" data-align=\"center\">22<\/td><\/tr><tr><td class=\"has-text-align-center\" data-align=\"center\" colspan=\"5\"><strong>St\u00f8rrelsesdiagram (INCH)<\/strong><\/td><\/tr><tr><td class=\"has-text-align-center\" data-align=\"center\"><strong>St\u00f8rrelse<\/strong><\/td><td class=\"has-text-align-center\" data-align=\"center\"><strong>L\u00e6ngde (in)<\/strong><\/td><td class=\"has-text-align-center\" data-align=\"center\"><strong>Underbust (ind)<\/strong><\/td><td class=\"has-text-align-center\" data-align=\"center\"><strong>Talje (ind)<\/strong><\/td><td class=\"has-text-align-center\" data-align=\"center\"><strong>Buksel\u00e6ngde (in)<\/strong><\/td><\/tr><tr><td class=\"has-text-align-center\" data-align=\"center\">S<\/td><td class=\"has-text-align-center\" data-align=\"center\">24.80<\/td><td class=\"has-text-align-center\" data-align=\"center\">24.41-28.35<\/td><td class=\"has-text-align-center\" data-align=\"center\">23.62-27.56<\/td><td class=\"has-text-align-center\" data-align=\"center\">7.87<\/td><\/tr><tr><td class=\"has-text-align-center\" data-align=\"center\">M<\/td><td class=\"has-text-align-center\" data-align=\"center\">25.20<\/td><td class=\"has-text-align-center\" data-align=\"center\">25.98-29.92<\/td><td class=\"has-text-align-center\" data-align=\"center\">25.20-29.13<\/td><td class=\"has-text-align-center\" data-align=\"center\">8.27<\/td><\/tr><tr><td class=\"has-text-align-center\" data-align=\"center\">L<\/td><td class=\"has-text-align-center\" data-align=\"center\">25.59<\/td><td class=\"has-text-align-center\" data-align=\"center\">27.56-31.50<\/td><td class=\"has-text-align-center\" data-align=\"center\">26.77-30.71<\/td><td class=\"has-text-align-center\" data-align=\"center\">8.66<\/td><\/tr><\/tbody><\/table><\/figure>","protected":false},"excerpt":{"rendered":"<p>Dyk ned i vores dristige elegance <strong>stribet bodysuit<\/strong>, et f\u00e6ngslende ensemble med et gennemsigtigt design med halv buste med \u00e5ben ryg og str\u00f8mpeb\u00e5nd i en slank sort.<\/p>","protected":false},"featured_media":47959,"template":"","meta":[],"product_brand":[],"product_cat":[370,367,373],"product_tag":[861,518,446,864,866,863],"class_list":{"0":"post-47971","1":"product","2":"type-product","3":"status-publish","4":"has-post-thumbnail","6":"product_cat-bodysuit","7":"product_cat-sexy-lingerie","8":"product_cat-wholesale-sexy-mesh-bodysuit","9":"product_tag-brunette-lingerie","10":"product_tag-mesh-lingerie","11":"product_tag-wholesale-sexy-see-through-lingerie","12":"product_tag-sexy-petite-lingerie","13":"product_tag-sexy-romper-lingerie","14":"product_tag-sexy-thong-lingerie","15":"pa_color-black","16":"pa_size-wholesale-large-size-women-sexy-lingerie","17":"pa_size-wholesale-medium-size-women-sexy-lingerie","18":"pa_size-wholesale-small-size-sexy-lingerie","20":"first","21":"instock","22":"taxable","23":"shipping-taxable","24":"purchasable","25":"product-type-variable"},"tiered_pricing_type":"fixed","tiered_pricing_fixed_rules":[],"tiered_pricing_product_settings":{"layout":"table","base_unit_name":{"singular":null,"plural":null},"default_variation":null},"tiered_pricing_minimum_quantity":null,"tiered_pricing_roles_data":[],"tiered_pricing_percentage_rules":[],"tiered_pricing_maximum_quantity":null,"tiered_pricing_quantity_step":null,"_links":{"self":[{"href":"https:\/\/gretasexylingerie.com\/da\/wp-json\/wp\/v2\/product\/47971","targetHints":{"allow":["GET"]}}],"collection":[{"href":"https:\/\/gretasexylingerie.com\/da\/wp-json\/wp\/v2\/product"}],"about":[{"href":"https:\/\/gretasexylingerie.com\/da\/wp-json\/wp\/v2\/types\/product"}],"wp:featuredmedia":[{"embeddable":true,"href":"https:\/\/gretasexylingerie.com\/da\/wp-json\/wp\/v2\/media\/47959"}],"wp:attachment":[{"href":"https:\/\/gretasexylingerie.com\/da\/wp-json\/wp\/v2\/media?parent=47971"}],"wp:term":[{"taxonomy":"product_brand","embeddable":true,"href":"https:\/\/gretasexylingerie.com\/da\/wp-json\/wp\/v2\/product_brand?post=47971"},{"taxonomy":"product_cat","embeddable":true,"href":"https:\/\/gretasexylingerie.com\/da\/wp-json\/wp\/v2\/product_cat?post=47971"},{"taxonomy":"product_tag","embeddable":true,"href":"https:\/\/gretasexylingerie.com\/da\/wp-json\/wp\/v2\/product_tag?post=47971"}],"curies":[{"name":"wp","href":"https:\/\/api.w.org\/{rel}","templated":true}]}}