{"id":47955,"date":"2024-01-23T10:36:52","date_gmt":"2024-01-23T02:36:52","guid":{"rendered":"https:\/\/gretasexylingerie.com\/?post_type=product&#038;p=47955"},"modified":"2024-02-20T12:54:26","modified_gmt":"2024-02-20T04:54:26","slug":"engros-lilla-blomsterbroderet-lingerisaet","status":"publish","type":"product","link":"https:\/\/gretasexylingerie.com\/da\/products\/wholesale-lilac-floral-embroidered-lingerie-set\/","title":{"rendered":"Engros syren blomster broderet lingeri s\u00e6t"},"content":{"rendered":"<p><strong>Syren og gr\u00f8n kontrast<\/strong>: Dette s\u00e6ts unikke farvepalet kombinerer bl\u00f8d lilla med levende gr\u00f8n, hvilket skaber en visuelt forbl\u00f8ffende kontrast. Denne sl\u00e5ende kombination fanger ikke kun \u00f8jet, men s\u00e6tter ogs\u00e5 en trend inden for lingerimode, hvilket g\u00f8r den til et must-have for butikker og butikker, der \u00f8nsker at tilbyde noget unikt tiltalende i deres <strong>blomstret bh s\u00e6t<\/strong> r\u00e6kkevidde.<\/p>\n\n\n\n<p><strong>Gennemsigtigt mesh stof<\/strong>: Brugen af gennemsigtigt mesh-stof i dette s\u00e6t skaber den perfekte balance mellem charme og sofistikering. Den giver et glimt af huden nedenunder og tilf\u00f8jer et sensuelt touch til det overordnede design. Denne funktion er s\u00e6rligt tiltalende for kunder, der s\u00f8ger lingeri, der er b\u00e5de elegant og forf\u00f8rende, hvilket g\u00f8r dette s\u00e6t til et topvalg for din <strong>nyt bh og trusse s\u00e6t<\/strong> kollektion.<\/p>\n\n\n\n<p><strong>Uds\u00f8gt blomsterbroderi<\/strong>: Hvert stykke er indviklet broderet med delikate blomsterm\u00f8nstre, hvilket tilf\u00f8jer dybde og tekstur til designet. Dette detaljerede h\u00e5ndv\u00e6rk taler om luksus og eksklusivitet og appellerer til kunder, der s\u00e6tter pris p\u00e5 de finere ting i livet. Blomsterbroderiet forst\u00e6rker ikke kun s\u00e6ttets sk\u00f8nhed, men tilf\u00f8jer ogs\u00e5 et romantisk, feminint touch, der er meget eftertragtet i avanceret lingeri.<\/p>\n\n\n\n<p><strong>Broderede fl\u00e6ser<\/strong>: Tilf\u00f8jelsen af broderede fl\u00e6ser giver et legende, men alligevel sofistikeret element. Disse fl\u00e6ser tilf\u00f8jer volumen og en taktil dimension til lingeriet, s\u00e5 det skiller sig ud. Denne detalje er perfekt til kunder, der elsker lingeri med et unikt twist, der tilbyder dem noget mere end blot standard lingeris\u00e6ttet.<\/p>\n\n\n\n<p><strong>Perfekt til nye samlinger<\/strong>: Dette lilla lingeris\u00e6t er med dets moderne design og unikke funktioner en ideel tilf\u00f8jelse til enhver ny kollektion. Det er ikke kun lingeri; det er et fashion statement. Det tilbyder dine kunder noget frisk og moderigtigt, og adskiller din kollektion fra konkurrenterne.<\/p>\n\n\n\n<p>Inviter dine kunder til at hengive sig til den luksuri\u00f8se og unikke appel fra vores lilla lingeris\u00e6t. Dens uds\u00f8gte design og opm\u00e6rksomhed p\u00e5 detaljer g\u00f8r den til en fremtr\u00e6dende tilf\u00f8jelse til enhver high-end lingerikollektion. Bestil nu og bring et strejf af elegance og moderne stil til dine tilbud!<\/p>\n\n\n\n<figure class=\"wp-block-table\"><table><tbody><tr><td class=\"has-text-align-center\" data-align=\"center\" colspan=\"6\"><strong>St\u00f8rrelsesdiagram (CM)<\/strong><\/td><\/tr><tr><td class=\"has-text-align-center\" data-align=\"center\"><strong>St\u00f8rrelse<\/strong><\/td><td class=\"has-text-align-center\" data-align=\"center\"><strong>Koph\u00f8jde (cm)<\/strong><\/td><td class=\"has-text-align-center\" data-align=\"center\"><strong>Under brystet (cm)<\/strong><\/td><td class=\"has-text-align-center\" data-align=\"center\"><strong>Trusser talje (cm)<\/strong><\/td><td class=\"has-text-align-center\" data-align=\"center\"><strong>Talje (cm)<\/strong><\/td><td class=\"has-text-align-center\" data-align=\"center\"><strong>Buksel\u00e6ngde (cm)<\/strong><\/td><\/tr><tr><td class=\"has-text-align-center\" data-align=\"center\">S<\/td><td class=\"has-text-align-center\" data-align=\"center\">16<\/td><td class=\"has-text-align-center\" data-align=\"center\">68-88<\/td><td class=\"has-text-align-center\" data-align=\"center\">68-88<\/td><td class=\"has-text-align-center\" data-align=\"center\">62<\/td><td class=\"has-text-align-center\" data-align=\"center\">24<\/td><\/tr><tr><td class=\"has-text-align-center\" data-align=\"center\">M<\/td><td class=\"has-text-align-center\" data-align=\"center\">16.8<\/td><td class=\"has-text-align-center\" data-align=\"center\">73-92<\/td><td class=\"has-text-align-center\" data-align=\"center\">73-92<\/td><td class=\"has-text-align-center\" data-align=\"center\">66<\/td><td class=\"has-text-align-center\" data-align=\"center\">25<\/td><\/tr><tr><td class=\"has-text-align-center\" data-align=\"center\">L<\/td><td class=\"has-text-align-center\" data-align=\"center\">17.6<\/td><td class=\"has-text-align-center\" data-align=\"center\">79-96<\/td><td class=\"has-text-align-center\" data-align=\"center\">79-96<\/td><td class=\"has-text-align-center\" data-align=\"center\">70<\/td><td class=\"has-text-align-center\" data-align=\"center\">26<\/td><\/tr><tr><td class=\"has-text-align-center\" data-align=\"center\" colspan=\"6\"><strong>St\u00f8rrelsesdiagram (INCH)<\/strong><\/td><\/tr><tr><td class=\"has-text-align-center\" data-align=\"center\"><strong>St\u00f8rrelse<\/strong><\/td><td class=\"has-text-align-center\" data-align=\"center\"><strong>Koph\u00f8jde (in)<\/strong><\/td><td class=\"has-text-align-center\" data-align=\"center\"><strong>Under buste (i)<\/strong><\/td><td class=\"has-text-align-center\" data-align=\"center\"><strong>Trusser talje (ind)<\/strong><\/td><td class=\"has-text-align-center\" data-align=\"center\"><strong>Talje (ind)<\/strong><\/td><td class=\"has-text-align-center\" data-align=\"center\"><strong>Buksel\u00e6ngde (in)<\/strong><\/td><\/tr><tr><td class=\"has-text-align-center\" data-align=\"center\">S<\/td><td class=\"has-text-align-center\" data-align=\"center\">6.30<\/td><td class=\"has-text-align-center\" data-align=\"center\">26.77-34.65<\/td><td class=\"has-text-align-center\" data-align=\"center\">26.77-34.65<\/td><td class=\"has-text-align-center\" data-align=\"center\">24.41<\/td><td class=\"has-text-align-center\" data-align=\"center\">9.45<\/td><\/tr><tr><td class=\"has-text-align-center\" data-align=\"center\">M<\/td><td class=\"has-text-align-center\" data-align=\"center\">6.61<\/td><td class=\"has-text-align-center\" data-align=\"center\">28.74-36.22<\/td><td class=\"has-text-align-center\" data-align=\"center\">28.74-36.22<\/td><td class=\"has-text-align-center\" data-align=\"center\">25.98<\/td><td class=\"has-text-align-center\" data-align=\"center\">9.84<\/td><\/tr><tr><td class=\"has-text-align-center\" data-align=\"center\">L<\/td><td class=\"has-text-align-center\" data-align=\"center\">6.93<\/td><td class=\"has-text-align-center\" data-align=\"center\">31.10-37.80<\/td><td class=\"has-text-align-center\" data-align=\"center\">31.10-37.80<\/td><td class=\"has-text-align-center\" data-align=\"center\">27.56<\/td><td class=\"has-text-align-center\" data-align=\"center\">10.24<\/td><\/tr><\/tbody><\/table><\/figure>","protected":false},"excerpt":{"rendered":"<p>Oplev den fortryllende sk\u00f8nhed i vores <strong>lilla lingeri s\u00e6t<\/strong>, et mesterv\u00e6rk af lilla og gr\u00f8n kontrast, lavet af gennemsigtigt mesh prydet med uds\u00f8gte blomsterbroderier.<\/p>","protected":false},"featured_media":47944,"template":"","meta":[],"product_brand":[],"product_cat":[368,367,375],"product_tag":[507,454,870,510,972],"class_list":{"0":"post-47955","1":"product","2":"type-product","3":"status-publish","4":"has-post-thumbnail","6":"product_cat-bra-panty-set","7":"product_cat-sexy-lingerie","8":"product_cat-whoelsale-sheer-bra-and-panty-sets","9":"product_tag-three-pcs-set","10":"product_tag-wholesale-sexy-embroidered-lingerie","11":"product_tag-floral-lingerie","12":"product_tag-ruffles-lingerie","13":"product_tag-valentines-day-lingerie","14":"pa_color-light-purple","15":"pa_size-wholesale-large-size-women-sexy-lingerie","16":"pa_size-wholesale-medium-size-women-sexy-lingerie","17":"pa_size-wholesale-small-size-sexy-lingerie","19":"first","20":"instock","21":"taxable","22":"shipping-taxable","23":"purchasable","24":"product-type-variable"},"tiered_pricing_type":"fixed","tiered_pricing_fixed_rules":[],"tiered_pricing_product_settings":{"layout":"table","base_unit_name":{"singular":null,"plural":null},"default_variation":null},"tiered_pricing_minimum_quantity":null,"tiered_pricing_roles_data":[],"tiered_pricing_percentage_rules":[],"tiered_pricing_maximum_quantity":null,"tiered_pricing_quantity_step":null,"_links":{"self":[{"href":"https:\/\/gretasexylingerie.com\/da\/wp-json\/wp\/v2\/product\/47955","targetHints":{"allow":["GET"]}}],"collection":[{"href":"https:\/\/gretasexylingerie.com\/da\/wp-json\/wp\/v2\/product"}],"about":[{"href":"https:\/\/gretasexylingerie.com\/da\/wp-json\/wp\/v2\/types\/product"}],"wp:featuredmedia":[{"embeddable":true,"href":"https:\/\/gretasexylingerie.com\/da\/wp-json\/wp\/v2\/media\/47944"}],"wp:attachment":[{"href":"https:\/\/gretasexylingerie.com\/da\/wp-json\/wp\/v2\/media?parent=47955"}],"wp:term":[{"taxonomy":"product_brand","embeddable":true,"href":"https:\/\/gretasexylingerie.com\/da\/wp-json\/wp\/v2\/product_brand?post=47955"},{"taxonomy":"product_cat","embeddable":true,"href":"https:\/\/gretasexylingerie.com\/da\/wp-json\/wp\/v2\/product_cat?post=47955"},{"taxonomy":"product_tag","embeddable":true,"href":"https:\/\/gretasexylingerie.com\/da\/wp-json\/wp\/v2\/product_tag?post=47955"}],"curies":[{"name":"wp","href":"https:\/\/api.w.org\/{rel}","templated":true}]}}