{"id":47939,"date":"2024-01-23T10:33:10","date_gmt":"2024-01-23T02:33:10","guid":{"rendered":"https:\/\/gretasexylingerie.com\/?post_type=product&#038;p=47939"},"modified":"2024-02-20T12:55:57","modified_gmt":"2024-02-20T04:55:57","slug":"engros-gront-babydoll-lingeri","status":"publish","type":"product","link":"https:\/\/gretasexylingerie.com\/da\/products\/wholesale-green-babydoll-lingerie\/","title":{"rendered":"Engros gr\u00f8nt babydoll lingeri med gennemsigtig blomstret top"},"content":{"rendered":"<p><strong>Mintgr\u00f8n friskhed<\/strong>: Den mintgr\u00f8nne farve p\u00e5 dette babydukkes\u00e6t udstr\u00e5ler en frisk og forfriskende appel, perfekt til at tilf\u00f8je et st\u00e6nk af farve til din lingerikollektion.<\/p>\n\n\n\n<p><strong>Uds\u00f8gte broderede blomster<\/strong>: Sk\u00f8nt broderede blomster pryder det gennemsigtige mesh-stof og tilf\u00f8jer et strejf af elegance og femininitet til dette <strong>gennemsigtig babydoll top<\/strong>.<\/p>\n\n\n\n<p><strong>Gennemsigtigt mesh-stof<\/strong>: Det gennemsigtige mesh giver et fristende glimt, mens det bevarer en luft af mystik, hvilket g\u00f8r dette s\u00e6t b\u00e5de tillokkende og sofistikeret.<\/p>\n\n\n\n<p><strong>Komplet s\u00e6t i tre dele<\/strong>: Denne aqua <strong>blomstret babydoll lingeri<\/strong> S\u00e6ttet indeholder en nederdel, matchende trusse og en komplement\u00e6r halsring, der giver et koordineret og charmerende look.<\/p>\n\n\n\n<p><strong>Alsidigt st\u00f8rrelsesomr\u00e5de<\/strong>: F\u00e5s i st\u00f8rrelserne S, M, L, dette s\u00e6t er designet til at smigre en r\u00e6kke forskellige kropstyper, hvilket sikrer, at hver kunde finder deres perfekte pasform.<\/p>\n\n\n\n<p>Fordyb dig i lokket ved vores gr\u00f8nne babydoll-lingeris\u00e6t. Dens unikke farve, uds\u00f8gte broderi og rene elegance g\u00f8r den til en fremtr\u00e6dende tilf\u00f8jelse til enhver lingerikollektion. Bestil nu og giv dine kunder et strejf af friskhed og femininitet!<\/p>\n\n\n\n<div class=\"wp-block-columns is-layout-flex wp-container-core-columns-is-layout-28f84493 wp-block-columns-is-layout-flex\">\n<div class=\"wp-block-column is-layout-flow wp-block-column-is-layout-flow\" style=\"flex-basis:100%\">\n<figure class=\"wp-block-table\"><table><tbody><tr><td class=\"has-text-align-center\" data-align=\"center\" colspan=\"5\"><strong>St\u00f8rrelsesdiagram (CM)<\/strong><\/td><\/tr><tr><td class=\"has-text-align-center\" data-align=\"center\"><strong>St\u00f8rrelse<\/strong><\/td><td class=\"has-text-align-center\" data-align=\"center\"><strong>L\u00e6ngde (cm)<\/strong><\/td><td class=\"has-text-align-center\" data-align=\"center\"><strong>Under brystet (cm)<\/strong><\/td><td class=\"has-text-align-center\" data-align=\"center\"><strong>Talje (cm)<\/strong><\/td><td class=\"has-text-align-center\" data-align=\"center\"><strong>Buksel\u00e6ngde (cm)<\/strong><\/td><\/tr><tr><td class=\"has-text-align-center\" data-align=\"center\">S<\/td><td class=\"has-text-align-center\" data-align=\"center\">72<\/td><td class=\"has-text-align-center\" data-align=\"center\">70<\/td><td class=\"has-text-align-center\" data-align=\"center\">66<\/td><td class=\"has-text-align-center\" data-align=\"center\">22<\/td><\/tr><tr><td class=\"has-text-align-center\" data-align=\"center\">M<\/td><td class=\"has-text-align-center\" data-align=\"center\">73.5<\/td><td class=\"has-text-align-center\" data-align=\"center\">74<\/td><td class=\"has-text-align-center\" data-align=\"center\">70<\/td><td class=\"has-text-align-center\" data-align=\"center\">23<\/td><\/tr><tr><td class=\"has-text-align-center\" data-align=\"center\">L<\/td><td class=\"has-text-align-center\" data-align=\"center\">75<\/td><td class=\"has-text-align-center\" data-align=\"center\">78<\/td><td class=\"has-text-align-center\" data-align=\"center\">74<\/td><td class=\"has-text-align-center\" data-align=\"center\">24<\/td><\/tr><tr><td class=\"has-text-align-center\" data-align=\"center\" colspan=\"5\"><strong>St\u00f8rrelsesdiagram (INCH)<\/strong><\/td><\/tr><tr><td class=\"has-text-align-center\" data-align=\"center\"><strong>St\u00f8rrelse<\/strong><\/td><td class=\"has-text-align-center\" data-align=\"center\"><strong>L\u00e6ngde (in)<\/strong><\/td><td class=\"has-text-align-center\" data-align=\"center\"><strong>Under buste (i)<\/strong><\/td><td class=\"has-text-align-center\" data-align=\"center\"><strong>Talje (ind)<\/strong><\/td><td class=\"has-text-align-center\" data-align=\"center\"><strong>Buksel\u00e6ngde (in)<\/strong><\/td><\/tr><tr><td class=\"has-text-align-center\" data-align=\"center\">S<\/td><td class=\"has-text-align-center\" data-align=\"center\">28.35<\/td><td class=\"has-text-align-center\" data-align=\"center\">27.56<\/td><td class=\"has-text-align-center\" data-align=\"center\">25.98<\/td><td class=\"has-text-align-center\" data-align=\"center\">8.66<\/td><\/tr><tr><td class=\"has-text-align-center\" data-align=\"center\">M<\/td><td class=\"has-text-align-center\" data-align=\"center\">28.94<\/td><td class=\"has-text-align-center\" data-align=\"center\">29.13<\/td><td class=\"has-text-align-center\" data-align=\"center\">27.56<\/td><td class=\"has-text-align-center\" data-align=\"center\">9.06<\/td><\/tr><tr><td class=\"has-text-align-center\" data-align=\"center\">L<\/td><td class=\"has-text-align-center\" data-align=\"center\">29.53<\/td><td class=\"has-text-align-center\" data-align=\"center\">30.71<\/td><td class=\"has-text-align-center\" data-align=\"center\">29.13<\/td><td class=\"has-text-align-center\" data-align=\"center\">9.45<\/td><\/tr><\/tbody><\/table><\/figure>\n<\/div>\n<\/div>","protected":false},"excerpt":{"rendered":"<p>Nyd vores friskhed <strong>gr\u00f8nt babydoll lingeri<\/strong>, et mintgr\u00f8nt ensemble med uds\u00f8gte broderede blomster p\u00e5 gennemsigtigt mesh-stof. Denne aqua <strong>blomstret babydoll lingeri<\/strong> S\u00e6ttet indeholder en nederdel, trusser og halsring.<\/p>","protected":false},"featured_media":47929,"template":"","meta":[],"product_brand":[],"product_cat":[385,382,367],"product_tag":[448,454,518,865],"class_list":{"0":"post-47939","1":"product","2":"type-product","3":"status-publish","4":"has-post-thumbnail","6":"product_cat-wholesale-mesh-babydoll","7":"product_cat-sexy-babydoll","8":"product_cat-sexy-lingerie","9":"product_tag-wholesale-elegant-sexy-lingerie","10":"product_tag-wholesale-sexy-embroidered-lingerie","11":"product_tag-mesh-lingerie","12":"product_tag-sexy-skimpy-lingerie","13":"pa_color-aqua-women-sexy-lingerie","14":"pa_size-wholesale-large-size-women-sexy-lingerie","15":"pa_size-wholesale-medium-size-women-sexy-lingerie","16":"pa_size-wholesale-small-size-sexy-lingerie","18":"first","19":"instock","20":"taxable","21":"shipping-taxable","22":"purchasable","23":"product-type-variable"},"tiered_pricing_type":"fixed","tiered_pricing_fixed_rules":[],"tiered_pricing_product_settings":{"layout":"table","base_unit_name":{"singular":null,"plural":null},"default_variation":null},"tiered_pricing_minimum_quantity":null,"tiered_pricing_roles_data":[],"tiered_pricing_percentage_rules":[],"tiered_pricing_maximum_quantity":null,"tiered_pricing_quantity_step":null,"_links":{"self":[{"href":"https:\/\/gretasexylingerie.com\/da\/wp-json\/wp\/v2\/product\/47939","targetHints":{"allow":["GET"]}}],"collection":[{"href":"https:\/\/gretasexylingerie.com\/da\/wp-json\/wp\/v2\/product"}],"about":[{"href":"https:\/\/gretasexylingerie.com\/da\/wp-json\/wp\/v2\/types\/product"}],"wp:featuredmedia":[{"embeddable":true,"href":"https:\/\/gretasexylingerie.com\/da\/wp-json\/wp\/v2\/media\/47929"}],"wp:attachment":[{"href":"https:\/\/gretasexylingerie.com\/da\/wp-json\/wp\/v2\/media?parent=47939"}],"wp:term":[{"taxonomy":"product_brand","embeddable":true,"href":"https:\/\/gretasexylingerie.com\/da\/wp-json\/wp\/v2\/product_brand?post=47939"},{"taxonomy":"product_cat","embeddable":true,"href":"https:\/\/gretasexylingerie.com\/da\/wp-json\/wp\/v2\/product_cat?post=47939"},{"taxonomy":"product_tag","embeddable":true,"href":"https:\/\/gretasexylingerie.com\/da\/wp-json\/wp\/v2\/product_tag?post=47939"}],"curies":[{"name":"wp","href":"https:\/\/api.w.org\/{rel}","templated":true}]}}