{"id":47889,"date":"2024-01-23T10:22:08","date_gmt":"2024-01-23T02:22:08","guid":{"rendered":"https:\/\/gretasexylingerie.com\/?post_type=product&#038;p=47889"},"modified":"2024-02-20T13:00:57","modified_gmt":"2024-02-20T05:00:57","slug":"engros-romantisk-bh-og-trusser-saet-med-blonde-strompeband","status":"publish","type":"product","link":"https:\/\/gretasexylingerie.com\/da\/products\/wholesale-romantic-bra-and-panty-set-with-lace-garter\/","title":{"rendered":"Engros romantisk bh og trusser s\u00e6t med blonde str\u00f8mpeb\u00e5nd"},"content":{"rendered":"<p><strong>Hudfarvet gennemsigtigt mesh<\/strong>: Det fine, hudfarvede gennemsigtige net giver et look, der knap nok er der, hvilket giver et tillokkende l\u00e6rred til s\u00e6ttets indviklede detaljer.<\/p>\n\n\n\n<p><strong>Uds\u00f8gte sorte broderede blomster<\/strong>: Hvert stykke er smukt fremh\u00e6vet med sorte broderede blomster, hvilket tilf\u00f8jer et strejf af romantisk sofistikering til dette <strong>romantisk bh og trusse<\/strong> s\u00e6t.<\/p>\n\n\n\n<p><strong>Blonde blomsteraccenter<\/strong>: Delikate blondeblomster fremh\u00e6ver det overordnede design og skaber en harmonisk balance mellem elegance og sensualitet.<\/p>\n\n\n\n<p><strong>Alsidigt st\u00f8rrelsesomr\u00e5de<\/strong>: Passer til en r\u00e6kke forskellige kropstyper og f\u00e5s i st\u00f8rrelserne S, M, L, hvilket sikrer en perfekt pasform og komfort til din kundekreds.<\/p>\n\n\n\n<p><strong>Komplet ensemble<\/strong>: Dette s\u00e6t inkluderer en bustier, trusse og str\u00f8mpeb\u00e5nd, der giver et komplet og koordineret look, der er b\u00e5de luksuri\u00f8st og f\u00e6ngslende.<\/p>\n\n\n\n<p>Tr\u00e6d ind i en verden, hvor romantik og elegance fletter sig sammen med vores uds\u00f8gte blonde-bh og str\u00f8mpeb\u00e5ndss\u00e6t. Perfekt til dem, der s\u00f8ger en blanding af sofistikering og tiltr\u00e6kning i deres lingerikollektion. Bestil nu og tilf\u00f8j et strejf af poetisk sk\u00f8nhed til dine tilbud!<\/p>\n\n\n\n<figure class=\"wp-block-table\"><table><tbody><tr><td class=\"has-text-align-center\" data-align=\"center\" colspan=\"6\"><strong>St\u00f8rrelsesdiagram (CM)<\/strong><\/td><\/tr><tr><td class=\"has-text-align-center\" data-align=\"center\"><strong>St\u00f8rrelse<\/strong><\/td><td class=\"has-text-align-center\" data-align=\"center\"><strong>L\u00e6ngde (cm)<\/strong><\/td><td class=\"has-text-align-center\" data-align=\"center\"><strong>Under brystet (cm)<\/strong><\/td><td class=\"has-text-align-center\" data-align=\"center\"><strong>Talje (cm)<\/strong><\/td><td class=\"has-text-align-center\" data-align=\"center\"><strong>Talje (cm)<\/strong><\/td><td class=\"has-text-align-center\" data-align=\"center\"><strong>L\u00e6ngde (cm)<\/strong><\/td><\/tr><tr><td class=\"has-text-align-center\" data-align=\"center\">S<\/td><td class=\"has-text-align-center\" data-align=\"center\">14<\/td><td class=\"has-text-align-center\" data-align=\"center\">67-95<\/td><td class=\"has-text-align-center\" data-align=\"center\">68-98<\/td><td class=\"has-text-align-center\" data-align=\"center\">60-70<\/td><td class=\"has-text-align-center\" data-align=\"center\">21<\/td><\/tr><tr><td class=\"has-text-align-center\" data-align=\"center\">M<\/td><td class=\"has-text-align-center\" data-align=\"center\">15<\/td><td class=\"has-text-align-center\" data-align=\"center\">71-99<\/td><td class=\"has-text-align-center\" data-align=\"center\">72-102<\/td><td class=\"has-text-align-center\" data-align=\"center\">64-74<\/td><td class=\"has-text-align-center\" data-align=\"center\">22<\/td><\/tr><tr><td class=\"has-text-align-center\" data-align=\"center\">L<\/td><td class=\"has-text-align-center\" data-align=\"center\">16<\/td><td class=\"has-text-align-center\" data-align=\"center\">75-103<\/td><td class=\"has-text-align-center\" data-align=\"center\">76-106<\/td><td class=\"has-text-align-center\" data-align=\"center\">68-78<\/td><td class=\"has-text-align-center\" data-align=\"center\">23<\/td><\/tr><tr><td class=\"has-text-align-center\" data-align=\"center\" colspan=\"6\"><strong>St\u00f8rrelsesdiagram (INCH)<\/strong><\/td><\/tr><tr><td class=\"has-text-align-center\" data-align=\"center\"><strong>St\u00f8rrelse<\/strong><\/td><td class=\"has-text-align-center\" data-align=\"center\"><strong>L\u00e6ngde (in)<\/strong><\/td><td class=\"has-text-align-center\" data-align=\"center\"><strong>Under brystet (ind)<\/strong><\/td><td class=\"has-text-align-center\" data-align=\"center\"><strong>Talje (ind)<\/strong><\/td><td class=\"has-text-align-center\" data-align=\"center\"><strong>Talje (ind)<\/strong><\/td><td class=\"has-text-align-center\" data-align=\"center\"><strong>L\u00e6ngde (in)<\/strong><\/td><\/tr><tr><td class=\"has-text-align-center\" data-align=\"center\">S<\/td><td class=\"has-text-align-center\" data-align=\"center\">5.51<\/td><td class=\"has-text-align-center\" data-align=\"center\">26.38-37.40<\/td><td class=\"has-text-align-center\" data-align=\"center\">26.77-38.58<\/td><td class=\"has-text-align-center\" data-align=\"center\">23.62-27.56<\/td><td class=\"has-text-align-center\" data-align=\"center\">8.27<\/td><\/tr><tr><td class=\"has-text-align-center\" data-align=\"center\">M<\/td><td class=\"has-text-align-center\" data-align=\"center\">5.91<\/td><td class=\"has-text-align-center\" data-align=\"center\">27.95-38.98<\/td><td class=\"has-text-align-center\" data-align=\"center\">28.35-40.16<\/td><td class=\"has-text-align-center\" data-align=\"center\">25.20-29.13<\/td><td class=\"has-text-align-center\" data-align=\"center\">8.66<\/td><\/tr><tr><td class=\"has-text-align-center\" data-align=\"center\">L<\/td><td class=\"has-text-align-center\" data-align=\"center\">6.30<\/td><td class=\"has-text-align-center\" data-align=\"center\">29.53-40.55<\/td><td class=\"has-text-align-center\" data-align=\"center\">29.92-41.73<\/td><td class=\"has-text-align-center\" data-align=\"center\">26.77-30.71<\/td><td class=\"has-text-align-center\" data-align=\"center\">9.06<\/td><\/tr><\/tbody><\/table><\/figure>","protected":false},"excerpt":{"rendered":"<p>Afsl\u00f8r essensen af romantik med vores <strong>blonde bh og str\u00f8mpeb\u00e5nd s\u00e6t<\/strong>, med hudfarvet gennemsigtigt mesh prydet med uds\u00f8gte sorte broderede blomster. Dette s\u00e6t er en poetisk blanding af elegance og allure.<\/p>","protected":false},"featured_media":47878,"template":"","meta":[],"product_brand":[],"product_cat":[368,367,375],"product_tag":[507,861,454,446,865],"class_list":{"0":"post-47889","1":"product","2":"type-product","3":"status-publish","4":"has-post-thumbnail","6":"product_cat-bra-panty-set","7":"product_cat-sexy-lingerie","8":"product_cat-whoelsale-sheer-bra-and-panty-sets","9":"product_tag-three-pcs-set","10":"product_tag-brunette-lingerie","11":"product_tag-wholesale-sexy-embroidered-lingerie","12":"product_tag-wholesale-sexy-see-through-lingerie","13":"product_tag-sexy-skimpy-lingerie","14":"pa_color-black","15":"pa_size-wholesale-large-size-women-sexy-lingerie","16":"pa_size-wholesale-medium-size-women-sexy-lingerie","17":"pa_size-wholesale-small-size-sexy-lingerie","19":"first","20":"instock","21":"taxable","22":"shipping-taxable","23":"purchasable","24":"product-type-variable"},"tiered_pricing_type":"fixed","tiered_pricing_fixed_rules":[],"tiered_pricing_product_settings":{"layout":"table","base_unit_name":{"singular":null,"plural":null},"default_variation":null},"tiered_pricing_minimum_quantity":null,"tiered_pricing_roles_data":[],"tiered_pricing_percentage_rules":[],"tiered_pricing_maximum_quantity":null,"tiered_pricing_quantity_step":null,"_links":{"self":[{"href":"https:\/\/gretasexylingerie.com\/da\/wp-json\/wp\/v2\/product\/47889","targetHints":{"allow":["GET"]}}],"collection":[{"href":"https:\/\/gretasexylingerie.com\/da\/wp-json\/wp\/v2\/product"}],"about":[{"href":"https:\/\/gretasexylingerie.com\/da\/wp-json\/wp\/v2\/types\/product"}],"wp:featuredmedia":[{"embeddable":true,"href":"https:\/\/gretasexylingerie.com\/da\/wp-json\/wp\/v2\/media\/47878"}],"wp:attachment":[{"href":"https:\/\/gretasexylingerie.com\/da\/wp-json\/wp\/v2\/media?parent=47889"}],"wp:term":[{"taxonomy":"product_brand","embeddable":true,"href":"https:\/\/gretasexylingerie.com\/da\/wp-json\/wp\/v2\/product_brand?post=47889"},{"taxonomy":"product_cat","embeddable":true,"href":"https:\/\/gretasexylingerie.com\/da\/wp-json\/wp\/v2\/product_cat?post=47889"},{"taxonomy":"product_tag","embeddable":true,"href":"https:\/\/gretasexylingerie.com\/da\/wp-json\/wp\/v2\/product_tag?post=47889"}],"curies":[{"name":"wp","href":"https:\/\/api.w.org\/{rel}","templated":true}]}}