{"id":47865,"date":"2024-01-23T10:17:28","date_gmt":"2024-01-23T02:17:28","guid":{"rendered":"https:\/\/gretasexylingerie.com\/?post_type=product&#038;p=47865"},"modified":"2024-04-04T15:00:32","modified_gmt":"2024-04-04T07:00:32","slug":"engros-spandex-kvindelig-bodysuit","status":"publish","type":"product","link":"https:\/\/gretasexylingerie.com\/da\/products\/wholesale-spandex-female-bodysuit\/","title":{"rendered":"Engros Spandex kvindelige bodysuit med hult design"},"content":{"rendered":"<p><strong>Bred remstil<\/strong>: Tilbyder b\u00e5de komfort og st\u00f8tte, det brede remdesign af denne bodysuit er et praktisk, men stilfuldt valg til enhver mode-fremad begivenhed.<\/p>\n\n\n\n<p><strong>Hult design<\/strong>: Det vovede hule design tilf\u00f8jer en provokerende kant til dette <strong>spandex bodysuit<\/strong>, perfekt til at lave et modigt fashion statement.<\/p>\n\n\n\n<p><strong>Super sexet appel<\/strong>: Skr\u00e6ddersyet til de dristige og selvsikre, er denne bodysuit et udtryk for sensualitet, ideel til rave-begivenheder eller som en fremtr\u00e6dende garderobe.<\/p>\n\n\n\n<p><strong>Halter Neck Design<\/strong>: Denne bodysuit kombinerer en moderne silhuet med en klassisk halterneck og tilbyder en unik blanding af stil og elegance.<\/p>\n\n\n\n<p><strong>Alsidigt st\u00f8rrelsesomr\u00e5de<\/strong>: F\u00e5s i st\u00f8rrelserne S, M, L og i livlige farver \u2013 sort, r\u00f8d og hot pink \u2013 den henvender sig til en mangfoldig kundekreds og sikrer en perfekt pasform til en r\u00e6kke forskellige kropstyper.<\/p>\n\n\n\n<p>Tr\u00e6d ind i en verden af modig mode med vores fantastiske kvindelige bodysuit. Dens unikke design og livlige farver g\u00f8r den til et must-have for dem, der elsker at skille sig ud. Perfekt til raves, fester eller som en dristig tilf\u00f8jelse til din modekollektion. Bestil nu for at tilf\u00f8je dette sensationelle stykke til din lineup!<\/p>\n\n\n\n<figure class=\"wp-block-table\"><table><tbody><tr><td class=\"has-text-align-center\" data-align=\"center\" colspan=\"4\"><strong>St\u00f8rrelsesdiagram (CM)<\/strong><\/td><\/tr><tr><td class=\"has-text-align-center\" data-align=\"center\"><strong>St\u00f8rrelse<\/strong><\/td><td class=\"has-text-align-center\" data-align=\"center\"><strong>L\u00e6ngde (cm)<\/strong><\/td><td class=\"has-text-align-center\" data-align=\"center\"><strong>Under brystet (cm)<\/strong><\/td><td class=\"has-text-align-center\" data-align=\"center\"><strong>Talje (cm)<\/strong><\/td><\/tr><tr><td class=\"has-text-align-center\" data-align=\"center\">S<\/td><td class=\"has-text-align-center\" data-align=\"center\">72<\/td><td class=\"has-text-align-center\" data-align=\"center\">88<\/td><td class=\"has-text-align-center\" data-align=\"center\">64<\/td><\/tr><tr><td class=\"has-text-align-center\" data-align=\"center\">M<\/td><td class=\"has-text-align-center\" data-align=\"center\">74<\/td><td class=\"has-text-align-center\" data-align=\"center\">92<\/td><td class=\"has-text-align-center\" data-align=\"center\">68<\/td><\/tr><tr><td class=\"has-text-align-center\" data-align=\"center\">L<\/td><td class=\"has-text-align-center\" data-align=\"center\">76<\/td><td class=\"has-text-align-center\" data-align=\"center\">96<\/td><td class=\"has-text-align-center\" data-align=\"center\">72<\/td><\/tr><tr><td class=\"has-text-align-center\" data-align=\"center\" colspan=\"4\"><strong>St\u00f8rrelsesdiagram (INCH)<\/strong><\/td><\/tr><tr><td class=\"has-text-align-center\" data-align=\"center\"><strong>St\u00f8rrelse<\/strong><\/td><td class=\"has-text-align-center\" data-align=\"center\"><strong>L\u00e6ngde (in)<\/strong><\/td><td class=\"has-text-align-center\" data-align=\"center\"><strong>Under brystet (ind)<\/strong><\/td><td class=\"has-text-align-center\" data-align=\"center\"><strong>Talje (ind)<\/strong><\/td><\/tr><tr><td class=\"has-text-align-center\" data-align=\"center\">S<\/td><td class=\"has-text-align-center\" data-align=\"center\">28.35<\/td><td class=\"has-text-align-center\" data-align=\"center\">34.65<\/td><td class=\"has-text-align-center\" data-align=\"center\">25.20<\/td><\/tr><tr><td class=\"has-text-align-center\" data-align=\"center\">M<\/td><td class=\"has-text-align-center\" data-align=\"center\">29.13<\/td><td class=\"has-text-align-center\" data-align=\"center\">36.22<\/td><td class=\"has-text-align-center\" data-align=\"center\">26.77<\/td><\/tr><tr><td class=\"has-text-align-center\" data-align=\"center\">L<\/td><td class=\"has-text-align-center\" data-align=\"center\">29.92<\/td><td class=\"has-text-align-center\" data-align=\"center\">37.80<\/td><td class=\"has-text-align-center\" data-align=\"center\">28.35<\/td><\/tr><\/tbody><\/table><\/figure>","protected":false},"excerpt":{"rendered":"<p>Omfavn tiltr\u00e6kningen af vores <strong>kvindelig bodysuit<\/strong>, en s\u00f8ml\u00f8s blanding af brede stropper og hult design. Det her <strong>spandex bodysuit<\/strong> i sort, r\u00f8d og hot pink er det ultimative valg til et super sexet rave-look.<\/p>","protected":false},"featured_media":47860,"template":"","meta":[],"product_brand":[],"product_cat":[370,379,367],"product_tag":[528,866,863,447],"class_list":{"0":"post-47865","1":"product","2":"type-product","3":"status-publish","4":"has-post-thumbnail","6":"product_cat-bodysuit","7":"product_cat-wholesale-harness-bodysuit","8":"product_cat-sexy-lingerie","9":"product_tag-halter-lingerie","10":"product_tag-sexy-romper-lingerie","11":"product_tag-sexy-thong-lingerie","12":"product_tag-wholesale-strappy-sexy-lingerie","13":"pa_color-black","14":"pa_size-wholesale-large-size-women-sexy-lingerie","15":"pa_size-wholesale-medium-size-women-sexy-lingerie","16":"pa_size-wholesale-small-size-sexy-lingerie","18":"first","19":"instock","20":"taxable","21":"shipping-taxable","22":"purchasable","23":"product-type-variable"},"tiered_pricing_type":"fixed","tiered_pricing_fixed_rules":[],"tiered_pricing_product_settings":{"layout":"table","base_unit_name":{"singular":null,"plural":null},"default_variation":null},"tiered_pricing_minimum_quantity":null,"tiered_pricing_roles_data":[],"tiered_pricing_percentage_rules":[],"tiered_pricing_maximum_quantity":null,"tiered_pricing_quantity_step":null,"_links":{"self":[{"href":"https:\/\/gretasexylingerie.com\/da\/wp-json\/wp\/v2\/product\/47865","targetHints":{"allow":["GET"]}}],"collection":[{"href":"https:\/\/gretasexylingerie.com\/da\/wp-json\/wp\/v2\/product"}],"about":[{"href":"https:\/\/gretasexylingerie.com\/da\/wp-json\/wp\/v2\/types\/product"}],"wp:featuredmedia":[{"embeddable":true,"href":"https:\/\/gretasexylingerie.com\/da\/wp-json\/wp\/v2\/media\/47860"}],"wp:attachment":[{"href":"https:\/\/gretasexylingerie.com\/da\/wp-json\/wp\/v2\/media?parent=47865"}],"wp:term":[{"taxonomy":"product_brand","embeddable":true,"href":"https:\/\/gretasexylingerie.com\/da\/wp-json\/wp\/v2\/product_brand?post=47865"},{"taxonomy":"product_cat","embeddable":true,"href":"https:\/\/gretasexylingerie.com\/da\/wp-json\/wp\/v2\/product_cat?post=47865"},{"taxonomy":"product_tag","embeddable":true,"href":"https:\/\/gretasexylingerie.com\/da\/wp-json\/wp\/v2\/product_tag?post=47865"}],"curies":[{"name":"wp","href":"https:\/\/api.w.org\/{rel}","templated":true}]}}