{"id":46760,"date":"2023-11-21T00:45:13","date_gmt":"2023-11-20T16:45:13","guid":{"rendered":"https:\/\/gretasexylingerie.com\/?post_type=product&#038;p=46760"},"modified":"2023-12-13T21:35:58","modified_gmt":"2023-12-13T13:35:58","slug":"elegant-strompebandsbody-med-loveplettet-mesh","status":"publish","type":"product","link":"https:\/\/gretasexylingerie.com\/da\/products\/elegant-garter-bodysuit-with-love-spotted-mesh\/","title":{"rendered":"Elegant str\u00f8mpeb\u00e5nd-bodysuit med Love-Spotted Mesh"},"content":{"rendered":"<ol class=\"wp-block-list\">\n<li><strong>Str\u00f8mpeb\u00e5nd Bodysuit<\/strong>: Vores str\u00f8mpeb\u00e5ndsbody er designet til at tilbyde b\u00e5de stil og komfort. Dens design i \u00e9t stykke sikrer et slankt og s\u00f8ml\u00f8st look, hvilket g\u00f8r det til et must-have til din lingerikollektion.<\/li>\n\n\n\n<li><strong>Brystbue dekoration<\/strong>: Den sarte brystsl\u00f8jfe tilf\u00f8jer et strejf af femininitet og elegance, og adskiller denne bodysuit fra resten. Det er en subtil, men alligevel virkningsfuld detalje, der forbedrer den overordnede appel.<\/li>\n\n\n\n<li><strong>Love-Spotted Mesh<\/strong>: Bodydragtens k\u00e6rlighedsplettede mesh-stof er b\u00e5de visuelt fantastisk og behageligt taktil. Dette unikke materiale tilf\u00f8jer et legende og romantisk flair til designet.<\/li>\n\n\n\n<li><strong>Sexet sort kropsdragt<\/strong>: Omfavn din sensualitet med denne sexede sorte kropsdragt. Dens farve og design g\u00f8r den alsidig til forskellige lejligheder, uanset om den er intim eller som et modigt statement under dit outfit.<\/li>\n\n\n\n<li><strong>Bodysuit i tyl med mesh-benringe<\/strong>: Inkorporeringen af tyl og mesh-benringe tilf\u00f8jer et moderne twist til den klassiske bodysuit, der tilbyder en unik blanding af komfort og stil.<\/li>\n<\/ol>\n\n\n\n<p>Fork\u00e6l dig selv med den luksuri\u00f8se f\u00f8lelse og det sofistikerede design af vores Garter Bodysuit. Uanset om du \u00f8nsker at tilf\u00f8je et strejf af romantik til din aften eller blot s\u00f8ger et stilfuldt og behageligt lingeri, vil denne bodysuit helt sikkert f\u00e6ngsle og fortrylle. L\u00f8ft dit lingerispil med dette uds\u00f8gte stykke - bestil din i dag, og oplev den perfekte blanding af elegance og tiltr\u00e6kning!<\/p>\n\n\n\n<figure class=\"wp-block-table\"><table><tbody><tr><td colspan=\"6\"><strong>St\u00f8rrelsesdiagram (CM)<\/strong><\/td><\/tr><tr><td><strong>St\u00f8rrelse<\/strong><\/td><td><strong>L\u00e6ngde (cm)<\/strong><\/td><td><strong>Skulder (cm)<\/strong><\/td><td><strong>Under brystet (cm)<\/strong><\/td><td><strong>Talje (cm)<\/strong><\/td><td><strong>Hofte (cm)<\/strong><\/td><\/tr><tr><td>S<\/td><td>57<\/td><td>38<\/td><td>66-86<\/td><td>64-96<\/td><td>64<\/td><\/tr><tr><td>M<\/td><td>59<\/td><td>38<\/td><td>70-90<\/td><td>68-100<\/td><td>68<\/td><\/tr><tr><td>L<\/td><td>61<\/td><td>38<\/td><td>74-94<\/td><td>72-104<\/td><td>72<\/td><\/tr><\/tbody><\/table><\/figure>\n\n\n\n<figure class=\"wp-block-table\"><table><tbody><tr><td colspan=\"6\"><strong>St\u00f8rrelsesdiagram (INCH)<\/strong><\/td><\/tr><tr><td><strong>St\u00f8rrelse<\/strong><\/td><td><strong>L\u00e6ngde (in)<\/strong><\/td><td><strong>Skulder (ind)<\/strong><\/td><td><strong>Under brystet (ind)<\/strong><\/td><td><strong>Talje (ind)<\/strong><\/td><td><strong>Hofte (ind)<\/strong><\/td><\/tr><tr><td>S<\/td><td>22.44<\/td><td>14.96<\/td><td>25.98-33.86<\/td><td>25.20-37.80<\/td><td>25.20<\/td><\/tr><tr><td>M<\/td><td>23.23<\/td><td>14.96<\/td><td>27.56-35.43<\/td><td>26.77-39.37<\/td><td>26.77<\/td><\/tr><tr><td>L<\/td><td>24.02<\/td><td>14.96<\/td><td>29.13-37.01<\/td><td>28.35-40.94<\/td><td>28.35<\/td><\/tr><\/tbody><\/table><\/figure>","protected":false},"excerpt":{"rendered":"<p>Tr\u00e6d ind i en verden af elegance med vores Garter Bodysuit, et vidunder i \u00e9t stykke udsmykket med en charmerende brystsl\u00f8jfe. Denne bodysuit er lavet af k\u00e6rlighedsplettet mesh og har mesh-benringe og er indbegrebet af ynde og tiltr\u00e6kning, perfekt til de specielle \u00f8jeblikke.<\/p>","protected":false},"featured_media":46775,"template":"","meta":[],"product_brand":[],"product_cat":[370,367,373],"product_tag":[452,448,518],"class_list":{"0":"post-46760","1":"product","2":"type-product","3":"status-publish","4":"has-post-thumbnail","6":"product_cat-bodysuit","7":"product_cat-sexy-lingerie","8":"product_cat-wholesale-sexy-mesh-bodysuit","9":"product_tag-wholesale-boudoir-lingerie","10":"product_tag-wholesale-elegant-sexy-lingerie","11":"product_tag-mesh-lingerie","12":"pa_color-black","13":"pa_size-wholesale-large-size-women-sexy-lingerie","14":"pa_size-wholesale-medium-size-women-sexy-lingerie","15":"pa_size-wholesale-small-size-sexy-lingerie","17":"first","18":"instock","19":"taxable","20":"shipping-taxable","21":"purchasable","22":"product-type-variable"},"tiered_pricing_type":"fixed","tiered_pricing_fixed_rules":[],"tiered_pricing_product_settings":{"layout":"default","base_unit_name":{"singular":null,"plural":null},"default_variation":{}},"tiered_pricing_minimum_quantity":null,"tiered_pricing_roles_data":[],"tiered_pricing_percentage_rules":[],"tiered_pricing_maximum_quantity":null,"tiered_pricing_quantity_step":null,"_links":{"self":[{"href":"https:\/\/gretasexylingerie.com\/da\/wp-json\/wp\/v2\/product\/46760","targetHints":{"allow":["GET"]}}],"collection":[{"href":"https:\/\/gretasexylingerie.com\/da\/wp-json\/wp\/v2\/product"}],"about":[{"href":"https:\/\/gretasexylingerie.com\/da\/wp-json\/wp\/v2\/types\/product"}],"wp:featuredmedia":[{"embeddable":true,"href":"https:\/\/gretasexylingerie.com\/da\/wp-json\/wp\/v2\/media\/46775"}],"wp:attachment":[{"href":"https:\/\/gretasexylingerie.com\/da\/wp-json\/wp\/v2\/media?parent=46760"}],"wp:term":[{"taxonomy":"product_brand","embeddable":true,"href":"https:\/\/gretasexylingerie.com\/da\/wp-json\/wp\/v2\/product_brand?post=46760"},{"taxonomy":"product_cat","embeddable":true,"href":"https:\/\/gretasexylingerie.com\/da\/wp-json\/wp\/v2\/product_cat?post=46760"},{"taxonomy":"product_tag","embeddable":true,"href":"https:\/\/gretasexylingerie.com\/da\/wp-json\/wp\/v2\/product_tag?post=46760"}],"curies":[{"name":"wp","href":"https:\/\/api.w.org\/{rel}","templated":true}]}}