{"id":46735,"date":"2023-11-21T00:14:17","date_gmt":"2023-11-20T16:14:17","guid":{"rendered":"https:\/\/gretasexylingerie.com\/?post_type=product&#038;p=46735"},"modified":"2024-04-04T16:16:01","modified_gmt":"2024-04-04T08:16:01","slug":"aben-kop-designer-bodysuit-med-hjerte-diamantdetalje","status":"publish","type":"product","link":"https:\/\/gretasexylingerie.com\/da\/products\/open-cup-designer-bodysuit-with-heart-diamond-detail\/","title":{"rendered":"Open Cup Designer Bodysuit med Heart Diamond Detail"},"content":{"rendered":"<ol class=\"wp-block-list\">\n<li><strong>Sort designer bodysuit<\/strong>: Tr\u00e6d ind i en verden af sofistikeret stil med denne sorte designer-bodysuit. Dens unikke design adskiller den, hvilket g\u00f8r den til et must-have for modebevidste individer.<\/li>\n\n\n\n<li><strong>Sexet hul og bundtet stil<\/strong>: Omfavn din dristige side med bodyens sexede hule og bundtede stil. Den er designet til at smigre din figur og samtidig tilf\u00f8je et edgy touch til dit look.<\/li>\n\n\n\n<li><strong>Hjerte diamant dekoreret kiste<\/strong>: Hjertediamantudsmykningen p\u00e5 brystet tilf\u00f8jer et strejf af luksus og glamour, perfekt til de s\u00e6rlige lejligheder, eller n\u00e5r du vil f\u00f8le dig ekstra fabelagtig.<\/li>\n\n\n\n<li><strong>Open Cup Bodysuit med brede skulderstropper<\/strong>: Kombinerer mode med komfort, det \u00e5bne sk\u00e5ldesign og brede skulderstropper giver st\u00f8tte, mens de forbedrer dine naturlige kurver.<\/li>\n\n\n\n<li><strong>Butt-afsl\u00f8rende design for ekstra flair<\/strong>: Drej hovederne med bodyens fr\u00e6kke numse-afsl\u00f8rende design. Det her <strong>bodysuit med ledning<\/strong> handler om at fejre din krop og tilf\u00f8je et legende twist til dit outfit.<\/li>\n<\/ol>\n\n\n\n<p>G\u00e5 ikke glip af chancen for at eje denne uds\u00f8gte sorte designer-bodysuit. Perfekt til dem, der elsker at kombinere elegance med et strejf af vovemod, det vil helt sikkert blive et v\u00e6rdsat stykke i din samling. Uanset om du kl\u00e6der dig ud til en aften i byen eller \u00f8nsker at tilf\u00f8je noget sp\u00e6nding til din garderobe, er denne bodysuit det perfekte valg. Bestil nu og tr\u00e6d ind i en verden af uovertruffen stil og selvtillid!<\/p>\n\n\n\n<figure class=\"wp-block-table\"><table><tbody><tr><td colspan=\"5\"><strong>St\u00f8rrelsesdiagram (CM)<\/strong><\/td><\/tr><tr><td><strong>St\u00f8rrelse<\/strong><\/td><td><strong>L\u00e6ngde (cm)<\/strong><\/td><td><strong>Under brystet (cm)<\/strong><\/td><td><strong>Talje (cm)<\/strong><\/td><td><strong>Hofte (cm)<\/strong><\/td><\/tr><tr><td>S<\/td><td>72<\/td><td>68-86<\/td><td>66-96<\/td><td>72<\/td><\/tr><tr><td>M<\/td><td>74<\/td><td>72-90<\/td><td>70-100<\/td><td>76<\/td><\/tr><tr><td>L<\/td><td>76<\/td><td>76-94<\/td><td>74-104<\/td><td>80<\/td><\/tr><\/tbody><\/table><\/figure>\n\n\n\n<figure class=\"wp-block-table\"><table><tbody><tr><td colspan=\"5\"><strong>St\u00f8rrelsesdiagram (INCH)<\/strong><\/td><\/tr><tr><td><strong>St\u00f8rrelse<\/strong><\/td><td><strong>L\u00e6ngde (in)<\/strong><\/td><td><strong>Under brystet (ind)<\/strong><\/td><td><strong>Talje (ind)<\/strong><\/td><td><strong>Hofte (ind)<\/strong><\/td><\/tr><tr><td>S<\/td><td>28.35<\/td><td>26.77-33.86<\/td><td>25.98-37.80<\/td><td>28.35<\/td><\/tr><tr><td>M<\/td><td>29.13<\/td><td>28.35-35.43<\/td><td>27.56-39.37<\/td><td>29.92<\/td><\/tr><tr><td>L<\/td><td>29.92<\/td><td>29.92-37.01<\/td><td>29.13-40.94<\/td><td>31.50<\/td><\/tr><\/tbody><\/table><\/figure>","protected":false},"excerpt":{"rendered":"<p>L\u00f8ft din stil med vores fantastiske sorte designer-bodysuit, med et hjerte-diamantdekoreret bryst og et vovet, \u00e5bent sk\u00e5ldesign. Denne bodysuit kombinerer forlokkelsen af en sexet hul og bundtet stil med komforten fra brede skulderstropper, hvilket g\u00f8r den til en perfekt blanding af elegance og forf\u00f8relse.<\/p>","protected":false},"featured_media":46751,"template":"","meta":[],"product_brand":[],"product_cat":[370,379,367],"product_tag":[452,446],"class_list":{"0":"post-46735","1":"product","2":"type-product","3":"status-publish","4":"has-post-thumbnail","6":"product_cat-bodysuit","7":"product_cat-wholesale-harness-bodysuit","8":"product_cat-sexy-lingerie","9":"product_tag-wholesale-boudoir-lingerie","10":"product_tag-wholesale-sexy-see-through-lingerie","11":"pa_color-black","12":"pa_color-blue-women-sexy-lingerie","13":"pa_color-red-women-sexy-lingerie","14":"pa_size-wholesale-large-size-women-sexy-lingerie","15":"pa_size-wholesale-medium-size-women-sexy-lingerie","16":"pa_size-wholesale-small-size-sexy-lingerie","18":"first","19":"instock","20":"taxable","21":"shipping-taxable","22":"purchasable","23":"product-type-variable"},"tiered_pricing_type":"fixed","tiered_pricing_fixed_rules":[],"tiered_pricing_product_settings":{"layout":"table","base_unit_name":{"singular":null,"plural":null},"default_variation":{}},"tiered_pricing_minimum_quantity":null,"tiered_pricing_roles_data":[],"tiered_pricing_percentage_rules":[],"tiered_pricing_maximum_quantity":null,"tiered_pricing_quantity_step":null,"_links":{"self":[{"href":"https:\/\/gretasexylingerie.com\/da\/wp-json\/wp\/v2\/product\/46735","targetHints":{"allow":["GET"]}}],"collection":[{"href":"https:\/\/gretasexylingerie.com\/da\/wp-json\/wp\/v2\/product"}],"about":[{"href":"https:\/\/gretasexylingerie.com\/da\/wp-json\/wp\/v2\/types\/product"}],"wp:featuredmedia":[{"embeddable":true,"href":"https:\/\/gretasexylingerie.com\/da\/wp-json\/wp\/v2\/media\/46751"}],"wp:attachment":[{"href":"https:\/\/gretasexylingerie.com\/da\/wp-json\/wp\/v2\/media?parent=46735"}],"wp:term":[{"taxonomy":"product_brand","embeddable":true,"href":"https:\/\/gretasexylingerie.com\/da\/wp-json\/wp\/v2\/product_brand?post=46735"},{"taxonomy":"product_cat","embeddable":true,"href":"https:\/\/gretasexylingerie.com\/da\/wp-json\/wp\/v2\/product_cat?post=46735"},{"taxonomy":"product_tag","embeddable":true,"href":"https:\/\/gretasexylingerie.com\/da\/wp-json\/wp\/v2\/product_tag?post=46735"}],"curies":[{"name":"wp","href":"https:\/\/api.w.org\/{rel}","templated":true}]}}