{"id":46716,"date":"2023-11-20T23:27:07","date_gmt":"2023-11-20T15:27:07","guid":{"rendered":"https:\/\/gretasexylingerie.com\/?post_type=product&#038;p=46716"},"modified":"2024-04-04T16:14:36","modified_gmt":"2024-04-04T08:14:36","slug":"engros-sort-bodysuit-med-gennemsigtigt-mesh-og-ryglost-design","status":"publish","type":"product","link":"https:\/\/gretasexylingerie.com\/da\/products\/wholesale-black-bodysuit-with-see-through-mesh-and-backless-design\/","title":{"rendered":"Engros sort bodysuit med gennemsigtigt mesh og rygl\u00f8st design"},"content":{"rendered":"<ol class=\"wp-block-list\">\n<li><strong>Sort bodysuit til kvinder<\/strong>: Omfavn elegancen i vores sorte damebody, designet til at smigre din figur og samtidig give et sofistikeret og stilfuldt look.<\/li>\n\n\n\n<li><strong>Gennemsigtigt mesh-design<\/strong>: Bodydragtens gennemsigtige mesh tilf\u00f8jer et vovet og forf\u00f8rende touch, perfekt til dem, der \u00f8nsker at g\u00f8re et statement med deres stil.<\/li>\n\n\n\n<li><strong>Praktisk Snap Skridt-bodysuit<\/strong>: Designet med henblik p\u00e5 lethed og praktiske funktioner, g\u00f8r denne bodysuit med trykknapper i skridtet hurtig og ubesv\u00e6ret brug, hvilket g\u00f8r den til et must-have i din garderobe.<\/li>\n\n\n\n<li><strong>Fantastisk rygl\u00f8s elegance<\/strong>: Det rygl\u00f8se design af denne <strong>kropsdragt med \u00e5ben ryg<\/strong> giver et pirrende glimt af hud, der blander charme med high fashion.<\/li>\n\n\n\n<li><strong>Komfort og stil med brede skulderstropper<\/strong>: Nyd den perfekte balance mellem komfort og stil med de brede skulderstropper, der sikrer en sikker og flatterende pasform til alle kropstyper.<\/li>\n<\/ol>\n\n\n\n<p>Tr\u00e6d ind i en verden af elegance og sofistikering med vores sorte bodysuit. Uanset om du kl\u00e6der dig ud til en aften i byen eller leder efter en smart tilf\u00f8jelse til din daglige garderobe, vil denne bodysuit helt sikkert imponere. Omfavn den perfekte kombination af stil, komfort og bekvemmelighed. Tilf\u00f8j dette fantastiske stykke til din samling nu og l\u00f8ft dit modespil!<\/p>\n\n\n\n<figure class=\"wp-block-table\"><table><tbody><tr><td colspan=\"6\"><strong>St\u00f8rrelsesdiagram (CM)<\/strong><\/td><\/tr><tr><td><strong>St\u00f8rrelse<\/strong><\/td><td><strong>Topl\u00e6ngde (cm)<\/strong><\/td><td><strong>Skulder (cm)<\/strong><\/td><td><strong>Under brystet (cm)<\/strong><\/td><td><strong>Talje (cm)<\/strong><\/td><td><strong>Fods omkreds (cm)<\/strong><\/td><\/tr><tr><td>S<\/td><td>57<\/td><td>30<\/td><td>64-86<\/td><td>66-96<\/td><td>62<\/td><\/tr><tr><td>M<\/td><td>59<\/td><td>30<\/td><td>68-90<\/td><td>70-100<\/td><td>66<\/td><\/tr><tr><td>L<\/td><td>61<\/td><td>30<\/td><td>72-94<\/td><td>74-104<\/td><td>70<\/td><\/tr><\/tbody><\/table><\/figure>\n\n\n\n<figure class=\"wp-block-table\"><table><tbody><tr><td colspan=\"6\"><strong>St\u00f8rrelsesdiagram (INCH)<\/strong><\/td><\/tr><tr><td><strong>St\u00f8rrelse<\/strong><\/td><td><strong>Topl\u00e6ngde (in)<\/strong><\/td><td><strong>Skulder (ind)<\/strong><\/td><td><strong>Under brystet (ind)<\/strong><\/td><td><strong>Talje (ind)<\/strong><\/td><td><strong>Fods omkreds (in)<\/strong><\/td><\/tr><tr><td>S<\/td><td>22.44<\/td><td>11.81<\/td><td>25.20-33.86<\/td><td>25.98-37.80<\/td><td>24.41<\/td><\/tr><tr><td>M<\/td><td>23.23<\/td><td>11.81<\/td><td>26.77-35.43<\/td><td>27.56-39.37<\/td><td>25.98<\/td><\/tr><tr><td>L<\/td><td>24.02<\/td><td>11.81<\/td><td>28.35-37.01<\/td><td>29.13-40.94<\/td><td>27.56<\/td><\/tr><\/tbody><\/table><\/figure>","protected":false},"excerpt":{"rendered":"<p>Oplev tiltr\u00e6kningen ved vores <strong>sort bodysuit til kvinder<\/strong>, lavet med et fantastisk gennemsigtigt mesh og et elegant design uden ryg. Denne bodysuit er praktisk <strong>bodysuit med trykknapper i skridtet<\/strong> funktionalitet, hvilket g\u00f8r det til en perfekt blanding af stil og bekvemmelighed.<\/p>","protected":false},"featured_media":46726,"template":"","meta":[],"product_brand":[],"product_cat":[370,367,373],"product_tag":[448,518,973,446],"class_list":{"0":"post-46716","1":"product","2":"type-product","3":"status-publish","4":"has-post-thumbnail","6":"product_cat-bodysuit","7":"product_cat-sexy-lingerie","8":"product_cat-wholesale-sexy-mesh-bodysuit","9":"product_tag-wholesale-elegant-sexy-lingerie","10":"product_tag-mesh-lingerie","11":"product_tag-oem","12":"product_tag-wholesale-sexy-see-through-lingerie","13":"pa_color-black","14":"pa_size-wholesale-large-size-women-sexy-lingerie","15":"pa_size-wholesale-medium-size-women-sexy-lingerie","16":"pa_size-wholesale-small-size-sexy-lingerie","18":"first","19":"instock","20":"taxable","21":"shipping-taxable","22":"purchasable","23":"product-type-variable"},"tiered_pricing_type":"fixed","tiered_pricing_fixed_rules":[],"tiered_pricing_product_settings":{"layout":"table","base_unit_name":{"singular":null,"plural":null},"default_variation":{}},"tiered_pricing_minimum_quantity":null,"tiered_pricing_roles_data":[],"tiered_pricing_percentage_rules":[],"tiered_pricing_maximum_quantity":null,"tiered_pricing_quantity_step":null,"_links":{"self":[{"href":"https:\/\/gretasexylingerie.com\/da\/wp-json\/wp\/v2\/product\/46716","targetHints":{"allow":["GET"]}}],"collection":[{"href":"https:\/\/gretasexylingerie.com\/da\/wp-json\/wp\/v2\/product"}],"about":[{"href":"https:\/\/gretasexylingerie.com\/da\/wp-json\/wp\/v2\/types\/product"}],"wp:featuredmedia":[{"embeddable":true,"href":"https:\/\/gretasexylingerie.com\/da\/wp-json\/wp\/v2\/media\/46726"}],"wp:attachment":[{"href":"https:\/\/gretasexylingerie.com\/da\/wp-json\/wp\/v2\/media?parent=46716"}],"wp:term":[{"taxonomy":"product_brand","embeddable":true,"href":"https:\/\/gretasexylingerie.com\/da\/wp-json\/wp\/v2\/product_brand?post=46716"},{"taxonomy":"product_cat","embeddable":true,"href":"https:\/\/gretasexylingerie.com\/da\/wp-json\/wp\/v2\/product_cat?post=46716"},{"taxonomy":"product_tag","embeddable":true,"href":"https:\/\/gretasexylingerie.com\/da\/wp-json\/wp\/v2\/product_tag?post=46716"}],"curies":[{"name":"wp","href":"https:\/\/api.w.org\/{rel}","templated":true}]}}