{"id":46698,"date":"2023-11-13T21:53:20","date_gmt":"2023-11-13T13:53:20","guid":{"rendered":"https:\/\/gretasexylingerie.com\/?post_type=product&#038;p=46698"},"modified":"2024-02-15T22:18:25","modified_gmt":"2024-02-15T14:18:25","slug":"engros-halter-neck-blomstret-blonde-bodystocking-bodysuit-6","status":"publish","type":"product","link":"https:\/\/gretasexylingerie.com\/da\/products\/wholesale-long-sleeve-lace-bodysuit-stocking-with-deep-v-design\/","title":{"rendered":"Engros Lang\u00e6rmet Blonde Bodysuit Str\u00f8mpe med Deep V Design"},"content":{"rendered":"<ol class=\"wp-block-list\">\n<li><strong>Elegant Halter Neck Design<\/strong>: Halter-neck-stilen tilf\u00f8jer et strejf af ynde og sofistikering, perfekt til en r\u00e6kke forskellige lejligheder.<\/li>\n\n\n\n<li><strong>Charmerende hule meshdetaljer<\/strong>: Det hule mesh-design skaber en dragende visuel effekt, der forbedrer dine naturlige kurver.<\/li>\n\n\n\n<li><strong>Lang\u00e6rmet elegance<\/strong>: De lange \u00e6rmer tilf\u00f8jer et unikt touch til bodyen og tilbyder b\u00e5de stil og komfort.<\/li>\n\n\n\n<li><strong>Dybt V-snit for ekstra allure<\/strong>: Den dybe V-udsk\u00e6ring er b\u00e5de fed og smuk, hvilket g\u00f8r et statement i enhver sammenh\u00e6ng.<\/li>\n\n\n\n<li><strong>Blondepynt p\u00e5 maven<\/strong>: De indviklede blondedetaljer giver et strejf af luksus og l\u00f8fter det overordnede design af <strong>blonde bodysuit med str\u00f8mper<\/strong>.<\/li>\n<\/ol>\n\n\n\n<p>Slip din indre gudinde l\u00f8s med vores lang\u00e6rmede blonde-bodysuit-str\u00f8mpe. Uanset om du \u00f8nsker at pifte dine intime \u00f8jeblikke op eller tilf\u00f8je et vovet touch til dit outfit, er denne bodysuit det perfekte valg. Oplev den perfekte blanding af komfort og stil. Vent ikke, f\u00f8j dette uds\u00f8gte stykke til din samling i dag!<\/p>","protected":false},"excerpt":{"rendered":"<p>L\u00f8ft din stil med vores <strong>lang\u00e6rmet blondestr\u00f8mpe<\/strong>, med et fantastisk halter-neck-design og dybt V-snit. Denne <strong>r\u00f8dt nettights outfit<\/strong> er udsmykket med elegante blonde dekorationer p\u00e5 maven, der blander sensualitet med sofistikering.<\/p>","protected":false},"featured_media":46706,"template":"","meta":[],"product_brand":[],"product_cat":[405,404,409],"product_tag":[],"class_list":{"0":"post-46698","1":"product","2":"type-product","3":"status-publish","4":"has-post-thumbnail","6":"product_cat-wholesale-bodystocking","7":"product_cat-sexy-stocking","8":"product_cat-wholesale-stocking-bodysuit","9":"pa_color-black","10":"pa_size-free","12":"first","13":"instock","14":"taxable","15":"shipping-taxable","16":"purchasable","17":"product-type-variable"},"tiered_pricing_type":"fixed","tiered_pricing_fixed_rules":[],"tiered_pricing_product_settings":{"layout":"default","base_unit_name":{"singular":null,"plural":null},"default_variation":{}},"tiered_pricing_minimum_quantity":null,"tiered_pricing_roles_data":[],"tiered_pricing_percentage_rules":[],"tiered_pricing_maximum_quantity":null,"tiered_pricing_quantity_step":null,"_links":{"self":[{"href":"https:\/\/gretasexylingerie.com\/da\/wp-json\/wp\/v2\/product\/46698","targetHints":{"allow":["GET"]}}],"collection":[{"href":"https:\/\/gretasexylingerie.com\/da\/wp-json\/wp\/v2\/product"}],"about":[{"href":"https:\/\/gretasexylingerie.com\/da\/wp-json\/wp\/v2\/types\/product"}],"wp:featuredmedia":[{"embeddable":true,"href":"https:\/\/gretasexylingerie.com\/da\/wp-json\/wp\/v2\/media\/46706"}],"wp:attachment":[{"href":"https:\/\/gretasexylingerie.com\/da\/wp-json\/wp\/v2\/media?parent=46698"}],"wp:term":[{"taxonomy":"product_brand","embeddable":true,"href":"https:\/\/gretasexylingerie.com\/da\/wp-json\/wp\/v2\/product_brand?post=46698"},{"taxonomy":"product_cat","embeddable":true,"href":"https:\/\/gretasexylingerie.com\/da\/wp-json\/wp\/v2\/product_cat?post=46698"},{"taxonomy":"product_tag","embeddable":true,"href":"https:\/\/gretasexylingerie.com\/da\/wp-json\/wp\/v2\/product_tag?post=46698"}],"curies":[{"name":"wp","href":"https:\/\/api.w.org\/{rel}","templated":true}]}}