{"id":46678,"date":"2023-11-13T21:10:38","date_gmt":"2023-11-13T13:10:38","guid":{"rendered":"https:\/\/gretasexylingerie.com\/?post_type=product&#038;p=46678"},"modified":"2024-02-15T22:41:51","modified_gmt":"2024-02-15T14:41:51","slug":"engros-halter-neck-blomstret-blonde-bodystocking-bodysuit-4","status":"publish","type":"product","link":"https:\/\/gretasexylingerie.com\/da\/products\/wholesale-halter-neck-body-stocking-dress\/","title":{"rendered":"Engros Halter Neck Body Stocking Dress"},"content":{"rendered":"<ol class=\"wp-block-list\">\n<li><strong>Hoftel\u00e6ngde kort nederdel<\/strong>: Denne legende, korte nederdel\u00e6ngde tilf\u00f8jer et flirtende touch til din lingerikollektion, hvilket g\u00f8r den til et i\u00f8jnefaldende stykke.<\/li>\n\n\n\n<li><strong>Halter Neck Design<\/strong>: Det elegante halter-neck-snit forbedrer din halsudsk\u00e6ring og tilbyder b\u00e5de sofistikering og st\u00f8tte.<\/li>\n\n\n\n<li><strong>Hul talje detalje<\/strong>: Det hule talje design i denne <strong>kropsstr\u00f8mpe net<\/strong> piece fremh\u00e6ver din figur og skaber en i\u00f8jnefaldende silhuet.<\/li>\n\n\n\n<li><strong>Sexet \u00e5ben ryg<\/strong>: Den vovede \u00e5bne ryg-funktion tilf\u00f8jer et element af tiltr\u00e6kning, perfekt til at give et modigt statement.<\/li>\n\n\n\n<li><strong>Alsidig og unik<\/strong>: Ideel til s\u00e6rlige n\u00e6tter eller som en dristig tilf\u00f8jelse til din festp\u00e5kl\u00e6dning, denne <strong>body stocking outfit<\/strong> er alsidig og karakteristisk.<\/li>\n<\/ol>\n\n\n\n<p>Tr\u00e6d ind i en verden af elegance og tiltr\u00e6kning med vores bodystocking-kjole med halter-neck. Perfekt til dem, der elsker at skille sig ud, dette stykke er essentielt for at tilf\u00f8je et strejf af sofistikering og forf\u00f8relse til din garderobe. Omfavn den unikke stil i vores body stocking-kjole i dag, og forvandl din lingerioplevelse!<\/p>","protected":false},"excerpt":{"rendered":"<p>Oplev tiltr\u00e6kningen ved vores <strong>body stocking outfit<\/strong>, en f\u00e6ngslende halter neck bodystocking kjole. Dens unikke design har en hoftel\u00e6ngde kort nederdel og en hul talje, suppleret med en sexet \u00e5ben ryg og de indviklede detaljer af en <strong>fiskenet kjole<\/strong>.<\/p>","protected":false},"featured_media":46685,"template":"","meta":[],"product_brand":[],"product_cat":[405,406,404],"product_tag":[],"class_list":{"0":"post-46678","1":"product","2":"type-product","3":"status-publish","4":"has-post-thumbnail","6":"product_cat-wholesale-bodystocking","7":"product_cat-wholesale-fishnet-dress","8":"product_cat-sexy-stocking","9":"pa_color-black","10":"pa_size-free","12":"first","13":"instock","14":"taxable","15":"shipping-taxable","16":"purchasable","17":"product-type-variable"},"tiered_pricing_type":"fixed","tiered_pricing_fixed_rules":[],"tiered_pricing_product_settings":{"layout":"table","base_unit_name":{"singular":null,"plural":null},"default_variation":{}},"tiered_pricing_minimum_quantity":null,"tiered_pricing_roles_data":[],"tiered_pricing_percentage_rules":[],"tiered_pricing_maximum_quantity":null,"tiered_pricing_quantity_step":null,"_links":{"self":[{"href":"https:\/\/gretasexylingerie.com\/da\/wp-json\/wp\/v2\/product\/46678","targetHints":{"allow":["GET"]}}],"collection":[{"href":"https:\/\/gretasexylingerie.com\/da\/wp-json\/wp\/v2\/product"}],"about":[{"href":"https:\/\/gretasexylingerie.com\/da\/wp-json\/wp\/v2\/types\/product"}],"wp:featuredmedia":[{"embeddable":true,"href":"https:\/\/gretasexylingerie.com\/da\/wp-json\/wp\/v2\/media\/46685"}],"wp:attachment":[{"href":"https:\/\/gretasexylingerie.com\/da\/wp-json\/wp\/v2\/media?parent=46678"}],"wp:term":[{"taxonomy":"product_brand","embeddable":true,"href":"https:\/\/gretasexylingerie.com\/da\/wp-json\/wp\/v2\/product_brand?post=46678"},{"taxonomy":"product_cat","embeddable":true,"href":"https:\/\/gretasexylingerie.com\/da\/wp-json\/wp\/v2\/product_cat?post=46678"},{"taxonomy":"product_tag","embeddable":true,"href":"https:\/\/gretasexylingerie.com\/da\/wp-json\/wp\/v2\/product_tag?post=46678"}],"curies":[{"name":"wp","href":"https:\/\/api.w.org\/{rel}","templated":true}]}}