{"id":46623,"date":"2023-11-10T23:29:20","date_gmt":"2023-11-10T15:29:20","guid":{"rendered":"https:\/\/gretasexylingerie.com\/?post_type=product&#038;p=46623"},"modified":"2023-11-10T23:35:05","modified_gmt":"2023-11-10T15:35:05","slug":"engros-blonder-halter-neck-bodystocking-bodysuit","status":"publish","type":"product","link":"https:\/\/gretasexylingerie.com\/da\/products\/wholesale-lace-halter-neck-bodystocking-bodysuit\/","title":{"rendered":"Engros Blonde Halter Neck Bodystocking Bodysuit"},"content":{"rendered":"<ol class=\"wp-block-list\">\n<li><strong>Lace Halter Neck Design<\/strong>: Bodydragten har en fantastisk <strong>grime body str\u00f8mpe<\/strong> stil, lavet af indviklede blonder, der yndefuldt vikler sig om halsen og tilbyder b\u00e5de sk\u00f8nhed og komfort.<\/li>\n\n\n\n<li><strong>Sexet stort hult design<\/strong>: Omfavn forf\u00f8relsens kunst med bodyens store hule omr\u00e5der, som legende afsl\u00f8rer og skjuler, hvilket skaber en uimodst\u00e5elig visuel intrige.<\/li>\n\n\n\n<li><strong>H\u00e6klet kropsstr\u00f8mpe<\/strong>: De h\u00e6klelignende detaljer tilf\u00f8jer et strejf af h\u00e5ndlavet charme og blander traditionelle teknikker med moderne sensualitet.<\/li>\n\n\n\n<li><strong>Kinky appel<\/strong>: Perfekt til dem, der nyder lidt kink, dette <strong>kinky kropsstr\u00f8mpe<\/strong> vil helt sikkert pifte enhver intim lejlighed op.<\/li>\n\n\n\n<li><strong>Alsidig og behagelig<\/strong>: Mens den oser af sexappeal, er denne bodysuit ogs\u00e5 behagelig til l\u00e6ngerevarende brug, hvilket g\u00f8r den til en alsidig tilf\u00f8jelse til din lingerikollektion.<\/li>\n<\/ol>\n\n\n\n<p>Dyk ned i en verden af erotisk elegance med vores halter-neck bodystocking-bodysuit med blonder. Uanset om du \u00f8nsker at t\u00e6nde lidenskab eller blot f\u00f8le dig bemyndiget i din egen hud, er dette stykke et must-have. Vent ikke med at forvandle dine intime \u00f8jeblikke \u2013 f\u00f8j denne uds\u00f8gte bodysuit til din samling i dag!<\/p>","protected":false},"excerpt":{"rendered":"<p>Slip din indre forf\u00f8rer l\u00f8s med vores <strong>bodystocking med blonder i halsen<\/strong> bodysuit. Dette fortryllende stykke kombinerer tillokkelsen af sarte blonder med et vovet stort hult design, perfekt til dem, der elsker at give et modigt statement.<\/p>","protected":false},"featured_media":46634,"template":"","meta":[],"product_brand":[],"product_cat":[405,370,367,373,404,409],"product_tag":[],"class_list":{"0":"post-46623","1":"product","2":"type-product","3":"status-publish","4":"has-post-thumbnail","6":"product_cat-wholesale-bodystocking","7":"product_cat-bodysuit","8":"product_cat-sexy-lingerie","9":"product_cat-wholesale-sexy-mesh-bodysuit","10":"product_cat-sexy-stocking","11":"product_cat-wholesale-stocking-bodysuit","12":"pa_color-black","13":"pa_size-free","15":"first","16":"instock","17":"taxable","18":"shipping-taxable","19":"purchasable","20":"product-type-variable"},"tiered_pricing_type":"fixed","tiered_pricing_fixed_rules":[],"tiered_pricing_product_settings":{"layout":"default","base_unit_name":{"singular":null,"plural":null},"default_variation":{}},"tiered_pricing_minimum_quantity":null,"tiered_pricing_roles_data":[],"tiered_pricing_percentage_rules":[],"tiered_pricing_maximum_quantity":null,"tiered_pricing_quantity_step":null,"_links":{"self":[{"href":"https:\/\/gretasexylingerie.com\/da\/wp-json\/wp\/v2\/product\/46623","targetHints":{"allow":["GET"]}}],"collection":[{"href":"https:\/\/gretasexylingerie.com\/da\/wp-json\/wp\/v2\/product"}],"about":[{"href":"https:\/\/gretasexylingerie.com\/da\/wp-json\/wp\/v2\/types\/product"}],"wp:featuredmedia":[{"embeddable":true,"href":"https:\/\/gretasexylingerie.com\/da\/wp-json\/wp\/v2\/media\/46634"}],"wp:attachment":[{"href":"https:\/\/gretasexylingerie.com\/da\/wp-json\/wp\/v2\/media?parent=46623"}],"wp:term":[{"taxonomy":"product_brand","embeddable":true,"href":"https:\/\/gretasexylingerie.com\/da\/wp-json\/wp\/v2\/product_brand?post=46623"},{"taxonomy":"product_cat","embeddable":true,"href":"https:\/\/gretasexylingerie.com\/da\/wp-json\/wp\/v2\/product_cat?post=46623"},{"taxonomy":"product_tag","embeddable":true,"href":"https:\/\/gretasexylingerie.com\/da\/wp-json\/wp\/v2\/product_tag?post=46623"}],"curies":[{"name":"wp","href":"https:\/\/api.w.org\/{rel}","templated":true}]}}