{"id":46568,"date":"2023-11-09T00:39:30","date_gmt":"2023-11-08T16:39:30","guid":{"rendered":"https:\/\/gretasexylingerie.com\/?post_type=product&#038;p=46568"},"modified":"2023-11-09T00:40:25","modified_gmt":"2023-11-08T16:40:25","slug":"engros-halter-neck-blomstret-blonde-bodystocking-bodysuit","status":"publish","type":"product","link":"https:\/\/gretasexylingerie.com\/da\/products\/wholesale-halter-neck-floral-lace-bodystocking-bodysuit\/","title":{"rendered":"Engros Halter Neck Floral Lace Bodystocking Bodysuit"},"content":{"rendered":"<ol class=\"wp-block-list\">\n<li><strong>Halter Neck Design<\/strong>: Halter-neck-silhuetten af denne bodystocking-bodysuit tilbyder en dragende visning af skuldre og ryg, samtidig med at den giver en behagelig, justerbar pasform.<\/li>\n\n\n\n<li><strong>Uds\u00f8gt Jacquard<\/strong>: Udsmykket med indviklede jacquardm\u00f8nstre, dette stykke er et kunstv\u00e6rk, der tilf\u00f8jer et strejf af elegance til det provokerende design af <strong>fiskenet bodysuit<\/strong>.<\/li>\n\n\n\n<li><strong>Sexet gennemsigtig<\/strong>: Det gennemsigtige stof inviterer til et spil med afsl\u00f8ring og skjul, pirrer fantasien og h\u00e6ver varmen i ethvert intimt m\u00f8de.<\/li>\n\n\n\n<li><strong>Blomsterblondedetaljer<\/strong>: Delikat blomsterblonde v\u00e6ver gennem hele designet og giver en romantisk kontrast til det dristige fiskenet og g\u00f8r det til et <strong>hed<\/strong> valg til s\u00e6rlige n\u00e6tter.<\/li>\n\n\n\n<li><strong>Alsidig appel<\/strong>: Perfekt til lagdeling eller som et selvst\u00e6ndigt stykke, denne bodystocking er lige s\u00e5 alsidig som den er forf\u00f8rende, hvilket sikrer, at du er i centrum for opm\u00e6rksomheden.<\/li>\n<\/ol>\n\n\n\n<p>Tr\u00e6d ind i en verden, hvor fantasi m\u00f8der virkelighed med vores halter neck blomstrede blonde bodystocking. Det er mere end bare lingeri; det er et selvtillidsboost, et udsagn, en hemmelig magt. Vent ikke med at forvandle dine intime \u00f8jeblikke til uforglemmelige minder. Tilf\u00f8j dette uds\u00f8gte stykke til din samling i dag, og lad din tiltr\u00e6kning skinne igennem.<\/p>","protected":false},"excerpt":{"rendered":"<p>Omfavn tiltr\u00e6kningen af vores <strong>halter neck bodystocking<\/strong>, en hypnotiserende blanding af blomsterblonde og fiskenet, der lover at f\u00e6ngsle. Denne bodysuit er et vidnesbyrd om fristelsens kunst, lavet til dem, der v\u00e6rds\u00e6tter de finere detaljer i deres intime t\u00f8j.<\/p>","protected":false},"featured_media":46578,"template":"","meta":[],"product_brand":[],"product_cat":[405,404,409],"product_tag":[],"class_list":{"0":"post-46568","1":"product","2":"type-product","3":"status-publish","4":"has-post-thumbnail","6":"product_cat-wholesale-bodystocking","7":"product_cat-sexy-stocking","8":"product_cat-wholesale-stocking-bodysuit","9":"pa_color-black","10":"pa_size-free","12":"first","13":"instock","14":"taxable","15":"shipping-taxable","16":"purchasable","17":"product-type-variable"},"tiered_pricing_type":"fixed","tiered_pricing_fixed_rules":[],"tiered_pricing_product_settings":{"layout":"default","base_unit_name":{"singular":null,"plural":null},"default_variation":{}},"tiered_pricing_minimum_quantity":null,"tiered_pricing_roles_data":[],"tiered_pricing_percentage_rules":[],"tiered_pricing_maximum_quantity":null,"tiered_pricing_quantity_step":null,"_links":{"self":[{"href":"https:\/\/gretasexylingerie.com\/da\/wp-json\/wp\/v2\/product\/46568","targetHints":{"allow":["GET"]}}],"collection":[{"href":"https:\/\/gretasexylingerie.com\/da\/wp-json\/wp\/v2\/product"}],"about":[{"href":"https:\/\/gretasexylingerie.com\/da\/wp-json\/wp\/v2\/types\/product"}],"wp:featuredmedia":[{"embeddable":true,"href":"https:\/\/gretasexylingerie.com\/da\/wp-json\/wp\/v2\/media\/46578"}],"wp:attachment":[{"href":"https:\/\/gretasexylingerie.com\/da\/wp-json\/wp\/v2\/media?parent=46568"}],"wp:term":[{"taxonomy":"product_brand","embeddable":true,"href":"https:\/\/gretasexylingerie.com\/da\/wp-json\/wp\/v2\/product_brand?post=46568"},{"taxonomy":"product_cat","embeddable":true,"href":"https:\/\/gretasexylingerie.com\/da\/wp-json\/wp\/v2\/product_cat?post=46568"},{"taxonomy":"product_tag","embeddable":true,"href":"https:\/\/gretasexylingerie.com\/da\/wp-json\/wp\/v2\/product_tag?post=46568"}],"curies":[{"name":"wp","href":"https:\/\/api.w.org\/{rel}","templated":true}]}}