{"id":46548,"date":"2023-11-08T21:40:53","date_gmt":"2023-11-08T13:40:53","guid":{"rendered":"https:\/\/gretasexylingerie.com\/?post_type=product&#038;p=46548"},"modified":"2023-11-09T00:19:00","modified_gmt":"2023-11-08T16:19:00","slug":"engros-ryglos-mesh-bodysuit-strompe","status":"publish","type":"product","link":"https:\/\/gretasexylingerie.com\/da\/products\/wholesale-backless-mesh-bodysuit-stocking\/","title":{"rendered":"Engros Rygl\u00f8s Mesh Bodysuit Str\u00f8mpe"},"content":{"rendered":"<ol class=\"wp-block-list\">\n<li><strong>Sl\u00e5ende rygl\u00f8st design<\/strong>: Omfavn det uventedes fortryllelse med en bodysuit, der har et f\u00e6ngslende snit uden ryg, og sikrer, at alle \u00f8jne er rettet mod dig.<\/li>\n\n\n\n<li><strong>Kropsformende kontur<\/strong>: Vores <strong>kropsformende nettights<\/strong> er udviklet til at forbedre dine naturlige kurver og tilbyder b\u00e5de st\u00f8tte og et strejf af mystik med sin rene tiltr\u00e6kning.<\/li>\n\n\n\n<li><strong>Gennemsigtig elegance<\/strong>: Den brede og enkle struktur er forh\u00f8jet af sit hule, gennemsigtige materiale, hvilket giver mulighed for en dristig fremvisning af huden under det elegante mesh.<\/li>\n\n\n\n<li><strong>Rave-klar stil<\/strong>: Perfekt til en aften i byen eller en festival, dette <strong>sort mesh rave outfit<\/strong> vil helt sikkert vende hovederne og s\u00e6tte tonen for en uforglemmelig oplevelse.<\/li>\n\n\n\n<li><strong>Komfortabel og alsidig<\/strong>: Selvom den er dristig i designet, g\u00e5r denne bodystocking ikke p\u00e5 kompromis med komforten, hvilket g\u00f8r den til et alsidigt stykke til forskellige lejligheder, fra intime sammenkomster til h\u00f8jenergibegivenheder.<\/li>\n<\/ol>\n\n\n\n<p>Tr\u00e6d ind i rampelyset med vores rygl\u00f8se mesh-bodystocking, et stykke, der lover at forme, fremvise og overv\u00e6lde. Uanset om det er til en rave eller et romantisk m\u00f8de, er denne bodysuit-str\u00f8mpe din billet til et uimodst\u00e5eligt look. L\u00f8ft din garderobe med dette must-have element, og lad din selvtillid skinne igennem.<\/p>","protected":false},"excerpt":{"rendered":"<p>Afsl\u00f8r en fed erkl\u00e6ring med vores <strong>rygl\u00f8s bodystocking<\/strong>, en fusion af enkelhed og sensualitet. Denne bodysuit-str\u00f8mpe er designet til at forme og fejre din silhuet, og den har en bred, hul og gennemsigtig struktur, der fristende afsl\u00f8rer talje og ryg.<\/p>","protected":false},"featured_media":46558,"template":"","meta":[],"product_brand":[],"product_cat":[405,370,367,373,404,409],"product_tag":[],"class_list":{"0":"post-46548","1":"product","2":"type-product","3":"status-publish","4":"has-post-thumbnail","6":"product_cat-wholesale-bodystocking","7":"product_cat-bodysuit","8":"product_cat-sexy-lingerie","9":"product_cat-wholesale-sexy-mesh-bodysuit","10":"product_cat-sexy-stocking","11":"product_cat-wholesale-stocking-bodysuit","12":"pa_color-black","13":"pa_size-free","15":"first","16":"instock","17":"taxable","18":"shipping-taxable","19":"purchasable","20":"product-type-variable"},"tiered_pricing_type":"fixed","tiered_pricing_fixed_rules":[],"tiered_pricing_product_settings":{"layout":"default","base_unit_name":{"singular":null,"plural":null},"default_variation":{}},"tiered_pricing_minimum_quantity":null,"tiered_pricing_roles_data":[],"tiered_pricing_percentage_rules":[],"tiered_pricing_maximum_quantity":null,"tiered_pricing_quantity_step":null,"_links":{"self":[{"href":"https:\/\/gretasexylingerie.com\/da\/wp-json\/wp\/v2\/product\/46548","targetHints":{"allow":["GET"]}}],"collection":[{"href":"https:\/\/gretasexylingerie.com\/da\/wp-json\/wp\/v2\/product"}],"about":[{"href":"https:\/\/gretasexylingerie.com\/da\/wp-json\/wp\/v2\/types\/product"}],"wp:featuredmedia":[{"embeddable":true,"href":"https:\/\/gretasexylingerie.com\/da\/wp-json\/wp\/v2\/media\/46558"}],"wp:attachment":[{"href":"https:\/\/gretasexylingerie.com\/da\/wp-json\/wp\/v2\/media?parent=46548"}],"wp:term":[{"taxonomy":"product_brand","embeddable":true,"href":"https:\/\/gretasexylingerie.com\/da\/wp-json\/wp\/v2\/product_brand?post=46548"},{"taxonomy":"product_cat","embeddable":true,"href":"https:\/\/gretasexylingerie.com\/da\/wp-json\/wp\/v2\/product_cat?post=46548"},{"taxonomy":"product_tag","embeddable":true,"href":"https:\/\/gretasexylingerie.com\/da\/wp-json\/wp\/v2\/product_tag?post=46548"}],"curies":[{"name":"wp","href":"https:\/\/api.w.org\/{rel}","templated":true}]}}