{"id":46526,"date":"2023-11-07T00:36:03","date_gmt":"2023-11-06T16:36:03","guid":{"rendered":"https:\/\/gretasexylingerie.com\/?post_type=product&#038;p=46526"},"modified":"2023-11-07T21:56:24","modified_gmt":"2023-11-07T13:56:24","slug":"engros-udsogt-grime-fuld-bodystocking","status":"publish","type":"product","link":"https:\/\/gretasexylingerie.com\/da\/products\/wholesale-exquisite-halter-full-bodystocking\/","title":{"rendered":"Engros Uds\u00f8gt Halter Full Bodystocking"},"content":{"rendered":"<ol class=\"wp-block-list\">\n<li><strong>Elegant Halter Neck<\/strong>: Halterneck-designet p\u00e5 denne bodystocking giver ikke kun et tidl\u00f8st look, men sikrer ogs\u00e5 en behagelig pasform, der fremh\u00e6ver halsudsk\u00e6ringen og skuldrene.<\/li>\n\n\n\n<li><strong>Uds\u00f8gte Jacquard detaljer<\/strong>: Indviklede jacquardm\u00f8nstre v\u00e6ver hen over bodystockingen, der tilbyder en luksuri\u00f8s tekstur og visuel interesse, der f\u00e6ngsler og charmerer.<\/li>\n\n\n\n<li><strong>Lokkende fiskenetstr\u00f8mpebukser<\/strong>: Det klassiske netstr\u00f8mpebukseelement tilf\u00f8jer en fed og sensuel dimension til bodystockingen, hvilket g\u00f8r den til en alsidig tilf\u00f8jelse til din lingerikollektion.<\/li>\n\n\n\n<li><strong>Dristende \u00e5bent skridt<\/strong>: Designet til dem, der omfavner deres sensualitet, inviterer den \u00e5bne skridtfunktion et element af overraskelse og sp\u00e6nding ind i dine intime \u00f8jeblikke.<\/li>\n\n\n\n<li><strong>Ren helkropsd\u00e6kning<\/strong>: Som en <strong>ren helkropsstr\u00f8mpe<\/strong>, det giver en uafbrudt kontur, der smigrer hver kurve, og tilbyder en s\u00f8ml\u00f8s og provokerende visning af kroppen.<\/li>\n<\/ol>\n\n\n\n<p>Oplev tiltr\u00e6kningen ved vores uds\u00f8gte grime full bodystocking, hvor sk\u00f8nhed og beg\u00e6r fletter sig sammen. Ideel til de specielle n\u00e6tter eller som en fed underbekl\u00e6dning, det er tid til at f\u00e6ngsle og lokke. Vent ikke med at tilf\u00f8je dette fantastiske stykke til din samling \u2013 oplev det ultimative inden for forf\u00f8rende lingeri i dag.<\/p>","protected":false},"excerpt":{"rendered":"<p>Tr\u00e6d ind i et omr\u00e5de af sofistikering med vores <strong>helkrops netstr\u00f8mpe<\/strong>. Denne bodystocking i \u00e9t stykke er udformet med en dragende grimehals og prydet med uds\u00f8gte jacquarddetaljer, og er et mesterv\u00e6rk af design, der blander elegance med et strejf af vovemod gennem sin \u00e5bne skridtfunktion.<\/p>","protected":false},"featured_media":46539,"template":"","meta":[],"product_brand":[],"product_cat":[405,407,404],"product_tag":[],"class_list":{"0":"post-46526","1":"product","2":"type-product","3":"status-publish","4":"has-post-thumbnail","6":"product_cat-wholesale-bodystocking","7":"product_cat-wholesale-full-body-stocking","8":"product_cat-sexy-stocking","9":"pa_color-black","10":"pa_size-free","12":"first","13":"instock","14":"taxable","15":"shipping-taxable","16":"purchasable","17":"product-type-variable"},"tiered_pricing_type":"fixed","tiered_pricing_fixed_rules":[],"tiered_pricing_product_settings":{"layout":"default","base_unit_name":{"singular":null,"plural":null},"default_variation":null},"tiered_pricing_minimum_quantity":null,"tiered_pricing_roles_data":[],"tiered_pricing_percentage_rules":[],"tiered_pricing_maximum_quantity":null,"tiered_pricing_quantity_step":null,"_links":{"self":[{"href":"https:\/\/gretasexylingerie.com\/da\/wp-json\/wp\/v2\/product\/46526","targetHints":{"allow":["GET"]}}],"collection":[{"href":"https:\/\/gretasexylingerie.com\/da\/wp-json\/wp\/v2\/product"}],"about":[{"href":"https:\/\/gretasexylingerie.com\/da\/wp-json\/wp\/v2\/types\/product"}],"wp:featuredmedia":[{"embeddable":true,"href":"https:\/\/gretasexylingerie.com\/da\/wp-json\/wp\/v2\/media\/46539"}],"wp:attachment":[{"href":"https:\/\/gretasexylingerie.com\/da\/wp-json\/wp\/v2\/media?parent=46526"}],"wp:term":[{"taxonomy":"product_brand","embeddable":true,"href":"https:\/\/gretasexylingerie.com\/da\/wp-json\/wp\/v2\/product_brand?post=46526"},{"taxonomy":"product_cat","embeddable":true,"href":"https:\/\/gretasexylingerie.com\/da\/wp-json\/wp\/v2\/product_cat?post=46526"},{"taxonomy":"product_tag","embeddable":true,"href":"https:\/\/gretasexylingerie.com\/da\/wp-json\/wp\/v2\/product_tag?post=46526"}],"curies":[{"name":"wp","href":"https:\/\/api.w.org\/{rel}","templated":true}]}}