{"id":46514,"date":"2023-11-07T00:06:58","date_gmt":"2023-11-06T16:06:58","guid":{"rendered":"https:\/\/gretasexylingerie.com\/?post_type=product&#038;p=46514"},"modified":"2023-11-07T00:09:13","modified_gmt":"2023-11-06T16:09:13","slug":"engros-gennemsigtig-grime-fuld-bodystocking","status":"publish","type":"product","link":"https:\/\/gretasexylingerie.com\/da\/products\/wholesale-sheer-halter-full-bodystocking\/","title":{"rendered":"Engros Sheer Halter Full Bodystocking"},"content":{"rendered":"<ol class=\"wp-block-list\">\n<li><strong>Charmerende sl\u00f8jfedetalje<\/strong>: Den delikate butterfly ved brystet tilf\u00f8jer et legende touch til bodystockingen og skaber et fantastisk fokuspunkt.<\/li>\n\n\n\n<li><strong>Forf\u00f8rende Halter Neck<\/strong>: Omfavn forlokkelsen ved halterneck-designet, der tilbyder b\u00e5de st\u00f8tte og en fristende fremvisning af skuldre og ryg.<\/li>\n\n\n\n<li><strong>Deep V Jacquard m\u00f8nster<\/strong>: Det dybe V-snit, prydet med indviklet jacquard, tr\u00e6kker \u00f8jet ned, og forst\u00e6rker din naturlige silhuet med sit figur-flatrende design.<\/li>\n\n\n\n<li><strong>Ren og sk\u00e6r Fishnet Allure<\/strong>: Det rene fiskenetmateriale omslutter din krop i et sl\u00f8r af mystik og efterlader lige nok til fantasien, mens du fremh\u00e6ver din form.<\/li>\n\n\n\n<li><strong>Fuld krops elegance<\/strong>: Som en <strong>ren helkropsstr\u00f8mpe<\/strong>, det giver et s\u00f8ml\u00f8st look fra top til t\u00e5, perfekt til lagdeling eller som et fedt statement-stykke.<\/li>\n<\/ol>\n\n\n\n<p>Tr\u00e6d ind i en verden af elegance og tiltr\u00e6kning med vores rene grime-bodystocking. Perfekt til dem, der t\u00f8r bl\u00e6nde, dette stykke er et must-have til din intime t\u00f8jkollektion. L\u00f8ft din aften til en uforglemmelig oplevelse med denne uds\u00f8gte bodystocking. K\u00f8b nu og omfavn indbegrebet af forf\u00f8relse.<\/p>","protected":false},"excerpt":{"rendered":"<p>Afsl\u00f8r din indre forf\u00f8rer med vores <strong>helkrops netstr\u00f8mpe<\/strong>. Denne lokkende bodystocking i \u00e9t stykke har et hult bryst med en charmerende butterflyforbindelse, et halter-neck-design og et dybt V-jacquard-m\u00f8nster, der falder over dine kurver i et gennemsigtigt fiskenet.<\/p>","protected":false},"featured_media":46521,"template":"","meta":[],"product_brand":[],"product_cat":[405,407,404],"product_tag":[],"class_list":{"0":"post-46514","1":"product","2":"type-product","3":"status-publish","4":"has-post-thumbnail","6":"product_cat-wholesale-bodystocking","7":"product_cat-wholesale-full-body-stocking","8":"product_cat-sexy-stocking","9":"pa_color-black","10":"pa_size-free","12":"first","13":"instock","14":"taxable","15":"shipping-taxable","16":"purchasable","17":"product-type-variable"},"tiered_pricing_type":"fixed","tiered_pricing_fixed_rules":[],"tiered_pricing_product_settings":{"layout":"default","base_unit_name":{"singular":null,"plural":null},"default_variation":{}},"tiered_pricing_minimum_quantity":null,"tiered_pricing_roles_data":[],"tiered_pricing_percentage_rules":[],"tiered_pricing_maximum_quantity":null,"tiered_pricing_quantity_step":null,"_links":{"self":[{"href":"https:\/\/gretasexylingerie.com\/da\/wp-json\/wp\/v2\/product\/46514","targetHints":{"allow":["GET"]}}],"collection":[{"href":"https:\/\/gretasexylingerie.com\/da\/wp-json\/wp\/v2\/product"}],"about":[{"href":"https:\/\/gretasexylingerie.com\/da\/wp-json\/wp\/v2\/types\/product"}],"wp:featuredmedia":[{"embeddable":true,"href":"https:\/\/gretasexylingerie.com\/da\/wp-json\/wp\/v2\/media\/46521"}],"wp:attachment":[{"href":"https:\/\/gretasexylingerie.com\/da\/wp-json\/wp\/v2\/media?parent=46514"}],"wp:term":[{"taxonomy":"product_brand","embeddable":true,"href":"https:\/\/gretasexylingerie.com\/da\/wp-json\/wp\/v2\/product_brand?post=46514"},{"taxonomy":"product_cat","embeddable":true,"href":"https:\/\/gretasexylingerie.com\/da\/wp-json\/wp\/v2\/product_cat?post=46514"},{"taxonomy":"product_tag","embeddable":true,"href":"https:\/\/gretasexylingerie.com\/da\/wp-json\/wp\/v2\/product_tag?post=46514"}],"curies":[{"name":"wp","href":"https:\/\/api.w.org\/{rel}","templated":true}]}}