{"id":46503,"date":"2023-11-06T23:40:29","date_gmt":"2023-11-06T15:40:29","guid":{"rendered":"https:\/\/gretasexylingerie.com\/?post_type=product&#038;p=46503"},"modified":"2023-11-06T23:42:20","modified_gmt":"2023-11-06T15:42:20","slug":"engros-gennemsigtig-langaermet-bodysuit-strompe","status":"publish","type":"product","link":"https:\/\/gretasexylingerie.com\/da\/products\/wholesale-sheer-long-sleeve-bodysuit-stocking\/","title":{"rendered":"Engros gennemsigtig lang\u00e6rmet bodysuit str\u00f8mpe"},"content":{"rendered":"<ol class=\"wp-block-list\">\n<li><strong>Elegant lange \u00e6rmer<\/strong>: \u00c6rmerne i fuld l\u00e6ngde tilf\u00f8jer et element af ynde til denne bodysuit, hvilket g\u00f8r den til et alsidigt stykke, der er perfekt til lagdeling eller som et selvst\u00e6ndigt statement.<\/li>\n\n\n\n<li><strong>Uds\u00f8gt Jacquard Weave<\/strong>: Indviklede jacquardm\u00f8nstre v\u00e6ver gennem hele bodyen og tilbyder en luksuri\u00f8s tekstur og visuel appel.<\/li>\n\n\n\n<li><strong>Gennemsigtig buste<\/strong>: Det gennemsigtige brystomr\u00e5de sikrer et fristende kig, der blander mystik med allure for et uforglemmeligt indtryk.<\/li>\n\n\n\n<li><strong>Sofistikeret rund hals<\/strong>: Det klassiske design med rund hals giver et s\u00f8ml\u00f8st look, der er b\u00e5de stilfuldt og behageligt.<\/li>\n\n\n\n<li><strong>Sort ren elegance<\/strong>: Udformet i en tidl\u00f8s sort nuance, denne <strong>ren kropsstr\u00f8mpe<\/strong> er indbegrebet af smart, sexet sofistikering.<\/li>\n<\/ol>\n\n\n\n<p>Oplev den perfekte fusion af stil og sensualitet med vores gennemsigtige jacquard-bodysuit-str\u00f8mpe. Uanset om det er til en s\u00e6rlig lejlighed eller for at tilf\u00f8je en gnist til din hverdag, lover dette stykke at f\u00e5 dig til at f\u00f8le dig selvsikker og f\u00e6ngslende. Fork\u00e6l dig selv med luksusen ved vores bodysuit-str\u00f8mpe i dag.<\/p>","protected":false},"excerpt":{"rendered":"<p>L\u00f8ft din tiltr\u00e6kning med vores <strong>lang\u00e6rmet kropsstr\u00f8mpe<\/strong>. Designet med en gennemsigtig buste og lavet af uds\u00f8gt jacquard <strong>str\u00f8mpe bodysuit<\/strong> kombinerer elegance med forf\u00f8relse. Den runde hals og lange \u00e6rmer tilf\u00f8jer et strejf af sofistikering til den rene, lokkende silhuet.<\/p>","protected":false},"featured_media":46513,"template":"","meta":[],"product_brand":[],"product_cat":[405,404,409],"product_tag":[],"class_list":{"0":"post-46503","1":"product","2":"type-product","3":"status-publish","4":"has-post-thumbnail","6":"product_cat-wholesale-bodystocking","7":"product_cat-sexy-stocking","8":"product_cat-wholesale-stocking-bodysuit","9":"pa_color-black","10":"pa_size-free","12":"first","13":"instock","14":"taxable","15":"shipping-taxable","16":"purchasable","17":"product-type-variable"},"tiered_pricing_type":"fixed","tiered_pricing_fixed_rules":[],"tiered_pricing_product_settings":{"layout":"default","base_unit_name":{"singular":null,"plural":null},"default_variation":{}},"tiered_pricing_minimum_quantity":null,"tiered_pricing_roles_data":[],"tiered_pricing_percentage_rules":[],"tiered_pricing_maximum_quantity":null,"tiered_pricing_quantity_step":null,"_links":{"self":[{"href":"https:\/\/gretasexylingerie.com\/da\/wp-json\/wp\/v2\/product\/46503","targetHints":{"allow":["GET"]}}],"collection":[{"href":"https:\/\/gretasexylingerie.com\/da\/wp-json\/wp\/v2\/product"}],"about":[{"href":"https:\/\/gretasexylingerie.com\/da\/wp-json\/wp\/v2\/types\/product"}],"wp:featuredmedia":[{"embeddable":true,"href":"https:\/\/gretasexylingerie.com\/da\/wp-json\/wp\/v2\/media\/46513"}],"wp:attachment":[{"href":"https:\/\/gretasexylingerie.com\/da\/wp-json\/wp\/v2\/media?parent=46503"}],"wp:term":[{"taxonomy":"product_brand","embeddable":true,"href":"https:\/\/gretasexylingerie.com\/da\/wp-json\/wp\/v2\/product_brand?post=46503"},{"taxonomy":"product_cat","embeddable":true,"href":"https:\/\/gretasexylingerie.com\/da\/wp-json\/wp\/v2\/product_cat?post=46503"},{"taxonomy":"product_tag","embeddable":true,"href":"https:\/\/gretasexylingerie.com\/da\/wp-json\/wp\/v2\/product_tag?post=46503"}],"curies":[{"name":"wp","href":"https:\/\/api.w.org\/{rel}","templated":true}]}}