{"id":46475,"date":"2023-11-06T22:17:25","date_gmt":"2023-11-06T14:17:25","guid":{"rendered":"https:\/\/gretasexylingerie.com\/?post_type=product&#038;p=46475"},"modified":"2023-11-06T22:17:41","modified_gmt":"2023-11-06T14:17:41","slug":"engros-honeycomb-fiskenetkjole-med-hoj-slids","status":"publish","type":"product","link":"https:\/\/gretasexylingerie.com\/da\/products\/wholesale-honeycomb-fishnet-dress-with-high-slit\/","title":{"rendered":"Engros Honeycomb Fishnet Kjole med h\u00f8j slids"},"content":{"rendered":"<ol class=\"wp-block-list\">\n<li><strong>Lokkende fiskenetdesign<\/strong>: Vores kjole fremviser et hypnotiserende fiskenetm\u00f8nster, der giver et fristende glimt af, hvad der ligger under, perfekt til dem, der t\u00f8r intrigere.<\/li>\n\n\n\n<li><strong>Sl\u00e5ende h\u00f8j slids<\/strong>: Den h\u00f8je slids er ikke bare et statement, det er en invitation til at slippe din dristige side l\u00f8s, hvilket g\u00f8r enhver bev\u00e6gelse til en forf\u00f8relsesdans.<\/li>\n\n\n\n<li><strong>Hul gennemsigtig elegance<\/strong>: Udformet til de frygtl\u00f8se, de hule gennemsigtige detaljer hvisker l\u00f8fter om mystik og tiltr\u00e6kning, hvilket sikrer, at du er i centrum for opm\u00e6rksomheden.<\/li>\n\n\n\n<li><strong>Honeycomb fiskenetkjole<\/strong>: Det unikke honeycomb-m\u00f8nster tilf\u00f8jer et strejf af det eksotiske og adskiller dig fra m\u00e6ngden med sin karakteristiske charme.<\/li>\n\n\n\n<li><strong>Slank og sexet silhuet<\/strong>: Denne kjole omfavner dine kurver alle de rigtige steder og tilbyder en silhuet, der er lige s\u00e5 selvsikker, som den er f\u00e6ngslende.<\/li>\n<\/ol>\n\n\n\n<p>Klar til at blive uforglemmelig? Vores honeycomb fiskenetkjole er dit hemmelige v\u00e5ben til de n\u00e6tter, hvor du vil efterlade et varigt indtryk. Med sin h\u00f8je slids og gennemsigtige charme er det mere end bare en kjole \u2013 det er et statement. Vent ikke med at g\u00f8re den til din; gribe \u00f8jeblikket og rampelyset med dette fantastiske stykke.<\/p>","protected":false},"excerpt":{"rendered":"<p>L\u00f8ft din tiltr\u00e6kning med vores <strong>fiskenet stram kjole<\/strong>, en f\u00e6ngslende blanding af fed og smuk. Det her <strong>sort mesh netkjole<\/strong> har en dristig h\u00f8j slids, parret med et hult gennemsigtigt design, der lover at vende hoveder og r\u00f8re hjerter.<\/p>","protected":false},"featured_media":46482,"template":"","meta":[],"product_brand":[],"product_cat":[406,393,394,367,404],"product_tag":[],"class_list":{"0":"post-46475","1":"product","2":"type-product","3":"status-publish","4":"has-post-thumbnail","6":"product_cat-wholesale-fishnet-dress","7":"product_cat-wholesale-long-chemise","8":"product_cat-wholesale-mesh-chemise","9":"product_cat-sexy-lingerie","10":"product_cat-sexy-stocking","11":"pa_color-black","12":"pa_size-free","14":"first","15":"instock","16":"taxable","17":"shipping-taxable","18":"purchasable","19":"product-type-variable"},"tiered_pricing_type":"fixed","tiered_pricing_fixed_rules":[],"tiered_pricing_product_settings":{"layout":"default","base_unit_name":{"singular":null,"plural":null},"default_variation":null},"tiered_pricing_minimum_quantity":null,"tiered_pricing_roles_data":[],"tiered_pricing_percentage_rules":[],"tiered_pricing_maximum_quantity":null,"tiered_pricing_quantity_step":null,"_links":{"self":[{"href":"https:\/\/gretasexylingerie.com\/da\/wp-json\/wp\/v2\/product\/46475","targetHints":{"allow":["GET"]}}],"collection":[{"href":"https:\/\/gretasexylingerie.com\/da\/wp-json\/wp\/v2\/product"}],"about":[{"href":"https:\/\/gretasexylingerie.com\/da\/wp-json\/wp\/v2\/types\/product"}],"wp:featuredmedia":[{"embeddable":true,"href":"https:\/\/gretasexylingerie.com\/da\/wp-json\/wp\/v2\/media\/46482"}],"wp:attachment":[{"href":"https:\/\/gretasexylingerie.com\/da\/wp-json\/wp\/v2\/media?parent=46475"}],"wp:term":[{"taxonomy":"product_brand","embeddable":true,"href":"https:\/\/gretasexylingerie.com\/da\/wp-json\/wp\/v2\/product_brand?post=46475"},{"taxonomy":"product_cat","embeddable":true,"href":"https:\/\/gretasexylingerie.com\/da\/wp-json\/wp\/v2\/product_cat?post=46475"},{"taxonomy":"product_tag","embeddable":true,"href":"https:\/\/gretasexylingerie.com\/da\/wp-json\/wp\/v2\/product_tag?post=46475"}],"curies":[{"name":"wp","href":"https:\/\/api.w.org\/{rel}","templated":true}]}}