{"id":46454,"date":"2023-11-03T23:53:41","date_gmt":"2023-11-03T15:53:41","guid":{"rendered":"https:\/\/gretasexylingerie.com\/?post_type=product&#038;p=46454"},"modified":"2023-11-03T23:53:54","modified_gmt":"2023-11-03T15:53:54","slug":"engros-helkrops-selestrompe-med-dyb-v","status":"publish","type":"product","link":"https:\/\/gretasexylingerie.com\/da\/products\/wholesale-full-body-suspender-stocking-with-deep-v\/","title":{"rendered":"Engros helkrops selestr\u00f8mpe med dyb V"},"content":{"rendered":"<ol class=\"wp-block-list\">\n<li><strong>Uds\u00f8gte Jacquard detaljer<\/strong>: De indviklede m\u00f8nstre, der er v\u00e6vet ind i denne str\u00f8mpe, er et vidnesbyrd om dens f\u00f8rsteklasses h\u00e5ndv\u00e6rk, og tilbyder et strejf af sofistikering til din lingerikollektion.<\/li>\n\n\n\n<li><strong>Gennemsigtigt fiskenet<\/strong>: Udformet til dem, der t\u00f8r drille og lokke, giver det gennemsigtige fiskenet et pirrende glimt af, hvad der ligger under.<\/li>\n\n\n\n<li><strong>Deep V Plunge<\/strong>: Designet til at tr\u00e6kke \u00f8jet og fremh\u00e6ve dine kurver, den dybe V-udsk\u00e6ring er b\u00e5de fed og smuk.<\/li>\n\n\n\n<li><strong>\u00c5bn Ryg Elegance<\/strong>: Vend dig om for at afsl\u00f8re den fantastiske \u00e5bne ryg, en funktion, der lover at efterlade et varigt indtryk.<\/li>\n\n\n\n<li><strong>Bodystocking i fuld nylon<\/strong>: Oplev den anden hud-fornemmelse af fuld nylon, der tilbyder b\u00e5de komfort og tiltr\u00e6kning, da den omfavner hver kurve.<\/li>\n<\/ol>\n\n\n\n<p>Dyk ned i beg\u00e6rets dybder med vores helkrops selestr\u00f8mpe. Uanset om det er den kunstf\u00e6rdige afsl\u00f8ring af det dybe V eller k\u00e6rtegn af ren nylon, lover dette stykke en aften med elegance og sp\u00e6nding. Vent ikke med at h\u00e6ve din boudoir-p\u00e5kl\u00e6dning \u2013 fork\u00e6l dig selv med det ultimative udtryk for forf\u00f8relse i dag.<\/p>","protected":false},"excerpt":{"rendered":"<p>Omfavn tiltr\u00e6kningen af vores <strong>gennemsigtige str\u00f8mpebukser til hele kroppen<\/strong>, et mesterv\u00e6rk af forf\u00f8relse med sit gennemsigtige fiskenet og uds\u00f8gte jacquarddetaljer. Den runde hals og dybe V-dykning kombineret med en \u00e5ben ryg g\u00f8r dette <strong>str\u00f8mpestr\u00f8mpe<\/strong> et f\u00e6ngslende valg til enhver intim lejlighed.<\/p>","protected":false},"featured_media":46463,"template":"","meta":[],"product_brand":[],"product_cat":[405,404,410],"product_tag":[],"class_list":{"0":"post-46454","1":"product","2":"type-product","3":"status-publish","4":"has-post-thumbnail","6":"product_cat-wholesale-bodystocking","7":"product_cat-sexy-stocking","8":"product_cat-wholesale-suspender-bodystocking","9":"pa_color-black","10":"pa_size-free","12":"first","13":"instock","14":"taxable","15":"shipping-taxable","16":"purchasable","17":"product-type-variable"},"tiered_pricing_type":"fixed","tiered_pricing_fixed_rules":[],"tiered_pricing_product_settings":{"layout":"default","base_unit_name":{"singular":null,"plural":null},"default_variation":null},"tiered_pricing_minimum_quantity":null,"tiered_pricing_roles_data":[],"tiered_pricing_percentage_rules":[],"tiered_pricing_maximum_quantity":null,"tiered_pricing_quantity_step":null,"_links":{"self":[{"href":"https:\/\/gretasexylingerie.com\/da\/wp-json\/wp\/v2\/product\/46454","targetHints":{"allow":["GET"]}}],"collection":[{"href":"https:\/\/gretasexylingerie.com\/da\/wp-json\/wp\/v2\/product"}],"about":[{"href":"https:\/\/gretasexylingerie.com\/da\/wp-json\/wp\/v2\/types\/product"}],"wp:featuredmedia":[{"embeddable":true,"href":"https:\/\/gretasexylingerie.com\/da\/wp-json\/wp\/v2\/media\/46463"}],"wp:attachment":[{"href":"https:\/\/gretasexylingerie.com\/da\/wp-json\/wp\/v2\/media?parent=46454"}],"wp:term":[{"taxonomy":"product_brand","embeddable":true,"href":"https:\/\/gretasexylingerie.com\/da\/wp-json\/wp\/v2\/product_brand?post=46454"},{"taxonomy":"product_cat","embeddable":true,"href":"https:\/\/gretasexylingerie.com\/da\/wp-json\/wp\/v2\/product_cat?post=46454"},{"taxonomy":"product_tag","embeddable":true,"href":"https:\/\/gretasexylingerie.com\/da\/wp-json\/wp\/v2\/product_tag?post=46454"}],"curies":[{"name":"wp","href":"https:\/\/api.w.org\/{rel}","templated":true}]}}