{"id":46444,"date":"2023-11-03T23:18:00","date_gmt":"2023-11-03T15:18:00","guid":{"rendered":"https:\/\/gretasexylingerie.com\/?post_type=product&#038;p=46444"},"modified":"2023-11-03T23:20:04","modified_gmt":"2023-11-03T15:20:04","slug":"engros-sommerfugl-en-skulder-helkropsstrompe","status":"publish","type":"product","link":"https:\/\/gretasexylingerie.com\/da\/products\/wholesale-butterfly-one-shoulder-full-body-stocking\/","title":{"rendered":"Engros Butterfly One-Soulder Full Body Stocking"},"content":{"rendered":"<ol class=\"wp-block-list\">\n<li><strong>Sommerfugle m\u00f8nster<\/strong>: Yndefuld og elegant, sommerfuglemotivet tilf\u00f8jer et finurligt pr\u00e6g til denne forf\u00f8rende <strong>bodysuit med fiskenet til hele kroppen<\/strong>.<\/li>\n\n\n\n<li><strong>One Shoulder Design<\/strong>: Asymmetri m\u00f8der allure med en-skulder snit, der tilbyder et moderne twist p\u00e5 klassisk lingeri.<\/li>\n\n\n\n<li><strong>Gennemsigtigt fiskenet<\/strong>: Det rene materiale inviterer til et spil gemmeleg, der antyder, hvad der ligger under uden at afsl\u00f8re alt.<\/li>\n\n\n\n<li><strong>\u00c5ben skridtkomfort<\/strong>: Kombinerer praktisk med forn\u00f8jelse, det \u00e5bne skridtdesign sikrer, at du er klar til intime \u00f8jeblikke uden t\u00f8ven.<\/li>\n\n\n\n<li><strong>Fuld kropsfavnelse<\/strong>: Det her <strong>hele kroppen str\u00f8mpe<\/strong> konturer til enhver kurve og lover en nat med uh\u00e6mmet lidenskab og stil.<\/li>\n<\/ol>\n\n\n\n<p>Tr\u00e6d ind i en verden af fantasi med vores sommerfuglem\u00f8nstrede, en-skulder helkropsstr\u00f8mpe. Det er mere end lingeri; det er en indgang til din egen hemmelige have af lyst. Overgiv dig til forlokkelsen \u2013 bestil nu og forvandl en almindelig nat til en forf\u00f8relseshistorie.<\/p>","protected":false},"excerpt":{"rendered":"<p>Oplev den fortryllende tiltr\u00e6kning ved vores <strong>kropsstr\u00f8mpe i et stykke<\/strong>, prydet med et delikat sommerfuglem\u00f8nster. Denne en-skulder, gennemsigtige fiskenet bodysuit med et \u00e5bent skridtdesign forener dristighed med sk\u00f8nhed.<\/p>","protected":false},"featured_media":46452,"template":"","meta":[],"product_brand":[],"product_cat":[405,407,404],"product_tag":[],"class_list":{"0":"post-46444","1":"product","2":"type-product","3":"status-publish","4":"has-post-thumbnail","6":"product_cat-wholesale-bodystocking","7":"product_cat-wholesale-full-body-stocking","8":"product_cat-sexy-stocking","9":"pa_color-black","10":"pa_size-free","12":"first","13":"instock","14":"taxable","15":"shipping-taxable","16":"purchasable","17":"product-type-variable"},"tiered_pricing_type":"fixed","tiered_pricing_fixed_rules":[],"tiered_pricing_product_settings":{"layout":"default","base_unit_name":{"singular":null,"plural":null},"default_variation":{}},"tiered_pricing_minimum_quantity":null,"tiered_pricing_roles_data":[],"tiered_pricing_percentage_rules":[],"tiered_pricing_maximum_quantity":null,"tiered_pricing_quantity_step":null,"_links":{"self":[{"href":"https:\/\/gretasexylingerie.com\/da\/wp-json\/wp\/v2\/product\/46444","targetHints":{"allow":["GET"]}}],"collection":[{"href":"https:\/\/gretasexylingerie.com\/da\/wp-json\/wp\/v2\/product"}],"about":[{"href":"https:\/\/gretasexylingerie.com\/da\/wp-json\/wp\/v2\/types\/product"}],"wp:featuredmedia":[{"embeddable":true,"href":"https:\/\/gretasexylingerie.com\/da\/wp-json\/wp\/v2\/media\/46452"}],"wp:attachment":[{"href":"https:\/\/gretasexylingerie.com\/da\/wp-json\/wp\/v2\/media?parent=46444"}],"wp:term":[{"taxonomy":"product_brand","embeddable":true,"href":"https:\/\/gretasexylingerie.com\/da\/wp-json\/wp\/v2\/product_brand?post=46444"},{"taxonomy":"product_cat","embeddable":true,"href":"https:\/\/gretasexylingerie.com\/da\/wp-json\/wp\/v2\/product_cat?post=46444"},{"taxonomy":"product_tag","embeddable":true,"href":"https:\/\/gretasexylingerie.com\/da\/wp-json\/wp\/v2\/product_tag?post=46444"}],"curies":[{"name":"wp","href":"https:\/\/api.w.org\/{rel}","templated":true}]}}