{"id":46425,"date":"2023-11-02T00:13:21","date_gmt":"2023-11-01T16:13:21","guid":{"rendered":"https:\/\/gretasexylingerie.com\/?post_type=product&#038;p=46425"},"modified":"2023-11-02T00:14:21","modified_gmt":"2023-11-01T16:14:21","slug":"engros-pure-bodystocking-med-off-shult-design","status":"publish","type":"product","link":"https:\/\/gretasexylingerie.com\/da\/products\/wholesale-sheer-bodystocking-with-off-the-shoulder-design\/","title":{"rendered":"Engros Sheer Bodystocking med off-the-skulder design"},"content":{"rendered":"<ol class=\"wp-block-list\">\n<li><strong>Lange \u00e6rmer<\/strong>: \u00c6rmerne i fuld l\u00e6ngde tilf\u00f8jer et strejf af elegance, hvilket g\u00f8r denne bodystocking velegnet til forskellige lejligheder.<\/li>\n\n\n\n<li><strong>Off-the-Soulder Design<\/strong>: Vis dit kraveben og skuldre frem med dette lune design, der forst\u00e6rker den overordnede appel <strong>bodystocking i mesh<\/strong>.<\/li>\n\n\n\n<li><strong>Gennemsigtig sensualitet<\/strong>: Det gennemsigtige materiale lover et fristende glimt af din silhuet, hvilket sikrer, at du f\u00f8ler dig selvsikker og lokkende.<\/li>\n\n\n\n<li><strong>Strategiske udsk\u00e6ringer<\/strong>: Placeret for at fremh\u00e6ve dine kurver, tilf\u00f8jer udsk\u00e6ringerne et overraskelseselement til dette <strong>helkrops fiskenetdragt<\/strong>.<\/li>\n\n\n\n<li><strong>Materiale af h\u00f8j kvalitet<\/strong>: Vores bodystocking er lavet med omhu og lover b\u00e5de komfort og holdbarhed, hvilket sikrer, at du har det lige s\u00e5 godt, som du ser ud.<\/li>\n<\/ol>\n\n\n\n<p>Tr\u00e6d ind i en verden af elegance og forf\u00f8relse med vores off-the-skulder bodystocking. Dens unikke design og strategiske udsk\u00e6ringer lover at g\u00f8re dig til aftenens stjerne. Vent ikke \u2013 omfavn din indre diva i dag!<\/p>","protected":false},"excerpt":{"rendered":"<p>Oplev tiltr\u00e6kningen ved vores <strong>ren og sk\u00e6r bodystocking<\/strong>. Designet med lange \u00e6rmer, en off-the-skulder stil og forf\u00f8rende udsk\u00e6ringer, er dette gennemsigtige mesterv\u00e6rk indbegrebet af sensualitet.<\/p>","protected":false},"featured_media":46431,"template":"","meta":[],"product_brand":[],"product_cat":[405,404,410],"product_tag":[],"class_list":{"0":"post-46425","1":"product","2":"type-product","3":"status-publish","4":"has-post-thumbnail","6":"product_cat-wholesale-bodystocking","7":"product_cat-sexy-stocking","8":"product_cat-wholesale-suspender-bodystocking","9":"pa_color-black","10":"pa_size-free","12":"first","13":"instock","14":"taxable","15":"shipping-taxable","16":"purchasable","17":"product-type-variable"},"tiered_pricing_type":"fixed","tiered_pricing_fixed_rules":[],"tiered_pricing_product_settings":{"layout":"default","base_unit_name":{"singular":null,"plural":null},"default_variation":{}},"tiered_pricing_minimum_quantity":null,"tiered_pricing_roles_data":[],"tiered_pricing_percentage_rules":[],"tiered_pricing_maximum_quantity":null,"tiered_pricing_quantity_step":null,"_links":{"self":[{"href":"https:\/\/gretasexylingerie.com\/da\/wp-json\/wp\/v2\/product\/46425","targetHints":{"allow":["GET"]}}],"collection":[{"href":"https:\/\/gretasexylingerie.com\/da\/wp-json\/wp\/v2\/product"}],"about":[{"href":"https:\/\/gretasexylingerie.com\/da\/wp-json\/wp\/v2\/types\/product"}],"wp:featuredmedia":[{"embeddable":true,"href":"https:\/\/gretasexylingerie.com\/da\/wp-json\/wp\/v2\/media\/46431"}],"wp:attachment":[{"href":"https:\/\/gretasexylingerie.com\/da\/wp-json\/wp\/v2\/media?parent=46425"}],"wp:term":[{"taxonomy":"product_brand","embeddable":true,"href":"https:\/\/gretasexylingerie.com\/da\/wp-json\/wp\/v2\/product_brand?post=46425"},{"taxonomy":"product_cat","embeddable":true,"href":"https:\/\/gretasexylingerie.com\/da\/wp-json\/wp\/v2\/product_cat?post=46425"},{"taxonomy":"product_tag","embeddable":true,"href":"https:\/\/gretasexylingerie.com\/da\/wp-json\/wp\/v2\/product_tag?post=46425"}],"curies":[{"name":"wp","href":"https:\/\/api.w.org\/{rel}","templated":true}]}}