{"id":46415,"date":"2023-11-01T23:42:20","date_gmt":"2023-11-01T15:42:20","guid":{"rendered":"https:\/\/gretasexylingerie.com\/?post_type=product&#038;p=46415"},"modified":"2023-11-01T23:43:48","modified_gmt":"2023-11-01T15:43:48","slug":"engros-hot-fishnet-kjole-med-udsogt-jacquard","status":"publish","type":"product","link":"https:\/\/gretasexylingerie.com\/da\/products\/wholesale-hot-fishnet-dress-with-exquisite-jacquard\/","title":{"rendered":"Engros Hot Fishnet Kjole med uds\u00f8gt Jacquard"},"content":{"rendered":"<ol class=\"wp-block-list\">\n<li><strong>Lange \u00e6rmer<\/strong>: Med et strejf af elegance giver de lange \u00e6rmer en afbalanceret kontrast til kjolens gennemsigtige natur.<\/li>\n\n\n\n<li><strong>Design med rund hals<\/strong>: Den klassiske runde hals supplerer det overordnede design og tilf\u00f8jer et strejf af sofistikering til dette <strong>sort netkjole i net<\/strong>.<\/li>\n\n\n\n<li><strong>Uds\u00f8gt Jacquard<\/strong>: Det indviklede jacquardm\u00f8nster er et vidnesbyrd om vores forpligtelse til kvalitet og design, hvilket sikrer, at du skiller dig ud i enhver sammenh\u00e6ng.<\/li>\n\n\n\n<li><strong>Gennemsigtig Allure<\/strong>: Kjolens gennemsigtige design er b\u00e5de vovet og lokkende og lover at vende hovedet, uanset hvor du g\u00e5r.<\/li>\n\n\n\n<li><strong>Hofted\u00e6kkende kort nederdel<\/strong>: Det hofted\u00e6kkende design tilf\u00f8jer et legende touch til <strong>l\u00f8s netkjole<\/strong>, hvilket sikrer, at du f\u00f8ler dig selvsikker og sexet.<\/li>\n<\/ol>\n\n\n\n<p>L\u00f8ft dit aftenlook med vores uds\u00f8gte netkjole i jacquard. Dens unikke design lover at g\u00f8re dig til centrum for opm\u00e6rksomheden. Oplev den perfekte blanding af elegance og allure - bestil din nu!<\/p>","protected":false},"excerpt":{"rendered":"<p>Introduktion til vores <strong>hot fiskenet kjole<\/strong>, en perfekt blanding af elegance og allure. Med sine lange \u00e6rmer, rund hals og uds\u00f8gte jacquard er denne gennemsigtige kjole designet til at smigre og f\u00e6ngsle.<\/p>","protected":false},"featured_media":46420,"template":"","meta":[],"product_brand":[],"product_cat":[405,406,404],"product_tag":[],"class_list":{"0":"post-46415","1":"product","2":"type-product","3":"status-publish","4":"has-post-thumbnail","6":"product_cat-wholesale-bodystocking","7":"product_cat-wholesale-fishnet-dress","8":"product_cat-sexy-stocking","9":"pa_color-black","10":"pa_size-free","12":"first","13":"instock","14":"taxable","15":"shipping-taxable","16":"purchasable","17":"product-type-variable"},"tiered_pricing_type":"fixed","tiered_pricing_fixed_rules":[],"tiered_pricing_product_settings":{"layout":"default","base_unit_name":{"singular":null,"plural":null},"default_variation":{}},"tiered_pricing_minimum_quantity":null,"tiered_pricing_roles_data":[],"tiered_pricing_percentage_rules":[],"tiered_pricing_maximum_quantity":null,"tiered_pricing_quantity_step":null,"_links":{"self":[{"href":"https:\/\/gretasexylingerie.com\/da\/wp-json\/wp\/v2\/product\/46415","targetHints":{"allow":["GET"]}}],"collection":[{"href":"https:\/\/gretasexylingerie.com\/da\/wp-json\/wp\/v2\/product"}],"about":[{"href":"https:\/\/gretasexylingerie.com\/da\/wp-json\/wp\/v2\/types\/product"}],"wp:featuredmedia":[{"embeddable":true,"href":"https:\/\/gretasexylingerie.com\/da\/wp-json\/wp\/v2\/media\/46420"}],"wp:attachment":[{"href":"https:\/\/gretasexylingerie.com\/da\/wp-json\/wp\/v2\/media?parent=46415"}],"wp:term":[{"taxonomy":"product_brand","embeddable":true,"href":"https:\/\/gretasexylingerie.com\/da\/wp-json\/wp\/v2\/product_brand?post=46415"},{"taxonomy":"product_cat","embeddable":true,"href":"https:\/\/gretasexylingerie.com\/da\/wp-json\/wp\/v2\/product_cat?post=46415"},{"taxonomy":"product_tag","embeddable":true,"href":"https:\/\/gretasexylingerie.com\/da\/wp-json\/wp\/v2\/product_tag?post=46415"}],"curies":[{"name":"wp","href":"https:\/\/api.w.org\/{rel}","templated":true}]}}