{"id":46396,"date":"2023-11-01T23:09:28","date_gmt":"2023-11-01T15:09:28","guid":{"rendered":"https:\/\/gretasexylingerie.com\/?post_type=product&#038;p=46396"},"modified":"2023-11-01T23:10:30","modified_gmt":"2023-11-01T15:10:30","slug":"engros-sexet-fiskenet-body-suit-med-ryglost-design","status":"publish","type":"product","link":"https:\/\/gretasexylingerie.com\/da\/products\/wholesale-sexy-fishnet-body-suit-with-backless-design\/","title":{"rendered":"Engros sexet fiskenet kropsdragt med rygl\u00f8st design"},"content":{"rendered":"<ol class=\"wp-block-list\">\n<li><strong>Taljel\u00f8st design<\/strong>: Det unikke taljel\u00f8se snit fremh\u00e6ver dine kurver og tilbyder en flatterende silhuet, der helt sikkert vil sl\u00e5 hovedet.<\/li>\n\n\n\n<li><strong>Sexet gennemsigtigt udseende<\/strong>: Lavet med gennemsigtigt materiale, dette <strong>sexet sort bodystocking<\/strong> tilbyder en fristende kig-a-boo-effekt, hvilket g\u00f8r den til et must-have til de s\u00e6rlige n\u00e6tter.<\/li>\n\n\n\n<li><strong>Rygl\u00f8s funktion<\/strong>: Det fantastiske <strong>rygl\u00f8s bodystocking<\/strong> design tilf\u00f8jer et element af overraskelse, hvilket sikrer, at du efterlader et varigt indtryk.<\/li>\n\n\n\n<li><strong>Materiale af h\u00f8j kvalitet<\/strong>: Lavet med premium, str\u00e6kbart stof, vores bodystocking sikrer en t\u00e6tsiddende pasform, mens den giver den st\u00f8rste komfort.<\/li>\n\n\n\n<li><strong>Perfekt til enhver lejlighed<\/strong>: Uanset om det er en romantisk aften, en fest eller bare en aften i byen, er denne bodysuit-str\u00f8mpe alsidig nok til at l\u00f8fte ethvert outfit.<\/li>\n<\/ol>\n\n\n\n<p>Dyk ned i et rige af sensualitet og elegance med vores rygl\u00f8se fiskenet-bodysuit. Dens f\u00e6ngslende design og up\u00e5klagelige detaljer lover at g\u00f8re dig til aftenens stjerne. Omfavn din indre diva og bestil din i dag!<\/p>","protected":false},"excerpt":{"rendered":"<p>Afsl\u00f8r din lune side med vores <strong>sexet fiskenet body suit<\/strong>. Designet med en taljel\u00f8s og rygl\u00f8s funktion, denne bodysuit-str\u00f8mpe er den perfekte blanding af tiltr\u00e6kning og sofistikering.<\/p>","protected":false},"featured_media":46404,"template":"","meta":[],"product_brand":[],"product_cat":[405,404,409],"product_tag":[],"class_list":{"0":"post-46396","1":"product","2":"type-product","3":"status-publish","4":"has-post-thumbnail","6":"product_cat-wholesale-bodystocking","7":"product_cat-sexy-stocking","8":"product_cat-wholesale-stocking-bodysuit","9":"pa_color-black","10":"pa_size-free","12":"first","13":"instock","14":"taxable","15":"shipping-taxable","16":"purchasable","17":"product-type-variable"},"tiered_pricing_type":"fixed","tiered_pricing_fixed_rules":[],"tiered_pricing_product_settings":{"layout":"default","base_unit_name":{"singular":null,"plural":null},"default_variation":{}},"tiered_pricing_minimum_quantity":null,"tiered_pricing_roles_data":[],"tiered_pricing_percentage_rules":[],"tiered_pricing_maximum_quantity":null,"tiered_pricing_quantity_step":null,"_links":{"self":[{"href":"https:\/\/gretasexylingerie.com\/da\/wp-json\/wp\/v2\/product\/46396","targetHints":{"allow":["GET"]}}],"collection":[{"href":"https:\/\/gretasexylingerie.com\/da\/wp-json\/wp\/v2\/product"}],"about":[{"href":"https:\/\/gretasexylingerie.com\/da\/wp-json\/wp\/v2\/types\/product"}],"wp:featuredmedia":[{"embeddable":true,"href":"https:\/\/gretasexylingerie.com\/da\/wp-json\/wp\/v2\/media\/46404"}],"wp:attachment":[{"href":"https:\/\/gretasexylingerie.com\/da\/wp-json\/wp\/v2\/media?parent=46396"}],"wp:term":[{"taxonomy":"product_brand","embeddable":true,"href":"https:\/\/gretasexylingerie.com\/da\/wp-json\/wp\/v2\/product_brand?post=46396"},{"taxonomy":"product_cat","embeddable":true,"href":"https:\/\/gretasexylingerie.com\/da\/wp-json\/wp\/v2\/product_cat?post=46396"},{"taxonomy":"product_tag","embeddable":true,"href":"https:\/\/gretasexylingerie.com\/da\/wp-json\/wp\/v2\/product_tag?post=46396"}],"curies":[{"name":"wp","href":"https:\/\/api.w.org\/{rel}","templated":true}]}}