{"id":46387,"date":"2023-11-01T22:54:54","date_gmt":"2023-11-01T14:54:54","guid":{"rendered":"https:\/\/gretasexylingerie.com\/?post_type=product&#038;p=46387"},"modified":"2023-11-01T22:56:14","modified_gmt":"2023-11-01T14:56:14","slug":"engros-damenet-bodysuit-med-funklende-rhinsten","status":"publish","type":"product","link":"https:\/\/gretasexylingerie.com\/da\/products\/wholesale-womens-fishnet-bodysuit-with-sparkling-rhinestone\/","title":{"rendered":"Engros-bodysuit til kvinders fiskenet med funklende rhinsten"},"content":{"rendered":"<ol class=\"wp-block-list\">\n<li><strong>Mousserende rhinsten<\/strong>: Hver bodysuit er udsmykket med bl\u00e6ndende rhinsten, der tilf\u00f8jer et strejf af luksus og f\u00e5r dig til at skinne i alle omgivelser.<\/li>\n\n\n\n<li><strong>Lang\u00e6rmet design<\/strong>: Lavet med en <strong>fishnet bodysuit lang\u00e6rmet<\/strong> design, det tilbyder en perfekt balance mellem charme og elegance, velegnet til forskellige lejligheder.<\/li>\n\n\n\n<li><strong>Stribet m\u00f8nster<\/strong>: Det unikke stribede design tilf\u00f8jer dybde og dimension til bodyen, hvilket sikrer, at du skiller dig ud fra m\u00e6ngden.<\/li>\n\n\n\n<li><strong>Materiale af h\u00f8j kvalitet<\/strong>: Lavet med f\u00f8rsteklasses materialer, vores bodysuit er bl\u00f8d, str\u00e6kbar og sikrer en behagelig pasform, s\u00e5 du kan b\u00e6re den i l\u00e6ngere perioder.<\/li>\n\n\n\n<li><strong>Alsidigt slid<\/strong>: Uanset om det kombineres med en nederdel, jeans eller b\u00e6res som en <strong>rhinestone fiskenet outfit<\/strong>, denne bodysuit er alsidig nok til at komplementere ethvert look.<\/li>\n<\/ol>\n\n\n\n<p>Tr\u00e6d ind i en verden af luksus og elegance med vores rhinstensudsmykkede bodysuit med fiskenet. Dets unikke design og up\u00e5klagelige h\u00e5ndv\u00e6rk lover at g\u00f8re dig til centrum for opm\u00e6rksomheden. F\u00f8j dette mesterv\u00e6rk til din samling og shine som aldrig f\u00f8r!<\/p>","protected":false},"excerpt":{"rendered":"<p>L\u00f8ft din stil med vores fantastiske <strong>damenet bodysuit<\/strong>. Prydet med funklende rhinsten og med lange \u00e6rmer med et stribet design, er denne bodysuit indbegrebet af glamour og sofistikering.<\/p>","protected":false},"featured_media":46395,"template":"","meta":[],"product_brand":[],"product_cat":[405,408,404,409],"product_tag":[],"class_list":{"0":"post-46387","1":"product","2":"type-product","3":"status-publish","4":"has-post-thumbnail","6":"product_cat-wholesale-bodystocking","7":"product_cat-wholesale-rhinestone-bodystocking","8":"product_cat-sexy-stocking","9":"product_cat-wholesale-stocking-bodysuit","10":"pa_color-black","11":"pa_size-free","13":"first","14":"instock","15":"taxable","16":"shipping-taxable","17":"purchasable","18":"product-type-variable"},"tiered_pricing_type":"fixed","tiered_pricing_fixed_rules":[],"tiered_pricing_product_settings":{"layout":"default","base_unit_name":{"singular":null,"plural":null},"default_variation":{}},"tiered_pricing_minimum_quantity":null,"tiered_pricing_roles_data":[],"tiered_pricing_percentage_rules":[],"tiered_pricing_maximum_quantity":null,"tiered_pricing_quantity_step":null,"_links":{"self":[{"href":"https:\/\/gretasexylingerie.com\/da\/wp-json\/wp\/v2\/product\/46387","targetHints":{"allow":["GET"]}}],"collection":[{"href":"https:\/\/gretasexylingerie.com\/da\/wp-json\/wp\/v2\/product"}],"about":[{"href":"https:\/\/gretasexylingerie.com\/da\/wp-json\/wp\/v2\/types\/product"}],"wp:featuredmedia":[{"embeddable":true,"href":"https:\/\/gretasexylingerie.com\/da\/wp-json\/wp\/v2\/media\/46395"}],"wp:attachment":[{"href":"https:\/\/gretasexylingerie.com\/da\/wp-json\/wp\/v2\/media?parent=46387"}],"wp:term":[{"taxonomy":"product_brand","embeddable":true,"href":"https:\/\/gretasexylingerie.com\/da\/wp-json\/wp\/v2\/product_brand?post=46387"},{"taxonomy":"product_cat","embeddable":true,"href":"https:\/\/gretasexylingerie.com\/da\/wp-json\/wp\/v2\/product_cat?post=46387"},{"taxonomy":"product_tag","embeddable":true,"href":"https:\/\/gretasexylingerie.com\/da\/wp-json\/wp\/v2\/product_tag?post=46387"}],"curies":[{"name":"wp","href":"https:\/\/api.w.org\/{rel}","templated":true}]}}