{"id":46377,"date":"2023-11-01T22:39:39","date_gmt":"2023-11-01T14:39:39","guid":{"rendered":"https:\/\/gretasexylingerie.com\/?post_type=product&#038;p=46377"},"modified":"2023-11-01T23:02:54","modified_gmt":"2023-11-01T15:02:54","slug":"engros-off-the-shoulder-bodystocking-kjole-med-sexet-hult-design","status":"publish","type":"product","link":"https:\/\/gretasexylingerie.com\/da\/products\/wholesale-off-the-shoulder-bodystocking-dress-with-sexy-hollow-design\/","title":{"rendered":"Engros off-the-shulder bodystocking kjole med sexet hult design"},"content":{"rendered":"<ol class=\"wp-block-list\">\n<li><strong>Off-the-Soulder Design<\/strong>: Det runde skulderdesign tilbyder et klassisk og tidl\u00f8st look, der sikrer, at du skiller dig ud med ynde og stil i vores <strong>net lingeri kjole<\/strong>.<\/li>\n\n\n\n<li><strong>Sexede hule m\u00f8nstre<\/strong>: Indviklet designet med et unikt hult m\u00f8nster, denne kjole fanger essensen af forf\u00f8relse og mystik, der minder om en <strong>edderkoppespind kropsstr\u00f8mpe<\/strong>.<\/li>\n\n\n\n<li><strong>Hofted\u00e6kkende kort nederdel<\/strong>: Den tilf\u00f8jede korte nederdel giver et ekstra lag af allure, der perfekt komplementerer det overordnede design og forbedrer din silhuet.<\/li>\n\n\n\n<li><strong>Komfort og pasform<\/strong>: Lavet med str\u00e6kbare og \u00e5ndbare materialer, vores bodystocking-kjole lover en behagelig pasform, s\u00e5 du kan bev\u00e6ge dig med lethed og selvtillid.<\/li>\n\n\n\n<li><strong>Alsidigt slid<\/strong>: Uanset om det er til en speciel aften eller bare for at tilf\u00f8je lidt krydderi til din lingerikollektion, er denne kjole alsidig nok til enhver lejlighed.<\/li>\n<\/ol>\n\n\n\n<p>Dyk ned i en verden af elegance og sensualitet med vores off-the-shoulder bodystocking kjole. Dets unikke design og up\u00e5klagelige detaljer lover at efterlade et uforglemmeligt indtryk. G\u00e5 ikke glip af det; l\u00f8ft dit lingerispil i dag!<\/p>","protected":false},"excerpt":{"rendered":"<p>Introduktion til vores f\u00e6ngslende <strong>off the shoulder fiskenetkjole<\/strong>, designet til at afgive en erkl\u00e6ring. Med sit runde skulderdesign, lune, hule m\u00f8nstre og en hofted\u00e6kkende kort nederdel er denne bodystocking-kjole den perfekte blanding af elegance og allure.<\/p>","protected":false},"featured_media":46386,"template":"","meta":[],"product_brand":[],"product_cat":[405,406,404],"product_tag":[],"class_list":{"0":"post-46377","1":"product","2":"type-product","3":"status-publish","4":"has-post-thumbnail","6":"product_cat-wholesale-bodystocking","7":"product_cat-wholesale-fishnet-dress","8":"product_cat-sexy-stocking","9":"pa_color-black","10":"pa_size-free","12":"first","13":"instock","14":"taxable","15":"shipping-taxable","16":"purchasable","17":"product-type-variable"},"tiered_pricing_type":"fixed","tiered_pricing_fixed_rules":[],"tiered_pricing_product_settings":{"layout":"default","base_unit_name":{"singular":null,"plural":null},"default_variation":{}},"tiered_pricing_minimum_quantity":null,"tiered_pricing_roles_data":[],"tiered_pricing_percentage_rules":[],"tiered_pricing_maximum_quantity":null,"tiered_pricing_quantity_step":null,"_links":{"self":[{"href":"https:\/\/gretasexylingerie.com\/da\/wp-json\/wp\/v2\/product\/46377","targetHints":{"allow":["GET"]}}],"collection":[{"href":"https:\/\/gretasexylingerie.com\/da\/wp-json\/wp\/v2\/product"}],"about":[{"href":"https:\/\/gretasexylingerie.com\/da\/wp-json\/wp\/v2\/types\/product"}],"wp:featuredmedia":[{"embeddable":true,"href":"https:\/\/gretasexylingerie.com\/da\/wp-json\/wp\/v2\/media\/46386"}],"wp:attachment":[{"href":"https:\/\/gretasexylingerie.com\/da\/wp-json\/wp\/v2\/media?parent=46377"}],"wp:term":[{"taxonomy":"product_brand","embeddable":true,"href":"https:\/\/gretasexylingerie.com\/da\/wp-json\/wp\/v2\/product_brand?post=46377"},{"taxonomy":"product_cat","embeddable":true,"href":"https:\/\/gretasexylingerie.com\/da\/wp-json\/wp\/v2\/product_cat?post=46377"},{"taxonomy":"product_tag","embeddable":true,"href":"https:\/\/gretasexylingerie.com\/da\/wp-json\/wp\/v2\/product_tag?post=46377"}],"curies":[{"name":"wp","href":"https:\/\/api.w.org\/{rel}","templated":true}]}}