{"id":46367,"date":"2023-11-01T22:09:05","date_gmt":"2023-11-01T14:09:05","guid":{"rendered":"https:\/\/gretasexylingerie.com\/?post_type=product&#038;p=46367"},"modified":"2023-11-01T22:10:21","modified_gmt":"2023-11-01T14:10:21","slug":"engros-en-skulder-seler-bodystocking-med-jacquard","status":"publish","type":"product","link":"https:\/\/gretasexylingerie.com\/da\/products\/wholesale-one-shoulder-suspender-bodystocking-with-jacquard\/","title":{"rendered":"Engros One-Soulder Suspender Bodystocking med Jacquard"},"content":{"rendered":"<ol class=\"wp-block-list\">\n<li><strong>En-skulder design<\/strong>: Vores <strong>en skulders kropsstr\u00f8mpe<\/strong> tilbyder et moderne og smart look, der adskiller dig fra resten. Det korte \u00e6rme tilf\u00f8jer et strejf af sofistikering til det overordnede design.<\/li>\n\n\n\n<li><strong>Sort mesh materiale<\/strong>: Lavet af premium sort mesh giver denne bodystocking et fristende indblik i, hvad der er under, og sikrer, at du ser og f\u00f8ler dig uimodst\u00e5elig.<\/li>\n\n\n\n<li><strong>Hul Jacquard detaljering<\/strong>: Det indviklede, hule jacquardm\u00f8nster er ikke kun visuelt fantastisk, men tilf\u00f8jer ogs\u00e5 et strejf af luksus og elegance til bodystockingen.<\/li>\n\n\n\n<li><strong>Rygl\u00f8s elegance<\/strong>: Det forf\u00f8rende rygl\u00f8se design af denne <strong>seler kropsstr\u00f8mpe<\/strong> fremh\u00e6ver din ryg, hvilket g\u00f8r den til et perfekt valg til de s\u00e6rlige n\u00e6tter.<\/li>\n\n\n\n<li><strong>Perfekt pasform<\/strong>: Vores bodystocking er lavet af str\u00e6kbart materiale og sikrer en t\u00e6tsiddende og behagelig pasform, der fremh\u00e6ver dine kurver alle de rigtige steder.<\/li>\n<\/ol>\n\n\n\n<p>Oplev den perfekte blanding af stil og sensualitet med vores en-skulder seler bodystocking. Med sit uds\u00f8gte design og f\u00f8rsteklasses kvalitet, lover dette stykke at blive en showstopper. Bestil din i dag og omfavn din indre gudinde!<\/p>","protected":false},"excerpt":{"rendered":"<p>L\u00f8ft din lingerikollektion med vores <strong>sort mesh kropsstr\u00f8mpe<\/strong>. Dette unikke en-skulder kort\u00e6rmede design, kombineret med indviklet hul jacquard og en lummer, rygl\u00f8s funktion, er indbegrebet af elegance og sensualitet.<\/p>","protected":false},"featured_media":46375,"template":"","meta":[],"product_brand":[],"product_cat":[405,404,410],"product_tag":[],"class_list":{"0":"post-46367","1":"product","2":"type-product","3":"status-publish","4":"has-post-thumbnail","6":"product_cat-wholesale-bodystocking","7":"product_cat-sexy-stocking","8":"product_cat-wholesale-suspender-bodystocking","9":"pa_color-black","10":"pa_size-free","12":"first","13":"instock","14":"taxable","15":"shipping-taxable","16":"purchasable","17":"product-type-variable"},"tiered_pricing_type":"fixed","tiered_pricing_fixed_rules":[],"tiered_pricing_product_settings":{"layout":"default","base_unit_name":{"singular":null,"plural":null},"default_variation":{}},"tiered_pricing_minimum_quantity":null,"tiered_pricing_roles_data":[],"tiered_pricing_percentage_rules":[],"tiered_pricing_maximum_quantity":null,"tiered_pricing_quantity_step":null,"_links":{"self":[{"href":"https:\/\/gretasexylingerie.com\/da\/wp-json\/wp\/v2\/product\/46367","targetHints":{"allow":["GET"]}}],"collection":[{"href":"https:\/\/gretasexylingerie.com\/da\/wp-json\/wp\/v2\/product"}],"about":[{"href":"https:\/\/gretasexylingerie.com\/da\/wp-json\/wp\/v2\/types\/product"}],"wp:featuredmedia":[{"embeddable":true,"href":"https:\/\/gretasexylingerie.com\/da\/wp-json\/wp\/v2\/media\/46375"}],"wp:attachment":[{"href":"https:\/\/gretasexylingerie.com\/da\/wp-json\/wp\/v2\/media?parent=46367"}],"wp:term":[{"taxonomy":"product_brand","embeddable":true,"href":"https:\/\/gretasexylingerie.com\/da\/wp-json\/wp\/v2\/product_brand?post=46367"},{"taxonomy":"product_cat","embeddable":true,"href":"https:\/\/gretasexylingerie.com\/da\/wp-json\/wp\/v2\/product_cat?post=46367"},{"taxonomy":"product_tag","embeddable":true,"href":"https:\/\/gretasexylingerie.com\/da\/wp-json\/wp\/v2\/product_tag?post=46367"}],"curies":[{"name":"wp","href":"https:\/\/api.w.org\/{rel}","templated":true}]}}