{"id":46338,"date":"2023-10-31T23:33:29","date_gmt":"2023-10-31T15:33:29","guid":{"rendered":"https:\/\/gretasexylingerie.com\/?post_type=product&#038;p=46338"},"modified":"2023-10-31T23:34:33","modified_gmt":"2023-10-31T15:34:33","slug":"engros-helkrops-fiskenet-lingeri-med-abent-skridtdesign","status":"publish","type":"product","link":"https:\/\/gretasexylingerie.com\/da\/products\/wholesale-full-body-fishnet-lingerie-with-open-crotch-design\/","title":{"rendered":"Engros lingeri i hele kroppen med \u00e5bent skridtdesign"},"content":{"rendered":"<ol class=\"wp-block-list\">\n<li><strong>Fuld kropsfavnelse<\/strong>: Vores <strong>hele kroppen str\u00f8mpe<\/strong> konturerer s\u00f8ml\u00f8st til hver kurve og skaber en fristende silhuet, der er umulig at modst\u00e5.<\/li>\n\n\n\n<li><strong>\u00c5bent skridtdesign<\/strong>: L\u00f8ft drillespillet med denne dristige funktion, og s\u00f8rg for, at hvert \u00f8jeblik er fyldt med forventning og intriger.<\/li>\n\n\n\n<li><strong>Stor mesh detaljering<\/strong>: Ud over sin \u00e6stetiske tiltr\u00e6kning tilbyder det store mesh legende kig, hvilket g\u00f8r det til et hypnotiserende stykke, der p\u00e5kalder sig opm\u00e6rksomhed.<\/li>\n\n\n\n<li><strong>Halter Neck og Rygl\u00f8s<\/strong>: Fejr sk\u00f8nheden i ryggen og halsudsk\u00e6ringen med dette design, og sikrer, at hver udgang er lige s\u00e5 mindev\u00e6rdig som indgangen.<\/li>\n\n\n\n<li><strong>Super sexet appel<\/strong>: Det her <strong>sexet kropsstr\u00f8mpe uden skridt<\/strong> er ikke bare et stykke lingeri; det er en dristig erkl\u00e6ring om sensualitet og selvtillid.<\/li>\n<\/ol>\n\n\n\n<p>Fremh\u00e6v lokket ved din samling med vores helkropsstr\u00f8mpe. Den er lavet til dem, der t\u00f8r skille sig ud, og lover n\u00e6tter med uforglemmelig tiltr\u00e6kning. Lad din kundekreds omfavne deres indre fristerinde. Bestil nu og betag dit marked!<\/p>","protected":false},"excerpt":{"rendered":"<p>Afsl\u00f8r det ultimative inden for forf\u00f8rende t\u00f8j med vores <strong>hele kroppen str\u00f8mpe<\/strong>. Designet med et vovet \u00e5bent skridt og stort mesh, er dette stykke indbegrebet af tiltr\u00e6kning og sensualitet.<\/p>","protected":false},"featured_media":46347,"template":"","meta":[],"product_brand":[],"product_cat":[405,407,404],"product_tag":[],"class_list":{"0":"post-46338","1":"product","2":"type-product","3":"status-publish","4":"has-post-thumbnail","6":"product_cat-wholesale-bodystocking","7":"product_cat-wholesale-full-body-stocking","8":"product_cat-sexy-stocking","9":"pa_color-black","10":"pa_size-free","12":"first","13":"instock","14":"taxable","15":"shipping-taxable","16":"purchasable","17":"product-type-variable"},"tiered_pricing_type":"fixed","tiered_pricing_fixed_rules":[],"tiered_pricing_product_settings":{"layout":"default","base_unit_name":{"singular":null,"plural":null},"default_variation":{}},"tiered_pricing_minimum_quantity":null,"tiered_pricing_roles_data":[],"tiered_pricing_percentage_rules":[],"tiered_pricing_maximum_quantity":null,"tiered_pricing_quantity_step":null,"_links":{"self":[{"href":"https:\/\/gretasexylingerie.com\/da\/wp-json\/wp\/v2\/product\/46338","targetHints":{"allow":["GET"]}}],"collection":[{"href":"https:\/\/gretasexylingerie.com\/da\/wp-json\/wp\/v2\/product"}],"about":[{"href":"https:\/\/gretasexylingerie.com\/da\/wp-json\/wp\/v2\/types\/product"}],"wp:featuredmedia":[{"embeddable":true,"href":"https:\/\/gretasexylingerie.com\/da\/wp-json\/wp\/v2\/media\/46347"}],"wp:attachment":[{"href":"https:\/\/gretasexylingerie.com\/da\/wp-json\/wp\/v2\/media?parent=46338"}],"wp:term":[{"taxonomy":"product_brand","embeddable":true,"href":"https:\/\/gretasexylingerie.com\/da\/wp-json\/wp\/v2\/product_brand?post=46338"},{"taxonomy":"product_cat","embeddable":true,"href":"https:\/\/gretasexylingerie.com\/da\/wp-json\/wp\/v2\/product_cat?post=46338"},{"taxonomy":"product_tag","embeddable":true,"href":"https:\/\/gretasexylingerie.com\/da\/wp-json\/wp\/v2\/product_tag?post=46338"}],"curies":[{"name":"wp","href":"https:\/\/api.w.org\/{rel}","templated":true}]}}