{"id":46328,"date":"2023-10-31T23:04:16","date_gmt":"2023-10-31T15:04:16","guid":{"rendered":"https:\/\/gretasexylingerie.com\/?post_type=product&#038;p=46328"},"modified":"2023-10-31T23:05:27","modified_gmt":"2023-10-31T15:05:27","slug":"engros-ren-hvid-strompe-med-dybt-v-ryglost-design","status":"publish","type":"product","link":"https:\/\/gretasexylingerie.com\/da\/products\/wholesale-sheer-white-stocking-with-deep-v-backless-design\/","title":{"rendered":"Engros gennemsigtig hvid str\u00f8mpe med dybt V-rygl\u00f8st design"},"content":{"rendered":"<ol class=\"wp-block-list\">\n<li><strong>Ren hvid elegance<\/strong>: Den uber\u00f8rte hvide nuance udstr\u00e5ler en ren og \u00e6terisk charme, hvilket g\u00f8r det til et alsidigt stykke til forskellige lejligheder. Dens rene natur tilf\u00f8jer et strejf af mystik og tiltr\u00e6kning, hvilket sikrer, at b\u00e6reren skiller sig ud.<\/li>\n\n\n\n<li><strong>Gennemsigtig forf\u00f8relse<\/strong>: Udformet til at drille og friste, det gennemsigtige stof sikrer, at b\u00e6reren f\u00f8ler sig tillokkende og uimodst\u00e5elig. Det er det ideelle valg for dem, der \u00f8nsker at komme med et modigt statement.<\/li>\n\n\n\n<li><strong>Deep V Backless Design<\/strong>: Denne sensuelle funktion fremh\u00e6ver ryggen og giver et fristende kig. Det er den perfekte blanding af elegance og forf\u00f8relse, hvilket g\u00f8r den til et must-have til enhver samling.<\/li>\n\n\n\n<li><strong>Rem design<\/strong>: Det indviklede stropdesign giver ikke kun st\u00f8tte, men tilf\u00f8jer ogs\u00e5 et strejf af sofistikering til bodystockingen. Det er en subtil, men effektiv m\u00e5de at l\u00f8fte det overordnede design p\u00e5.<\/li>\n\n\n\n<li><strong>Nylon af h\u00f8j kvalitet<\/strong>: Lavet med f\u00f8rsteklasses nylon, denne bodysuit-str\u00f8mpe er bl\u00f8d at r\u00f8re ved og behagelig at have p\u00e5. Den er holdbar og designet til at holde, hvilket sikrer, at kunderne f\u00e5r v\u00e6rdi for pengene.<\/li>\n<\/ol>\n\n\n\n<p>Tr\u00e6d ind i et rige af elegance og sensualitet. Vores bodysuit-str\u00f8mpe er ikke bare et stykke t\u00f8j; det er et udsagn. Med sin rene tiltr\u00e6kning og dybe V-rygl\u00f8se design, lad din kundekreds omfavne deres indre diva. L\u00f8ft din samling og bestil nu!<\/p>","protected":false},"excerpt":{"rendered":"<p>Introduktion til vores <strong>gennemsigtig nylon bodystocking<\/strong> i uber\u00f8rt hvid. En f\u00e6ngslende blanding af elegance og charme, dette <strong>sexet nylon bodysuit<\/strong> er designet til at afgive en erkl\u00e6ring.<\/p>","protected":false},"featured_media":46337,"template":"","meta":[],"product_brand":[],"product_cat":[405,370,404,409],"product_tag":[],"class_list":{"0":"post-46328","1":"product","2":"type-product","3":"status-publish","4":"has-post-thumbnail","6":"product_cat-wholesale-bodystocking","7":"product_cat-bodysuit","8":"product_cat-sexy-stocking","9":"product_cat-wholesale-stocking-bodysuit","10":"pa_color-white","11":"pa_size-free","13":"first","14":"instock","15":"taxable","16":"shipping-taxable","17":"purchasable","18":"product-type-variable"},"tiered_pricing_type":"fixed","tiered_pricing_fixed_rules":[],"tiered_pricing_product_settings":{"layout":"default","base_unit_name":{"singular":null,"plural":null},"default_variation":{}},"tiered_pricing_minimum_quantity":null,"tiered_pricing_roles_data":[],"tiered_pricing_percentage_rules":[],"tiered_pricing_maximum_quantity":null,"tiered_pricing_quantity_step":null,"_links":{"self":[{"href":"https:\/\/gretasexylingerie.com\/da\/wp-json\/wp\/v2\/product\/46328","targetHints":{"allow":["GET"]}}],"collection":[{"href":"https:\/\/gretasexylingerie.com\/da\/wp-json\/wp\/v2\/product"}],"about":[{"href":"https:\/\/gretasexylingerie.com\/da\/wp-json\/wp\/v2\/types\/product"}],"wp:featuredmedia":[{"embeddable":true,"href":"https:\/\/gretasexylingerie.com\/da\/wp-json\/wp\/v2\/media\/46337"}],"wp:attachment":[{"href":"https:\/\/gretasexylingerie.com\/da\/wp-json\/wp\/v2\/media?parent=46328"}],"wp:term":[{"taxonomy":"product_brand","embeddable":true,"href":"https:\/\/gretasexylingerie.com\/da\/wp-json\/wp\/v2\/product_brand?post=46328"},{"taxonomy":"product_cat","embeddable":true,"href":"https:\/\/gretasexylingerie.com\/da\/wp-json\/wp\/v2\/product_cat?post=46328"},{"taxonomy":"product_tag","embeddable":true,"href":"https:\/\/gretasexylingerie.com\/da\/wp-json\/wp\/v2\/product_tag?post=46328"}],"curies":[{"name":"wp","href":"https:\/\/api.w.org\/{rel}","templated":true}]}}