{"id":46318,"date":"2023-10-31T22:38:22","date_gmt":"2023-10-31T14:38:22","guid":{"rendered":"https:\/\/gretasexylingerie.com\/?post_type=product&#038;p=46318"},"modified":"2023-10-31T22:50:42","modified_gmt":"2023-10-31T14:50:42","slug":"engros-en-skulder-rod-rhinestone-bodystocking-kjole","status":"publish","type":"product","link":"https:\/\/gretasexylingerie.com\/da\/products\/wholesale-one-shoulder-red-rhinestone-bodystocking-dress\/","title":{"rendered":"Engros One-Soulder Red Rhinestone Bodystocking Dress"},"content":{"rendered":"<ol class=\"wp-block-list\">\n<li><strong>Skridtl\u00f8st design<\/strong>: Et vovet og provokerende indslag, der tilf\u00f8jer et element af overraskelse. Det sikrer, at b\u00e6reren f\u00f8ler sig selvsikker og bemyndiget, hvilket g\u00f8r den til et topvalg til de specielle \u00f8jeblikke.<\/li>\n\n\n\n<li><strong>Halter hals og rygl\u00f8s<\/strong>: Dette design fremh\u00e6ver skuldrene og ryggen og giver en sensuel silhuet. Det er den perfekte blanding af elegance og forf\u00f8relse, hvilket g\u00f8r den til et must-have til enhver samling.<\/li>\n\n\n\n<li><strong>Jacquard m\u00f8nster<\/strong>: Indviklet og detaljeret, dette m\u00f8nster tilf\u00f8jer et strejf af sofistikering til bodystockingen. Det er en subtil, men effektiv m\u00e5de at l\u00f8fte det overordnede design p\u00e5.<\/li>\n\n\n\n<li><strong>Sexet gennemsigtigt materiale<\/strong>: Udformet til at drille og friste, det gennemsigtige stof sikrer, at b\u00e6reren f\u00f8ler sig tillokkende og uimodst\u00e5elig. Det er det ideelle valg for dem, der \u00f8nsker at komme med et modigt statement.<\/li>\n\n\n\n<li><strong>Alsidig appel<\/strong>: Uanset om det er til en speciel lejlighed eller bare en aften, er denne bodystocking alsidig nok til at passe til ethvert hum\u00f8r. Lad dine kunder omfavne deres indre forf\u00f8rer med dette f\u00e6ngslende stykke.<\/li>\n<\/ol>\n\n\n\n<p>Afsl\u00f8r en verden af forf\u00f8relse og elegance. Denne bodystocking er mere end blot en bekl\u00e6dningsgenstand; det er en oplevelse. Med sit vovede skridtl\u00f8se design og indviklede jacquardm\u00f8nster, lad din kundekreds v\u00e6re indbegrebet af tiltr\u00e6kning. Dyk ned i fristelsens verden, og fyld op nu!<\/p>","protected":false},"excerpt":{"rendered":"<p>Oplys din samling med vores one-shoulder <strong>fiskenet kjole r\u00f8d<\/strong>. Prydet med skinnende rhinsten er denne kjole indbegrebet af en <strong>fiskenet festival outfit<\/strong> med et strejf af elegance.<\/p>","protected":false},"featured_media":46327,"template":"","meta":[],"product_brand":[],"product_cat":[405,406,408,404],"product_tag":[],"class_list":{"0":"post-46318","1":"product","2":"type-product","3":"status-publish","4":"has-post-thumbnail","6":"product_cat-wholesale-bodystocking","7":"product_cat-wholesale-fishnet-dress","8":"product_cat-wholesale-rhinestone-bodystocking","9":"product_cat-sexy-stocking","10":"pa_color-black","11":"pa_size-free","13":"first","14":"instock","15":"taxable","16":"shipping-taxable","17":"purchasable","18":"product-type-variable"},"tiered_pricing_type":"fixed","tiered_pricing_fixed_rules":[],"tiered_pricing_product_settings":{"layout":"default","base_unit_name":{"singular":null,"plural":null},"default_variation":{}},"tiered_pricing_minimum_quantity":null,"tiered_pricing_roles_data":[],"tiered_pricing_percentage_rules":[],"tiered_pricing_maximum_quantity":null,"tiered_pricing_quantity_step":null,"_links":{"self":[{"href":"https:\/\/gretasexylingerie.com\/da\/wp-json\/wp\/v2\/product\/46318","targetHints":{"allow":["GET"]}}],"collection":[{"href":"https:\/\/gretasexylingerie.com\/da\/wp-json\/wp\/v2\/product"}],"about":[{"href":"https:\/\/gretasexylingerie.com\/da\/wp-json\/wp\/v2\/types\/product"}],"wp:featuredmedia":[{"embeddable":true,"href":"https:\/\/gretasexylingerie.com\/da\/wp-json\/wp\/v2\/media\/46327"}],"wp:attachment":[{"href":"https:\/\/gretasexylingerie.com\/da\/wp-json\/wp\/v2\/media?parent=46318"}],"wp:term":[{"taxonomy":"product_brand","embeddable":true,"href":"https:\/\/gretasexylingerie.com\/da\/wp-json\/wp\/v2\/product_brand?post=46318"},{"taxonomy":"product_cat","embeddable":true,"href":"https:\/\/gretasexylingerie.com\/da\/wp-json\/wp\/v2\/product_cat?post=46318"},{"taxonomy":"product_tag","embeddable":true,"href":"https:\/\/gretasexylingerie.com\/da\/wp-json\/wp\/v2\/product_tag?post=46318"}],"curies":[{"name":"wp","href":"https:\/\/api.w.org\/{rel}","templated":true}]}}